{"id":7925,"date":"2013-10-10T15:55:33","date_gmt":"2013-10-10T15:55:33","guid":{"rendered":"http:\/\/destinocastillayleon.es\/index\/?page_id=7925"},"modified":"2018-04-13T07:58:09","modified_gmt":"2018-04-13T05:58:09","slug":"vinos-tintos","status":"publish","type":"page","link":"https:\/\/destinocastillayleon.es\/index\/turismo-enologico\/paladea\/vinos-tintos\/","title":{"rendered":"Vinos tintos"},"content":{"rendered":"<p>[vc_row][vc_column][vc_raw_html]JTNDaW1nJTIwY2xhc3MlM0QlMjJhbGlnbmNlbnRlciUyMiUyMHRpdGxlJTNEJTIydmlub3MlMjB0aW50b3MlMjBkZSUyMENhc3RpbGxhJTIweSUyMExlJUMzJUIzbiUyMiUyMGFsdCUzRCUyMnZpbm9zJTIwdGludG9zJTIwZGUlMjBDYXN0aWxsYSUyMHklMjBMZSVDMyVCM24lMjIlMjBzcmMlM0QlMjJodHRwJTNBJTJGJTJGZGVzdGlub2Nhc3RpbGxheWxlb24uZXMlMkZpbmRleCUyRndwLWNvbnRlbnQlMkZ1cGxvYWRzJTJGMjAxMyUyRjEwJTJGVmlub3NfdGludG9zXzQuanBnJTIyJTIwd2lkdGglM0QlMjIxMDAlMjUlMjIlM0UlMEE=[\/vc_raw_html][vc_empty_space][vc_column_text]<\/p>\n<h1>Conoce nuestras impresiones catando <strong>vinos tintos<\/strong> procedentes de bodegas de Castilla y Le\u00f3n.<\/h1>\n<p>[\/vc_column_text][vc_empty_space][vc_empty_space][mnky_posts_grid grid_layout=\u00bbmpg-layout-6&#8243; label_hide=\u00bboff\u00bb cat_hide=\u00bboff\u00bb comments_hide=\u00bboff\u00bb views_hide=\u00bboff\u00bb post_format_hide=\u00bboff\u00bb post_format_text_hide=\u00bboff\u00bb no_duplicate=\u00bbyes\u00bb post_type=\u00bbpost\u00bb category_1=\u00bbvino_tinto\u00bb category_2=\u00bbvino_tinto\u00bb category_3=\u00bbvino_tinto\u00bb category_4=\u00bbvino_tinto\u00bb][\/vc_column][\/vc_row][vc_row][vc_column width=\u00bb5\/6&#8243;][vc_empty_space][mnky_posts column_layout=\u00bbcolumn-count-3&#8243; content_type=\u00bbexcerpt\u00bb label_hide=\u00bboff\u00bb rating_hide=\u00bboff\u00bb cat_hide=\u00bboff\u00bb author_hide=\u00bboff\u00bb date_hide=\u00bboff\u00bb post_format_hide=\u00bboff\u00bb no_duplicate=\u00bbyes\u00bb posts_per_page=\u00bb30&#8243; taxonomy=\u00bbcategory\u00bb el_id=\u00bb1523597437026-ad909f90-eb44&#8243; category=\u00bbvino_tinto\u00bb][\/vc_column][vc_column width=\u00bb1\/6&#8243;][vc_empty_space][vc_widget_sidebar sidebar_id=\u00bbcs-10&#8243;][\/vc_column][\/vc_row]<\/p>\n","protected":false},"excerpt":{"rendered":"<p>[vc_row][vc_column][vc_raw_html]JTNDaW1nJTIwY2xhc3MlM0QlMjJhbGlnbmNlbnRlciUyMiUyMHRpdGxlJTNEJTIydmlub3MlMjB0aW50b3MlMjBkZSUyMENhc3RpbGxhJTIweSUyMExlJUMzJUIzbiUyMiUyMGFsdCUzRCUyMnZpbm9zJTIwdGludG9zJTIwZGUlMjBDYXN0aWxsYSUyMHklMjBMZSVDMyVCM24lMjIlMjBzcmMlM0QlMjJodHRwJTNBJTJGJTJGZGVzdGlub2Nhc3RpbGxheWxlb24uZXMlMkZpbmRleCUyRndwLWNvbnRlbnQlMkZ1cGxvYWRzJTJGMjAxMyUyRjEwJTJGVmlub3NfdGludG9zXzQuanBnJTIyJTIwd2lkdGglM0QlMjIxMDAlMjUlMjIlM0UlMEE=[\/vc_raw_html][vc_empty_space][vc_column_text] Conoce nuestras impresiones catando vinos tintos procedentes de bodegas de Castilla y Le\u00f3n. [\/vc_column_text][vc_empty_space][vc_empty_space][mnky_posts_grid grid_layout=\u00bbmpg-layout-6&#8243; label_hide=\u00bboff\u00bb cat_hide=\u00bboff\u00bb comments_hide=\u00bboff\u00bb views_hide=\u00bboff\u00bb post_format_hide=\u00bboff\u00bb post_format_text_hide=\u00bboff\u00bb no_duplicate=\u00bbyes\u00bb post_type=\u00bbpost\u00bb category_1=\u00bbvino_tinto\u00bb category_2=\u00bbvino_tinto\u00bb category_3=\u00bbvino_tinto\u00bb category_4=\u00bbvino_tinto\u00bb][\/vc_column][\/vc_row][vc_row][vc_column width=\u00bb5\/6&#8243;][vc_empty_space][mnky_posts column_layout=\u00bbcolumn-count-3&#8243; content_type=\u00bbexcerpt\u00bb label_hide=\u00bboff\u00bb rating_hide=\u00bboff\u00bb cat_hide=\u00bboff\u00bb author_hide=\u00bboff\u00bb date_hide=\u00bboff\u00bb post_format_hide=\u00bboff\u00bb no_duplicate=\u00bbyes\u00bb posts_per_page=\u00bb30&#8243; taxonomy=\u00bbcategory\u00bb el_id=\u00bb1523597437026-ad909f90-eb44&#8243; category=\u00bbvino_tinto\u00bb][\/vc_column][vc_column width=\u00bb1\/6&#8243;][vc_empty_space][vc_widget_sidebar sidebar_id=\u00bbcs-10&#8243;][\/vc_column][\/vc_row]<\/p>\n","protected":false},"author":9,"featured_media":7948,"parent":3415,"menu_order":0,"comment_status":"open","ping_status":"closed","template":"","meta":{"rop_custom_images_group":[],"rop_custom_messages_group":[],"rop_publish_now":"initial","rop_publish_now_accounts":{"twitter_1150954226_1150954226":""},"rop_publish_now_history":[],"rop_publish_now_status":"pending","footnotes":""},"class_list":["post-7925","page","type-page","status-publish","has-post-thumbnail","hentry"],"yoast_head":"<!-- This site is optimized with the Yoast SEO Premium plugin v20.4 (Yoast SEO v27.4) - https:\/\/yoast.com\/product\/yoast-seo-premium-wordpress\/ -->\n<title>Vinos tintos - Destino Castilla y Le\u00f3n<\/title>\n<meta name=\"robots\" content=\"index, follow, max-snippet:-1, max-image-preview:large, max-video-preview:-1\" \/>\n<link rel=\"canonical\" href=\"https:\/\/destinocastillayleon.es\/index\/turismo-enologico\/paladea\/vinos-tintos\/\" \/>\n<meta property=\"og:locale\" content=\"es_ES\" \/>\n<meta property=\"og:type\" content=\"article\" \/>\n<meta property=\"og:title\" content=\"Vinos tintos\" \/>\n<meta property=\"og:description\" content=\"[vc_row][vc_column][vc_raw_html]JTNDaW1nJTIwY2xhc3MlM0QlMjJhbGlnbmNlbnRlciUyMiUyMHRpdGxlJTNEJTIydmlub3MlMjB0aW50b3MlMjBkZSUyMENhc3RpbGxhJTIweSUyMExlJUMzJUIzbiUyMiUyMGFsdCUzRCUyMnZpbm9zJTIwdGludG9zJTIwZGUlMjBDYXN0aWxsYSUyMHklMjBMZSVDMyVCM24lMjIlMjBzcmMlM0QlMjJodHRwJTNBJTJGJTJGZGVzdGlub2Nhc3RpbGxheWxlb24uZXMlMkZpbmRleCUyRndwLWNvbnRlbnQlMkZ1cGxvYWRzJTJGMjAxMyUyRjEwJTJGVmlub3NfdGludG9zXzQuanBnJTIyJTIwd2lkdGglM0QlMjIxMDAlMjUlMjIlM0UlMEE=[\/vc_raw_html][vc_empty_space][vc_column_text] Conoce nuestras impresiones catando vinos tintos procedentes de bodegas de Castilla y Le\u00f3n. [\/vc_column_text][vc_empty_space][vc_empty_space][mnky_posts_grid grid_layout=\u00bbmpg-layout-6&#8243; label_hide=\u00bboff\u00bb cat_hide=\u00bboff\u00bb comments_hide=\u00bboff\u00bb views_hide=\u00bboff\u00bb post_format_hide=\u00bboff\u00bb post_format_text_hide=\u00bboff\u00bb no_duplicate=\u00bbyes\u00bb post_type=\u00bbpost\u00bb category_1=\u00bbvino_tinto\u00bb category_2=\u00bbvino_tinto\u00bb category_3=\u00bbvino_tinto\u00bb category_4=\u00bbvino_tinto\u00bb][\/vc_column][\/vc_row][vc_row][vc_column width=\u00bb5\/6&#8243;][vc_empty_space][mnky_posts column_layout=\u00bbcolumn-count-3&#8243; content_type=\u00bbexcerpt\u00bb label_hide=\u00bboff\u00bb rating_hide=\u00bboff\u00bb cat_hide=\u00bboff\u00bb author_hide=\u00bboff\u00bb date_hide=\u00bboff\u00bb post_format_hide=\u00bboff\u00bb no_duplicate=\u00bbyes\u00bb posts_per_page=\u00bb30&#8243; taxonomy=\u00bbcategory\u00bb el_id=\u00bb1523597437026-ad909f90-eb44&#8243; category=\u00bbvino_tinto\u00bb][\/vc_column][vc_column width=\u00bb1\/6&#8243;][vc_empty_space][vc_widget_sidebar sidebar_id=\u00bbcs-10&#8243;][\/vc_column][\/vc_row]\" \/>\n<meta property=\"og:url\" content=\"https:\/\/destinocastillayleon.es\/index\/turismo-enologico\/paladea\/vinos-tintos\/\" \/>\n<meta property=\"og:site_name\" content=\"Destino Castilla y Le\u00f3n\" \/>\n<meta property=\"article:publisher\" content=\"https:\/\/www.facebook.com\/DestinoCastillaYLeon\/\" \/>\n<meta property=\"article:modified_time\" content=\"2018-04-13T05:58:09+00:00\" \/>\n<meta property=\"og:image\" content=\"https:\/\/destinocastillayleon.es\/index\/wp-content\/uploads\/2013\/10\/Vinos_tintos_4.jpg\" \/>\n\t<meta property=\"og:image:width\" content=\"850\" \/>\n\t<meta property=\"og:image:height\" content=\"213\" \/>\n\t<meta property=\"og:image:type\" content=\"image\/jpeg\" \/>\n<meta name=\"twitter:card\" content=\"summary_large_image\" \/>\n<meta name=\"twitter:site\" content=\"@destinocyl\" \/>\n<meta name=\"twitter:label1\" content=\"Tiempo de lectura\" \/>\n\t<meta name=\"twitter:data1\" content=\"1 minuto\" \/>\n<script type=\"application\/ld+json\" class=\"yoast-schema-graph\">{\"@context\":\"https:\\\/\\\/schema.org\",\"@graph\":[{\"@type\":\"WebPage\",\"@id\":\"https:\\\/\\\/destinocastillayleon.es\\\/index\\\/turismo-enologico\\\/paladea\\\/vinos-tintos\\\/\",\"url\":\"https:\\\/\\\/destinocastillayleon.es\\\/index\\\/turismo-enologico\\\/paladea\\\/vinos-tintos\\\/\",\"name\":\"Vinos tintos - Destino Castilla y Le\u00f3n\",\"isPartOf\":{\"@id\":\"https:\\\/\\\/destinocastillayleon.es\\\/index\\\/#website\"},\"primaryImageOfPage\":{\"@id\":\"https:\\\/\\\/destinocastillayleon.es\\\/index\\\/turismo-enologico\\\/paladea\\\/vinos-tintos\\\/#primaryimage\"},\"image\":{\"@id\":\"https:\\\/\\\/destinocastillayleon.es\\\/index\\\/turismo-enologico\\\/paladea\\\/vinos-tintos\\\/#primaryimage\"},\"thumbnailUrl\":\"https:\\\/\\\/destinocastillayleon.es\\\/index\\\/wp-content\\\/uploads\\\/2013\\\/10\\\/Vinos_tintos_4.jpg\",\"datePublished\":\"2013-10-10T15:55:33+00:00\",\"dateModified\":\"2018-04-13T05:58:09+00:00\",\"breadcrumb\":{\"@id\":\"https:\\\/\\\/destinocastillayleon.es\\\/index\\\/turismo-enologico\\\/paladea\\\/vinos-tintos\\\/#breadcrumb\"},\"inLanguage\":\"es\",\"potentialAction\":[{\"@type\":\"ReadAction\",\"target\":[\"https:\\\/\\\/destinocastillayleon.es\\\/index\\\/turismo-enologico\\\/paladea\\\/vinos-tintos\\\/\"]}]},{\"@type\":\"ImageObject\",\"inLanguage\":\"es\",\"@id\":\"https:\\\/\\\/destinocastillayleon.es\\\/index\\\/turismo-enologico\\\/paladea\\\/vinos-tintos\\\/#primaryimage\",\"url\":\"https:\\\/\\\/destinocastillayleon.es\\\/index\\\/wp-content\\\/uploads\\\/2013\\\/10\\\/Vinos_tintos_4.jpg\",\"contentUrl\":\"https:\\\/\\\/destinocastillayleon.es\\\/index\\\/wp-content\\\/uploads\\\/2013\\\/10\\\/Vinos_tintos_4.jpg\",\"width\":850,\"height\":213,\"caption\":\"vinos tintos\"},{\"@type\":\"BreadcrumbList\",\"@id\":\"https:\\\/\\\/destinocastillayleon.es\\\/index\\\/turismo-enologico\\\/paladea\\\/vinos-tintos\\\/#breadcrumb\",\"itemListElement\":[{\"@type\":\"ListItem\",\"position\":1,\"name\":\"Portada\",\"item\":\"https:\\\/\\\/destinocastillayleon.es\\\/index\\\/\"},{\"@type\":\"ListItem\",\"position\":2,\"name\":\"Turismo enol\u00f3gico\",\"item\":\"https:\\\/\\\/destinocastillayleon.es\\\/index\\\/turismo-enologico\\\/\"},{\"@type\":\"ListItem\",\"position\":3,\"name\":\"Paladea\",\"item\":\"https:\\\/\\\/destinocastillayleon.es\\\/index\\\/turismo-enologico\\\/paladea\\\/\"},{\"@type\":\"ListItem\",\"position\":4,\"name\":\"Vinos tintos\"}]},{\"@type\":\"WebSite\",\"@id\":\"https:\\\/\\\/destinocastillayleon.es\\\/index\\\/#website\",\"url\":\"https:\\\/\\\/destinocastillayleon.es\\\/index\\\/\",\"name\":\"Destino Castilla y Le\u00f3n\",\"description\":\"Medio digital independiente y revista de Castilla y Le\u00f3n dedicado al turismo, gastronom\u00eda y vino de Castilla y Le\u00f3n\",\"potentialAction\":[{\"@type\":\"SearchAction\",\"target\":{\"@type\":\"EntryPoint\",\"urlTemplate\":\"https:\\\/\\\/destinocastillayleon.es\\\/index\\\/?s={search_term_string}\"},\"query-input\":{\"@type\":\"PropertyValueSpecification\",\"valueRequired\":true,\"valueName\":\"search_term_string\"}}],\"inLanguage\":\"es\"}]}<\/script>\n<!-- \/ Yoast SEO Premium plugin. -->","yoast_head_json":{"title":"Vinos tintos - Destino Castilla y Le\u00f3n","robots":{"index":"index","follow":"follow","max-snippet":"max-snippet:-1","max-image-preview":"max-image-preview:large","max-video-preview":"max-video-preview:-1"},"canonical":"https:\/\/destinocastillayleon.es\/index\/turismo-enologico\/paladea\/vinos-tintos\/","og_locale":"es_ES","og_type":"article","og_title":"Vinos tintos","og_description":"[vc_row][vc_column][vc_raw_html]JTNDaW1nJTIwY2xhc3MlM0QlMjJhbGlnbmNlbnRlciUyMiUyMHRpdGxlJTNEJTIydmlub3MlMjB0aW50b3MlMjBkZSUyMENhc3RpbGxhJTIweSUyMExlJUMzJUIzbiUyMiUyMGFsdCUzRCUyMnZpbm9zJTIwdGludG9zJTIwZGUlMjBDYXN0aWxsYSUyMHklMjBMZSVDMyVCM24lMjIlMjBzcmMlM0QlMjJodHRwJTNBJTJGJTJGZGVzdGlub2Nhc3RpbGxheWxlb24uZXMlMkZpbmRleCUyRndwLWNvbnRlbnQlMkZ1cGxvYWRzJTJGMjAxMyUyRjEwJTJGVmlub3NfdGludG9zXzQuanBnJTIyJTIwd2lkdGglM0QlMjIxMDAlMjUlMjIlM0UlMEE=[\/vc_raw_html][vc_empty_space][vc_column_text] Conoce nuestras impresiones catando vinos tintos procedentes de bodegas de Castilla y Le\u00f3n. [\/vc_column_text][vc_empty_space][vc_empty_space][mnky_posts_grid grid_layout=\u00bbmpg-layout-6&#8243; label_hide=\u00bboff\u00bb cat_hide=\u00bboff\u00bb comments_hide=\u00bboff\u00bb views_hide=\u00bboff\u00bb post_format_hide=\u00bboff\u00bb post_format_text_hide=\u00bboff\u00bb no_duplicate=\u00bbyes\u00bb post_type=\u00bbpost\u00bb category_1=\u00bbvino_tinto\u00bb category_2=\u00bbvino_tinto\u00bb category_3=\u00bbvino_tinto\u00bb category_4=\u00bbvino_tinto\u00bb][\/vc_column][\/vc_row][vc_row][vc_column width=\u00bb5\/6&#8243;][vc_empty_space][mnky_posts column_layout=\u00bbcolumn-count-3&#8243; content_type=\u00bbexcerpt\u00bb label_hide=\u00bboff\u00bb rating_hide=\u00bboff\u00bb cat_hide=\u00bboff\u00bb author_hide=\u00bboff\u00bb date_hide=\u00bboff\u00bb post_format_hide=\u00bboff\u00bb no_duplicate=\u00bbyes\u00bb posts_per_page=\u00bb30&#8243; taxonomy=\u00bbcategory\u00bb el_id=\u00bb1523597437026-ad909f90-eb44&#8243; category=\u00bbvino_tinto\u00bb][\/vc_column][vc_column width=\u00bb1\/6&#8243;][vc_empty_space][vc_widget_sidebar sidebar_id=\u00bbcs-10&#8243;][\/vc_column][\/vc_row]","og_url":"https:\/\/destinocastillayleon.es\/index\/turismo-enologico\/paladea\/vinos-tintos\/","og_site_name":"Destino Castilla y Le\u00f3n","article_publisher":"https:\/\/www.facebook.com\/DestinoCastillaYLeon\/","article_modified_time":"2018-04-13T05:58:09+00:00","og_image":[{"width":850,"height":213,"url":"https:\/\/destinocastillayleon.es\/index\/wp-content\/uploads\/2013\/10\/Vinos_tintos_4.jpg","type":"image\/jpeg"}],"twitter_card":"summary_large_image","twitter_site":"@destinocyl","twitter_misc":{"Tiempo de lectura":"1 minuto"},"schema":{"@context":"https:\/\/schema.org","@graph":[{"@type":"WebPage","@id":"https:\/\/destinocastillayleon.es\/index\/turismo-enologico\/paladea\/vinos-tintos\/","url":"https:\/\/destinocastillayleon.es\/index\/turismo-enologico\/paladea\/vinos-tintos\/","name":"Vinos tintos - Destino Castilla y Le\u00f3n","isPartOf":{"@id":"https:\/\/destinocastillayleon.es\/index\/#website"},"primaryImageOfPage":{"@id":"https:\/\/destinocastillayleon.es\/index\/turismo-enologico\/paladea\/vinos-tintos\/#primaryimage"},"image":{"@id":"https:\/\/destinocastillayleon.es\/index\/turismo-enologico\/paladea\/vinos-tintos\/#primaryimage"},"thumbnailUrl":"https:\/\/destinocastillayleon.es\/index\/wp-content\/uploads\/2013\/10\/Vinos_tintos_4.jpg","datePublished":"2013-10-10T15:55:33+00:00","dateModified":"2018-04-13T05:58:09+00:00","breadcrumb":{"@id":"https:\/\/destinocastillayleon.es\/index\/turismo-enologico\/paladea\/vinos-tintos\/#breadcrumb"},"inLanguage":"es","potentialAction":[{"@type":"ReadAction","target":["https:\/\/destinocastillayleon.es\/index\/turismo-enologico\/paladea\/vinos-tintos\/"]}]},{"@type":"ImageObject","inLanguage":"es","@id":"https:\/\/destinocastillayleon.es\/index\/turismo-enologico\/paladea\/vinos-tintos\/#primaryimage","url":"https:\/\/destinocastillayleon.es\/index\/wp-content\/uploads\/2013\/10\/Vinos_tintos_4.jpg","contentUrl":"https:\/\/destinocastillayleon.es\/index\/wp-content\/uploads\/2013\/10\/Vinos_tintos_4.jpg","width":850,"height":213,"caption":"vinos tintos"},{"@type":"BreadcrumbList","@id":"https:\/\/destinocastillayleon.es\/index\/turismo-enologico\/paladea\/vinos-tintos\/#breadcrumb","itemListElement":[{"@type":"ListItem","position":1,"name":"Portada","item":"https:\/\/destinocastillayleon.es\/index\/"},{"@type":"ListItem","position":2,"name":"Turismo enol\u00f3gico","item":"https:\/\/destinocastillayleon.es\/index\/turismo-enologico\/"},{"@type":"ListItem","position":3,"name":"Paladea","item":"https:\/\/destinocastillayleon.es\/index\/turismo-enologico\/paladea\/"},{"@type":"ListItem","position":4,"name":"Vinos tintos"}]},{"@type":"WebSite","@id":"https:\/\/destinocastillayleon.es\/index\/#website","url":"https:\/\/destinocastillayleon.es\/index\/","name":"Destino Castilla y Le\u00f3n","description":"Medio digital independiente y revista de Castilla y Le\u00f3n dedicado al turismo, gastronom\u00eda y vino de Castilla y Le\u00f3n","potentialAction":[{"@type":"SearchAction","target":{"@type":"EntryPoint","urlTemplate":"https:\/\/destinocastillayleon.es\/index\/?s={search_term_string}"},"query-input":{"@type":"PropertyValueSpecification","valueRequired":true,"valueName":"search_term_string"}}],"inLanguage":"es"}]}},"_links":{"self":[{"href":"https:\/\/destinocastillayleon.es\/index\/wp-json\/wp\/v2\/pages\/7925","targetHints":{"allow":["GET"]}}],"collection":[{"href":"https:\/\/destinocastillayleon.es\/index\/wp-json\/wp\/v2\/pages"}],"about":[{"href":"https:\/\/destinocastillayleon.es\/index\/wp-json\/wp\/v2\/types\/page"}],"author":[{"embeddable":true,"href":"https:\/\/destinocastillayleon.es\/index\/wp-json\/wp\/v2\/users\/9"}],"replies":[{"embeddable":true,"href":"https:\/\/destinocastillayleon.es\/index\/wp-json\/wp\/v2\/comments?post=7925"}],"version-history":[{"count":14,"href":"https:\/\/destinocastillayleon.es\/index\/wp-json\/wp\/v2\/pages\/7925\/revisions"}],"predecessor-version":[{"id":27963,"href":"https:\/\/destinocastillayleon.es\/index\/wp-json\/wp\/v2\/pages\/7925\/revisions\/27963"}],"up":[{"embeddable":true,"href":"https:\/\/destinocastillayleon.es\/index\/wp-json\/wp\/v2\/pages\/3415"}],"wp:featuredmedia":[{"embeddable":true,"href":"https:\/\/destinocastillayleon.es\/index\/wp-json\/wp\/v2\/media\/7948"}],"wp:attachment":[{"href":"https:\/\/destinocastillayleon.es\/index\/wp-json\/wp\/v2\/media?parent=7925"}],"curies":[{"name":"wp","href":"https:\/\/api.w.org\/{rel}","templated":true}]}}