{"id":7531,"date":"2013-10-01T12:27:14","date_gmt":"2013-10-01T12:27:14","guid":{"rendered":"http:\/\/destinocastillayleon.es\/index\/?page_id=7531"},"modified":"2016-01-20T11:01:39","modified_gmt":"2016-01-20T10:01:39","slug":"entradas-realizadas-por-silvia-lazaro","status":"publish","type":"page","link":"https:\/\/destinocastillayleon.es\/index\/entradas-realizadas-por-silvia-lazaro\/","title":{"rendered":"Entradas realizadas por Silvia L\u00e1zaro"},"content":{"rendered":"","protected":false},"excerpt":{"rendered":"","protected":false},"author":2,"featured_media":0,"parent":0,"menu_order":0,"comment_status":"open","ping_status":"closed","template":"template-homepage.php","meta":{"rop_custom_images_group":[],"rop_custom_messages_group":[],"rop_publish_now":"initial","rop_publish_now_accounts":{"twitter_1150954226_1150954226":""},"rop_publish_now_history":[],"rop_publish_now_status":"pending","footnotes":""},"class_list":["post-7531","page","type-page","status-publish","hentry"],"yoast_head":"<!-- This site is optimized with the Yoast SEO Premium plugin v20.4 (Yoast SEO v27.4) - https:\/\/yoast.com\/product\/yoast-seo-premium-wordpress\/ -->\n<title>Entradas realizadas por Silvia L\u00e1zaro - Destino Castilla y Le\u00f3n<\/title>\n<meta name=\"description\" content=\"Entradas realizadas por Silvia L\u00e1zaro\" \/>\n<meta name=\"robots\" content=\"index, follow, max-snippet:-1, max-image-preview:large, max-video-preview:-1\" \/>\n<link rel=\"canonical\" href=\"https:\/\/destinocastillayleon.es\/index\/entradas-realizadas-por-silvia-lazaro\/\" \/>\n<meta property=\"og:locale\" content=\"es_ES\" \/>\n<meta property=\"og:type\" content=\"article\" \/>\n<meta property=\"og:title\" content=\"Entradas realizadas por Silvia L\u00e1zaro\" \/>\n<meta property=\"og:description\" content=\"Entradas realizadas por Silvia L\u00e1zaro\" \/>\n<meta property=\"og:url\" content=\"https:\/\/destinocastillayleon.es\/index\/entradas-realizadas-por-silvia-lazaro\/\" \/>\n<meta property=\"og:site_name\" content=\"Destino Castilla y Le\u00f3n\" \/>\n<meta property=\"article:publisher\" content=\"https:\/\/www.facebook.com\/DestinoCastillaYLeon\/\" \/>\n<meta property=\"article:modified_time\" content=\"2016-01-20T10:01:39+00:00\" \/>\n<meta name=\"twitter:card\" content=\"summary_large_image\" \/>\n<meta name=\"twitter:site\" content=\"@destinocyl\" \/>\n<script type=\"application\/ld+json\" class=\"yoast-schema-graph\">{\"@context\":\"https:\\\/\\\/schema.org\",\"@graph\":[{\"@type\":\"WebPage\",\"@id\":\"https:\\\/\\\/destinocastillayleon.es\\\/index\\\/entradas-realizadas-por-silvia-lazaro\\\/\",\"url\":\"https:\\\/\\\/destinocastillayleon.es\\\/index\\\/entradas-realizadas-por-silvia-lazaro\\\/\",\"name\":\"Entradas realizadas por Silvia L\u00e1zaro - Destino Castilla y Le\u00f3n\",\"isPartOf\":{\"@id\":\"https:\\\/\\\/destinocastillayleon.es\\\/index\\\/#website\"},\"datePublished\":\"2013-10-01T12:27:14+00:00\",\"dateModified\":\"2016-01-20T10:01:39+00:00\",\"description\":\"Entradas realizadas por Silvia L\u00e1zaro\",\"breadcrumb\":{\"@id\":\"https:\\\/\\\/destinocastillayleon.es\\\/index\\\/entradas-realizadas-por-silvia-lazaro\\\/#breadcrumb\"},\"inLanguage\":\"es\",\"potentialAction\":[{\"@type\":\"ReadAction\",\"target\":[\"https:\\\/\\\/destinocastillayleon.es\\\/index\\\/entradas-realizadas-por-silvia-lazaro\\\/\"]}]},{\"@type\":\"BreadcrumbList\",\"@id\":\"https:\\\/\\\/destinocastillayleon.es\\\/index\\\/entradas-realizadas-por-silvia-lazaro\\\/#breadcrumb\",\"itemListElement\":[{\"@type\":\"ListItem\",\"position\":1,\"name\":\"Portada\",\"item\":\"https:\\\/\\\/destinocastillayleon.es\\\/index\\\/\"},{\"@type\":\"ListItem\",\"position\":2,\"name\":\"Entradas realizadas por Silvia L\u00e1zaro\"}]},{\"@type\":\"WebSite\",\"@id\":\"https:\\\/\\\/destinocastillayleon.es\\\/index\\\/#website\",\"url\":\"https:\\\/\\\/destinocastillayleon.es\\\/index\\\/\",\"name\":\"Destino Castilla y Le\u00f3n\",\"description\":\"Medio digital independiente y revista de Castilla y Le\u00f3n dedicado al turismo, gastronom\u00eda y vino de Castilla y Le\u00f3n\",\"potentialAction\":[{\"@type\":\"SearchAction\",\"target\":{\"@type\":\"EntryPoint\",\"urlTemplate\":\"https:\\\/\\\/destinocastillayleon.es\\\/index\\\/?s={search_term_string}\"},\"query-input\":{\"@type\":\"PropertyValueSpecification\",\"valueRequired\":true,\"valueName\":\"search_term_string\"}}],\"inLanguage\":\"es\"}]}<\/script>\n<!-- \/ Yoast SEO Premium plugin. -->","yoast_head_json":{"title":"Entradas realizadas por Silvia L\u00e1zaro - Destino Castilla y Le\u00f3n","description":"Entradas realizadas por Silvia L\u00e1zaro","robots":{"index":"index","follow":"follow","max-snippet":"max-snippet:-1","max-image-preview":"max-image-preview:large","max-video-preview":"max-video-preview:-1"},"canonical":"https:\/\/destinocastillayleon.es\/index\/entradas-realizadas-por-silvia-lazaro\/","og_locale":"es_ES","og_type":"article","og_title":"Entradas realizadas por Silvia L\u00e1zaro","og_description":"Entradas realizadas por Silvia L\u00e1zaro","og_url":"https:\/\/destinocastillayleon.es\/index\/entradas-realizadas-por-silvia-lazaro\/","og_site_name":"Destino Castilla y Le\u00f3n","article_publisher":"https:\/\/www.facebook.com\/DestinoCastillaYLeon\/","article_modified_time":"2016-01-20T10:01:39+00:00","twitter_card":"summary_large_image","twitter_site":"@destinocyl","schema":{"@context":"https:\/\/schema.org","@graph":[{"@type":"WebPage","@id":"https:\/\/destinocastillayleon.es\/index\/entradas-realizadas-por-silvia-lazaro\/","url":"https:\/\/destinocastillayleon.es\/index\/entradas-realizadas-por-silvia-lazaro\/","name":"Entradas realizadas por Silvia L\u00e1zaro - Destino Castilla y Le\u00f3n","isPartOf":{"@id":"https:\/\/destinocastillayleon.es\/index\/#website"},"datePublished":"2013-10-01T12:27:14+00:00","dateModified":"2016-01-20T10:01:39+00:00","description":"Entradas realizadas por Silvia L\u00e1zaro","breadcrumb":{"@id":"https:\/\/destinocastillayleon.es\/index\/entradas-realizadas-por-silvia-lazaro\/#breadcrumb"},"inLanguage":"es","potentialAction":[{"@type":"ReadAction","target":["https:\/\/destinocastillayleon.es\/index\/entradas-realizadas-por-silvia-lazaro\/"]}]},{"@type":"BreadcrumbList","@id":"https:\/\/destinocastillayleon.es\/index\/entradas-realizadas-por-silvia-lazaro\/#breadcrumb","itemListElement":[{"@type":"ListItem","position":1,"name":"Portada","item":"https:\/\/destinocastillayleon.es\/index\/"},{"@type":"ListItem","position":2,"name":"Entradas realizadas por Silvia L\u00e1zaro"}]},{"@type":"WebSite","@id":"https:\/\/destinocastillayleon.es\/index\/#website","url":"https:\/\/destinocastillayleon.es\/index\/","name":"Destino Castilla y Le\u00f3n","description":"Medio digital independiente y revista de Castilla y Le\u00f3n dedicado al turismo, gastronom\u00eda y vino de Castilla y Le\u00f3n","potentialAction":[{"@type":"SearchAction","target":{"@type":"EntryPoint","urlTemplate":"https:\/\/destinocastillayleon.es\/index\/?s={search_term_string}"},"query-input":{"@type":"PropertyValueSpecification","valueRequired":true,"valueName":"search_term_string"}}],"inLanguage":"es"}]}},"_links":{"self":[{"href":"https:\/\/destinocastillayleon.es\/index\/wp-json\/wp\/v2\/pages\/7531","targetHints":{"allow":["GET"]}}],"collection":[{"href":"https:\/\/destinocastillayleon.es\/index\/wp-json\/wp\/v2\/pages"}],"about":[{"href":"https:\/\/destinocastillayleon.es\/index\/wp-json\/wp\/v2\/types\/page"}],"author":[{"embeddable":true,"href":"https:\/\/destinocastillayleon.es\/index\/wp-json\/wp\/v2\/users\/2"}],"replies":[{"embeddable":true,"href":"https:\/\/destinocastillayleon.es\/index\/wp-json\/wp\/v2\/comments?post=7531"}],"version-history":[{"count":1,"href":"https:\/\/destinocastillayleon.es\/index\/wp-json\/wp\/v2\/pages\/7531\/revisions"}],"predecessor-version":[{"id":7533,"href":"https:\/\/destinocastillayleon.es\/index\/wp-json\/wp\/v2\/pages\/7531\/revisions\/7533"}],"wp:attachment":[{"href":"https:\/\/destinocastillayleon.es\/index\/wp-json\/wp\/v2\/media?parent=7531"}],"curies":[{"name":"wp","href":"https:\/\/api.w.org\/{rel}","templated":true}]}}