{"id":69,"date":"2013-01-11T20:53:39","date_gmt":"2013-01-11T20:53:39","guid":{"rendered":"http:\/\/destinocastillayleon.es\/index\/?page_id=69"},"modified":"2016-01-20T11:25:55","modified_gmt":"2016-01-20T10:25:55","slug":"contacta-con-nosotros","status":"publish","type":"page","link":"https:\/\/destinocastillayleon.es\/index\/contacta-con-nosotros\/","title":{"rendered":"Contacta con nosotros"},"content":{"rendered":"<p><H2>Contacta con Destino Castilla y Leon usando el email<\/h2>\n<p>Si quieres ponerte en contacto con nosotros, puedes hacerlo utilizando el siguiente formulario, o bien escribiendonos un email a <a title=\"admin@destinocastillayleon.es\" href=\"mailto:admin@destinocastillayleon.es\" target=\"_blank\">admin@destinocastillayleon.es<\/a>.\n<\/p>\n<p><H2>Contacta con Destino Castilla y Leon usando el formulario<\/h2>\n<p>Contacta con Destino Castilla y Leon rellenando el siguiente <strong>formulario de contacto: <\/strong><\/p>\n<form action=\"mailto:publicidad@destinocastillayleon.es\" enctype=\"text\/plain\" method=\"post\">\n&nbsp; &nbsp; &nbsp; &nbsp; &nbsp; &nbsp; &nbsp; &nbsp; &nbsp; &nbsp; &nbsp; Nombre: <input type=\"text\" maxlength=\"150\" name=\"nombre\" size=\"45\" \/><\/p>\n<p>&nbsp; &nbsp; &nbsp; &nbsp; &nbsp; &nbsp; &nbsp; &nbsp; &nbsp; &nbsp; Apellidos: <input type=\"text\" maxlength=\"150\" name=\"apellidos\" size=\"45\" \/><\/p>\n<p>&nbsp; &nbsp; &nbsp;Correo electr\u00f3nico: <input type=\"text\" maxlength=\"250\" name=\"correo\" size=\"45\" value=\"@\" \/><\/p>\n<p>&nbsp; &nbsp; &nbsp; &nbsp; &nbsp; &nbsp; &nbsp; &nbsp; &nbsp; &nbsp; &nbsp; &nbsp; &nbsp; &nbsp; &nbsp; &nbsp; &nbsp; &nbsp; &nbsp; Escriba aqu\u00ed su mensaje:<br \/>\n&nbsp; &nbsp; &nbsp; &nbsp; &nbsp; &nbsp; &nbsp; &nbsp; &nbsp; &nbsp; &nbsp; &nbsp; &nbsp; &nbsp; &nbsp; &nbsp; &nbsp; &nbsp; <textarea cols=\"45\" name=\"opinion\" rows=\"5\">Escriba aqu\u00ed su mensaje&#8230;<\/textarea><\/p>\n<table width=\"50%\" border=\"0\" cellspacing=\"0\" cellpadding=\"10\" align=\"center\">\n<tbody>\n<tr>\n<td>\n<div align=\"center\"><input type=\"submit\" value=\"Enviar formulario\" \/><\/div>\n<\/td>\n<td>\n<div align=\"center\"><input type=\"Reset\" value=\"Borrar formulario\" \/><\/div>\n<\/td>\n<\/tr>\n<\/tbody>\n<\/table>\n<\/form>\n<p>&nbsp;<\/p>\n<p>Encuentranos tambi\u00e9n en:<\/p>\n<p><a title=\"Destino CyL en Facebook\" href=\"http:\/\/www.facebook.com\/DestinoCastillaYLeon\" target=\"_blank\"><img decoding=\"async\" alt=\"Logo Facebook\" src=\"http:\/\/destinocastillayleon.es\/index\/wp-content\/uploads\/2013\/02\/Logo_Facebook-1024x1024.png\" width=\"20\" \/><span style=\"color: #ff9100;\"> Destino CyL en Facebook<\/span><\/a><\/p>\n<p><a href=\"https:\/\/twitter.com\/DestinoCyL\" target=\"_blank\"><img decoding=\"async\" alt=\"Logo Twitter\" src=\"http:\/\/destinocastillayleon.es\/index\/wp-content\/uploads\/2013\/02\/Logo_Twitter-1024x1024.png\" width=\"20\/\" \/> <span style=\"color: #ff9100;\">@Destino CyL en Twitter<\/span><\/a><\/p>\n","protected":false},"excerpt":{"rendered":"<p>Contacta con Destino Castilla y Leon usando el email Si quieres ponerte en contacto con nosotros, puedes hacerlo utilizando el siguiente formulario, o bien escribiendonos un email a admin@destinocastillayleon.es. Contacta con Destino Castilla y Leon usando el formulario Contacta con Destino Castilla y Leon rellenando el siguiente formulario de contacto: &nbsp; &nbsp; &nbsp; &nbsp; &nbsp; &nbsp; &nbsp; &nbsp; &nbsp; &nbsp; &nbsp; Nombre: &nbsp; &nbsp; &nbsp; &nbsp; &nbsp; &nbsp; &nbsp; &nbsp; &nbsp; &nbsp; Apellidos: &nbsp; &nbsp; &nbsp;Correo electr\u00f3nico: &nbsp; &nbsp; &nbsp; &nbsp; &nbsp; &nbsp; &nbsp; &nbsp; &nbsp; &nbsp; &nbsp; &nbsp; &nbsp; &nbsp; &nbsp; &nbsp; &nbsp; &nbsp; &nbsp; Escriba aqu\u00ed su mensaje: &nbsp; &nbsp; &nbsp; &nbsp; &nbsp; &nbsp; &nbsp; &nbsp; &nbsp; &nbsp; &hellip; <\/p>\n","protected":false},"author":2,"featured_media":6571,"parent":0,"menu_order":0,"comment_status":"closed","ping_status":"closed","template":"","meta":{"rop_custom_images_group":[],"rop_custom_messages_group":[],"rop_publish_now":"initial","rop_publish_now_accounts":{"twitter_1150954226_1150954226":""},"rop_publish_now_history":[],"rop_publish_now_status":"pending","footnotes":""},"class_list":["post-69","page","type-page","status-publish","has-post-thumbnail","hentry"],"yoast_head":"<!-- This site is optimized with the Yoast SEO Premium plugin v20.4 (Yoast SEO v27.4) - https:\/\/yoast.com\/product\/yoast-seo-premium-wordpress\/ -->\n<title>Contacta con Destino Castilla y Leon por email<\/title>\n<meta name=\"description\" content=\"Contacta con Destino Castilla y Leon si lo necesitas usando el formulario o atrav\u00e9s del email o las Redes Sociales, te responderemos lo antes posible\" \/>\n<meta name=\"robots\" content=\"index, follow, max-snippet:-1, max-image-preview:large, max-video-preview:-1\" \/>\n<link rel=\"canonical\" href=\"https:\/\/destinocastillayleon.es\/index\/contacta-con-nosotros\/\" \/>\n<meta property=\"og:locale\" content=\"es_ES\" \/>\n<meta property=\"og:type\" content=\"article\" \/>\n<meta property=\"og:title\" content=\"Contacta con nosotros\" \/>\n<meta property=\"og:description\" content=\"Contacta con Destino Castilla y Leon si lo necesitas usando el formulario o atrav\u00e9s del email o las Redes Sociales\" \/>\n<meta property=\"og:url\" content=\"https:\/\/destinocastillayleon.es\/index\/contacta-con-nosotros\/\" \/>\n<meta property=\"og:site_name\" content=\"Destino Castilla y Le\u00f3n\" \/>\n<meta property=\"article:publisher\" content=\"https:\/\/www.facebook.com\/DestinoCastillaYLeon\/\" \/>\n<meta property=\"article:modified_time\" content=\"2016-01-20T10:25:55+00:00\" \/>\n<meta property=\"og:image\" content=\"https:\/\/destinocastillayleon.es\/index\/wp-content\/uploads\/2013\/08\/Portada-Contactao-con-nosotros.jpg\" \/>\n\t<meta property=\"og:image:width\" content=\"500\" \/>\n\t<meta property=\"og:image:height\" content=\"125\" \/>\n\t<meta property=\"og:image:type\" content=\"image\/jpeg\" \/>\n<meta name=\"twitter:card\" content=\"summary_large_image\" \/>\n<meta name=\"twitter:site\" content=\"@destinocyl\" \/>\n<meta name=\"twitter:label1\" content=\"Tiempo de lectura\" \/>\n\t<meta name=\"twitter:data1\" content=\"1 minuto\" \/>\n<script type=\"application\/ld+json\" class=\"yoast-schema-graph\">{\"@context\":\"https:\\\/\\\/schema.org\",\"@graph\":[{\"@type\":\"WebPage\",\"@id\":\"https:\\\/\\\/destinocastillayleon.es\\\/index\\\/contacta-con-nosotros\\\/\",\"url\":\"https:\\\/\\\/destinocastillayleon.es\\\/index\\\/contacta-con-nosotros\\\/\",\"name\":\"Contacta con Destino Castilla y Leon por email\",\"isPartOf\":{\"@id\":\"https:\\\/\\\/destinocastillayleon.es\\\/index\\\/#website\"},\"primaryImageOfPage\":{\"@id\":\"https:\\\/\\\/destinocastillayleon.es\\\/index\\\/contacta-con-nosotros\\\/#primaryimage\"},\"image\":{\"@id\":\"https:\\\/\\\/destinocastillayleon.es\\\/index\\\/contacta-con-nosotros\\\/#primaryimage\"},\"thumbnailUrl\":\"https:\\\/\\\/destinocastillayleon.es\\\/index\\\/wp-content\\\/uploads\\\/2013\\\/08\\\/Portada-Contactao-con-nosotros.jpg\",\"datePublished\":\"2013-01-11T20:53:39+00:00\",\"dateModified\":\"2016-01-20T10:25:55+00:00\",\"description\":\"Contacta con Destino Castilla y Leon si lo necesitas usando el formulario o atrav\u00e9s del email o las Redes Sociales, te responderemos lo antes posible\",\"breadcrumb\":{\"@id\":\"https:\\\/\\\/destinocastillayleon.es\\\/index\\\/contacta-con-nosotros\\\/#breadcrumb\"},\"inLanguage\":\"es\",\"potentialAction\":[{\"@type\":\"ReadAction\",\"target\":[\"https:\\\/\\\/destinocastillayleon.es\\\/index\\\/contacta-con-nosotros\\\/\"]}]},{\"@type\":\"ImageObject\",\"inLanguage\":\"es\",\"@id\":\"https:\\\/\\\/destinocastillayleon.es\\\/index\\\/contacta-con-nosotros\\\/#primaryimage\",\"url\":\"https:\\\/\\\/destinocastillayleon.es\\\/index\\\/wp-content\\\/uploads\\\/2013\\\/08\\\/Portada-Contactao-con-nosotros.jpg\",\"contentUrl\":\"https:\\\/\\\/destinocastillayleon.es\\\/index\\\/wp-content\\\/uploads\\\/2013\\\/08\\\/Portada-Contactao-con-nosotros.jpg\",\"width\":500,\"height\":125},{\"@type\":\"BreadcrumbList\",\"@id\":\"https:\\\/\\\/destinocastillayleon.es\\\/index\\\/contacta-con-nosotros\\\/#breadcrumb\",\"itemListElement\":[{\"@type\":\"ListItem\",\"position\":1,\"name\":\"Portada\",\"item\":\"https:\\\/\\\/destinocastillayleon.es\\\/index\\\/\"},{\"@type\":\"ListItem\",\"position\":2,\"name\":\"Contacta con nosotros\"}]},{\"@type\":\"WebSite\",\"@id\":\"https:\\\/\\\/destinocastillayleon.es\\\/index\\\/#website\",\"url\":\"https:\\\/\\\/destinocastillayleon.es\\\/index\\\/\",\"name\":\"Destino Castilla y Le\u00f3n\",\"description\":\"Medio digital independiente y revista de Castilla y Le\u00f3n dedicado al turismo, gastronom\u00eda y vino de Castilla y Le\u00f3n\",\"potentialAction\":[{\"@type\":\"SearchAction\",\"target\":{\"@type\":\"EntryPoint\",\"urlTemplate\":\"https:\\\/\\\/destinocastillayleon.es\\\/index\\\/?s={search_term_string}\"},\"query-input\":{\"@type\":\"PropertyValueSpecification\",\"valueRequired\":true,\"valueName\":\"search_term_string\"}}],\"inLanguage\":\"es\"}]}<\/script>\n<!-- \/ Yoast SEO Premium plugin. -->","yoast_head_json":{"title":"Contacta con Destino Castilla y Leon por email","description":"Contacta con Destino Castilla y Leon si lo necesitas usando el formulario o atrav\u00e9s del email o las Redes Sociales, te responderemos lo antes posible","robots":{"index":"index","follow":"follow","max-snippet":"max-snippet:-1","max-image-preview":"max-image-preview:large","max-video-preview":"max-video-preview:-1"},"canonical":"https:\/\/destinocastillayleon.es\/index\/contacta-con-nosotros\/","og_locale":"es_ES","og_type":"article","og_title":"Contacta con nosotros","og_description":"Contacta con Destino Castilla y Leon si lo necesitas usando el formulario o atrav\u00e9s del email o las Redes Sociales","og_url":"https:\/\/destinocastillayleon.es\/index\/contacta-con-nosotros\/","og_site_name":"Destino Castilla y Le\u00f3n","article_publisher":"https:\/\/www.facebook.com\/DestinoCastillaYLeon\/","article_modified_time":"2016-01-20T10:25:55+00:00","og_image":[{"width":500,"height":125,"url":"https:\/\/destinocastillayleon.es\/index\/wp-content\/uploads\/2013\/08\/Portada-Contactao-con-nosotros.jpg","type":"image\/jpeg"}],"twitter_card":"summary_large_image","twitter_site":"@destinocyl","twitter_misc":{"Tiempo de lectura":"1 minuto"},"schema":{"@context":"https:\/\/schema.org","@graph":[{"@type":"WebPage","@id":"https:\/\/destinocastillayleon.es\/index\/contacta-con-nosotros\/","url":"https:\/\/destinocastillayleon.es\/index\/contacta-con-nosotros\/","name":"Contacta con Destino Castilla y Leon por email","isPartOf":{"@id":"https:\/\/destinocastillayleon.es\/index\/#website"},"primaryImageOfPage":{"@id":"https:\/\/destinocastillayleon.es\/index\/contacta-con-nosotros\/#primaryimage"},"image":{"@id":"https:\/\/destinocastillayleon.es\/index\/contacta-con-nosotros\/#primaryimage"},"thumbnailUrl":"https:\/\/destinocastillayleon.es\/index\/wp-content\/uploads\/2013\/08\/Portada-Contactao-con-nosotros.jpg","datePublished":"2013-01-11T20:53:39+00:00","dateModified":"2016-01-20T10:25:55+00:00","description":"Contacta con Destino Castilla y Leon si lo necesitas usando el formulario o atrav\u00e9s del email o las Redes Sociales, te responderemos lo antes posible","breadcrumb":{"@id":"https:\/\/destinocastillayleon.es\/index\/contacta-con-nosotros\/#breadcrumb"},"inLanguage":"es","potentialAction":[{"@type":"ReadAction","target":["https:\/\/destinocastillayleon.es\/index\/contacta-con-nosotros\/"]}]},{"@type":"ImageObject","inLanguage":"es","@id":"https:\/\/destinocastillayleon.es\/index\/contacta-con-nosotros\/#primaryimage","url":"https:\/\/destinocastillayleon.es\/index\/wp-content\/uploads\/2013\/08\/Portada-Contactao-con-nosotros.jpg","contentUrl":"https:\/\/destinocastillayleon.es\/index\/wp-content\/uploads\/2013\/08\/Portada-Contactao-con-nosotros.jpg","width":500,"height":125},{"@type":"BreadcrumbList","@id":"https:\/\/destinocastillayleon.es\/index\/contacta-con-nosotros\/#breadcrumb","itemListElement":[{"@type":"ListItem","position":1,"name":"Portada","item":"https:\/\/destinocastillayleon.es\/index\/"},{"@type":"ListItem","position":2,"name":"Contacta con nosotros"}]},{"@type":"WebSite","@id":"https:\/\/destinocastillayleon.es\/index\/#website","url":"https:\/\/destinocastillayleon.es\/index\/","name":"Destino Castilla y Le\u00f3n","description":"Medio digital independiente y revista de Castilla y Le\u00f3n dedicado al turismo, gastronom\u00eda y vino de Castilla y Le\u00f3n","potentialAction":[{"@type":"SearchAction","target":{"@type":"EntryPoint","urlTemplate":"https:\/\/destinocastillayleon.es\/index\/?s={search_term_string}"},"query-input":{"@type":"PropertyValueSpecification","valueRequired":true,"valueName":"search_term_string"}}],"inLanguage":"es"}]}},"_links":{"self":[{"href":"https:\/\/destinocastillayleon.es\/index\/wp-json\/wp\/v2\/pages\/69","targetHints":{"allow":["GET"]}}],"collection":[{"href":"https:\/\/destinocastillayleon.es\/index\/wp-json\/wp\/v2\/pages"}],"about":[{"href":"https:\/\/destinocastillayleon.es\/index\/wp-json\/wp\/v2\/types\/page"}],"author":[{"embeddable":true,"href":"https:\/\/destinocastillayleon.es\/index\/wp-json\/wp\/v2\/users\/2"}],"replies":[{"embeddable":true,"href":"https:\/\/destinocastillayleon.es\/index\/wp-json\/wp\/v2\/comments?post=69"}],"version-history":[{"count":67,"href":"https:\/\/destinocastillayleon.es\/index\/wp-json\/wp\/v2\/pages\/69\/revisions"}],"predecessor-version":[{"id":21687,"href":"https:\/\/destinocastillayleon.es\/index\/wp-json\/wp\/v2\/pages\/69\/revisions\/21687"}],"wp:featuredmedia":[{"embeddable":true,"href":"https:\/\/destinocastillayleon.es\/index\/wp-json\/wp\/v2\/media\/6571"}],"wp:attachment":[{"href":"https:\/\/destinocastillayleon.es\/index\/wp-json\/wp\/v2\/media?parent=69"}],"curies":[{"name":"wp","href":"https:\/\/api.w.org\/{rel}","templated":true}]}}