{"id":3462,"date":"2013-06-08T12:35:45","date_gmt":"2013-06-08T12:35:45","guid":{"rendered":"http:\/\/destinocastillayleon.es\/index\/?page_id=3462"},"modified":"2016-12-09T22:34:41","modified_gmt":"2016-12-09T21:34:41","slug":"publicidad","status":"publish","type":"page","link":"https:\/\/destinocastillayleon.es\/index\/publicidad\/","title":{"rendered":"Publicidad y Colaboraciones"},"content":{"rendered":"<h2>Publicidad y Colaboraciones<\/h2>\n<p style=\"text-align: justify;\">Somos Destino Castilla y Le\u00f3n, un medio digital global especializado en nuestra tierra, Castilla y Le\u00f3n. Para ello contamos con la combinaci\u00f3n de sitio web magazine digital; La revista Destino&#038;Sabor y una red de perfiles en Redes Sociales.\n<\/p>\n<h3><strong><span style=\"color: #e04865;\">Blog Destino Castilla y Le\u00f3n<\/span><\/strong><\/h3>\n<p style=\"text-align: justify;\">El magazine digital Destino Castilla y Le\u00f3n naci\u00f3 como <strong>un sitio de viajes especializado en Castilla y Le\u00f3n<\/strong> con el objetivo de ofrecer a sus lectores &#8211; de una forma directa, original y personal &#8211; toda la actualidad sobre turismo, gastronom\u00eda y vino de Castilla y Le\u00f3n.<\/p>\n<p style=\"text-align: justify;\">Somos un medio digital con la pretension de llegar a ser una <strong>gu\u00eda de turismo y ocio diferente<\/strong>, en la que apostamos por las experiencias vividas en primera persona (fen\u00f3meno <em>blogger<\/em>), los entornos digitales y las redes sociales.<\/p>\n<p style=\"text-align: justify;\">Destino Castilla y Le\u00f3n es una plataforma adaptada a los entornos 2.0, ofreciendo informaci\u00f3n \u00abde usuario a usuario\u00bb, de manera <strong>sincera, independiente y comprometida. <\/strong><\/p>\n<p style=\"text-align: justify;\">Nos mueve la pasi\u00f3n por nuestra tierra. Queremos contar todo lo que hay de nuevo en Castilla y Le\u00f3n sin olvidar su pasado, sus costumbres y tradiciones y el amplio legado natural, patrimonial y cultural que hemos heredado.<\/p>\n<p style=\"text-align: justify;\">Queremos ser un referente dentro y fuera de Castilla y Le\u00f3n. Queremos ser el acicate que promueva el turismo y el ocio en Castilla y Le\u00f3n.<\/p>\n<p style=\"text-align: justify;\"><img decoding=\"async\" class=\" wp-image-12668 aligncenter\" title=\"ipad con destino cyl\" alt=\"ipad con destino cyl\" src=\"http:\/\/destinocastillayleon.es\/index\/wp-content\/uploads\/2013\/01\/ipad-con-destino-cyl.png\" width=\"317\" height=\"415\" srcset=\"https:\/\/destinocastillayleon.es\/index\/wp-content\/uploads\/2013\/01\/ipad-con-destino-cyl.png 406w, https:\/\/destinocastillayleon.es\/index\/wp-content\/uploads\/2013\/01\/ipad-con-destino-cyl-229x300.png 229w, https:\/\/destinocastillayleon.es\/index\/wp-content\/uploads\/2013\/01\/ipad-con-destino-cyl-782x1024.png 782w\" sizes=\"(max-width: 317px) 100vw, 317px\" \/><\/p>\n<h3 style=\"text-align: justify;\"><strong><span style=\"color: #e04865;\">Revista Destino &#038;Sabor<\/span><\/strong><\/h3>\n<p style=\"text-align: justify;\">Despu\u00e9s de un a\u00f1o y medio de recorrido y haber conseguido 53.000 visitas mensuales, lanzamos un <strong>nuevo concepto de revista y gu\u00eda de ocio, nacida en Castilla y Le\u00f3n, pero proyectada tambi\u00e9n de forma global<\/strong>. Complementa la informaci\u00f3n ofrecida en el blog<strong>. <\/strong><\/p>\n<p style=\"text-align: justify;\">Hablamos de teatro, m\u00fasica, conciertos, moda y belleza. Tambi\u00e9n ofrecemos recetas, talleres DIY (\u00ab<em>Do it Yourself<\/em>\u00ab) rincones con encanto, lugares para escaparse y locales  que no debes perderte&#8230;<\/p>\n<p><a href=\"http:\/\/issuu.com\/destinocyl\/docs\/final\" target=\"_Blank\"><img decoding=\"async\" class=\"size-full wp-image-12695 aligncenter\" alt=\"Portada Destino Castilla y Le\u00f3n\" src=\"http:\/\/destinocastillayleon.es\/index\/wp-content\/uploads\/2015\/10\/be51a60d8781622fa4eeb7316fc25ce6.jpg\" width=\"321\" height=\"450\" \/><\/a><\/p>\n<p style=\"text-align: justify;\">Encontrar\u00e1s secciones sobre las \u00faltimas novedades de Castilla y Le\u00f3n, eventos sociales, actualidad cultural y de ocio, entrevistas a personajes de relevancia y reportajes originales de los locales y comercios m\u00e1s atractivos de la comunidad aut\u00f3noma.<\/p>\n<h4 style=\"text-align: center;\"><strong>Perfil del lector:<\/strong><\/h4>\n<p style=\"text-align: center;\"><em><span style=\"color: #e14c69;\"><strong>Clase social<\/strong><\/span><\/em><\/p>\n<p style=\"text-align: center;\">Alta , Media-Alta.<\/p>\n<p style=\"text-align: center;\"><em><strong><span style=\"color: #e14c69;\">Lector<\/span><\/strong><\/em><\/p>\n<p style=\"text-align: center;\">Hombre 41 % y Mujer 59%<\/p>\n<p style=\"text-align: center;\"><em><strong><span style=\"color: #e14c69;\">Perfil<\/span><\/strong><\/em><\/p>\n<p style=\"text-align: center;\">Cosmopolita y con gran poder de Prescripci\u00f3n<\/p>\n<p style=\"text-align: center;\"><em><strong><span style=\"color: #e14c69;\">Edad<\/span><\/strong><\/em><\/p>\n<p style=\"text-align: center;\">25-50 a\u00f1os (80%)<\/p>\n<p style=\"text-align: center;\"><em><span style=\"color: #e14c69;\"><strong>Estudios<\/strong><\/span><\/em><\/p>\n<p style=\"text-align: center;\">Titulaci\u00f3n Media \/ Titulaci\u00f3n Superior.<\/p>\n<h4 style=\"text-align: justify;\"><strong>Difusi\u00f3n<\/strong><\/h4>\n<p>&#8211; Revista Digital y Gratuita.<br \/>\n&#8211; 53.000 impresiones en su \u00faltima edici\u00f3n.<br \/>\n&#8211; M\u00e1s de 6.500 personas suscritas<\/p>\n<p>&nbsp;<\/p>\n<h3 style=\"text-align: justify;\"><strong><span style=\"color: #e14c69;\">Tarifas Destino Castilla y Le\u00f3n 2017<\/span><\/strong><\/h3>\n<p style=\"text-align: justify;\">La edici\u00f3n digital de nuestros medios de comunicaci\u00f3n nos permiten ofrecer tarifas bastante econ\u00f3micas y competitivas. Ofrecemos distintos paquetes que combinan: Blog, <strong>revista digital, newsletter y redes sociales. <\/strong><\/p>\n<p>Los contenidos deben estar en poder de la revista 15 d\u00edas antes de la fecha de salida del n\u00famero correspondiente. Se ruega hacer las reservas antes de la fecha de cierre.<\/p>\n<h4 style=\"text-align: justify;\"><strong>Departamento Comercial: <\/strong><\/h4>\n<p style=\"text-align: justify;\"><strong><\/strong><strong><span style=\"color: #e14c69;\">Tel\u00e9fono:<\/span> <\/strong> +34 91 521 44 84<\/p>\n<p><strong><span style=\"color: #e14c69;\">M\u00f3vil:<\/span><\/strong> +34 676 11 00 41.<\/p>\n<p><strong><span style=\"color: #e14c69;\">Email:<\/span><\/strong> admin@destinocastillayleon.es<\/p>\n<p>Conoce <strong>nuestro media kit<\/strong> para el 2017, descarg\u00e1ndolo directamente <a href=\"https:\/\/drive.google.com\/file\/d\/0BxzhkK0YjVeHM1BKNUxQWWVqMk0\/view?usp=sharing\" target=\"_blank\"><strong><span style=\"color: #e14c69;\">aqu\u00ed<\/span><\/strong><\/a>.<\/p>\n<p>&nbsp;<\/p>\n<h3><strong><span style=\"color: #e14c69;\">Servicios de Comunicaci\u00f3n Online<\/span><\/strong><\/h3>\n<p>Si tu negocio est\u00e1 enfocado al turismo, la gastronom\u00eda o el vino y necesitas un primer apoyo para lanzarte a las redes sociales y quieres mejorar tu imagen en redes sociales y captar clientes, o te gustar\u00eda tener una tienda online de tu negocio, ofrecemos los siguientes servicios:<\/p>\n<p>&#8211; Auditorias de Comunicaci\u00f3n Online<\/p>\n<p>&#8211; Elaboraci\u00f3n de Planes estrat\u00e9gicos<\/p>\n<p>&#8211; Dise\u00f1o de p\u00e1ginas web y blogs adaptadas a los entornos 2.0<\/p>\n<p>&#8211; Restyling de tu web anterior incorporando nuevas secciones como: chats, widgets y pluggins sociales<\/p>\n<p>&#8211; Incorporaci\u00f3n de ecommerce a tu negocio<\/p>\n<p>&#8211; Gesti\u00f3n de Comunidades Online y Redes Sociales<\/p>\n<p>&#8211; Posicionamiento SEO Y SEM en Buscadores<\/p>\n<p>&#8211; Networking, gesti\u00f3n de contactos y organizaci\u00f3n de famtrips y blogtrips<\/p>\n<p>Si est\u00e1s interesado, echa un vistazo a nuestros servicios <a title=\"servicios de consultor\u00eda online: lolitakreativa\" href=\"http:\/\/lolahernandez.com\/blog\/sevicios\/\" target=\"_blank\">aqu\u00ed<\/a>.<\/p>\n<p style=\"text-align: justify;\"><strong>Queremos que\u00a0<a title=\"Destino Castilla y Le\u00f3n\" href=\"http:\/\/www.destinocastillayleon.es\"><span style=\"color: #e04865;\">DestinoCastillayLe\u00f3n<\/span><\/a>\u00a0sea tambi\u00e9n tu espacio de promoci\u00f3n y difusi\u00f3n<\/strong>. Env\u00edanos tus notas de prensa, presentaciones, ofertas o todo lo que pienses que pueda encajar con nuestro contenido editorial a:<strong> <a href=\"mailto:admin@destinocastillayleon.es\" title=\"admin@destinocastillayleon.es\" target=\"_blank\"><span style=\"color: #e04865;\">admin@destinocastillayleon.es<\/span><\/a><\/strong><\/p>\n<p><strong>Formulario de contacto:\u00a0<\/strong><\/p>\n<form action=\"mailto:publicidad@destinocastillayleon.es\" enctype=\"text\/plain\" method=\"post\">\n&nbsp; &nbsp; &nbsp; &nbsp; &nbsp; &nbsp; &nbsp; &nbsp; &nbsp; &nbsp; &nbsp; Nombre: <input type=\"text\" maxlength=\"150\" name=\"nombre\" size=\"45\" \/><\/p>\n<p>&nbsp; &nbsp; &nbsp; &nbsp; &nbsp; &nbsp; &nbsp; &nbsp; &nbsp; &nbsp; Apellidos: <input type=\"text\" maxlength=\"150\" name=\"apellidos\" size=\"45\" \/><\/p>\n<p>&nbsp; &nbsp; &nbsp;Correo electr\u00f3nico: <input type=\"text\" maxlength=\"250\" name=\"correo\" size=\"45\" value=\"@\" \/><\/p>\n<p>&nbsp; &nbsp; &nbsp; &nbsp; &nbsp; &nbsp; &nbsp; &nbsp; &nbsp; &nbsp; &nbsp; &nbsp; &nbsp; &nbsp; &nbsp; &nbsp; &nbsp; &nbsp; &nbsp; Escriba aqu\u00ed su tu mensaje:<br \/>\n&nbsp; &nbsp; &nbsp; &nbsp; &nbsp; &nbsp; &nbsp; &nbsp; &nbsp; &nbsp; &nbsp; &nbsp; &nbsp; &nbsp; &nbsp; &nbsp; &nbsp; &nbsp; <textarea cols=\"45\" name=\"opinion\" rows=\"5\">Escriba aqu\u00ed su tu mensaje&#8230;<\/textarea><\/p>\n<table width=\"50%\" border=\"0\" cellspacing=\"0\" cellpadding=\"10\" align=\"center\">\n<tbody>\n<tr>\n<td>\n<div align=\"center\"><input type=\"submit\" value=\"Enviar formulario\" \/><\/div>\n<\/td>\n<td>\n<div align=\"center\"><input type=\"Reset\" value=\"Borrar formulario\" \/><\/div>\n<\/td>\n<\/tr>\n<\/tbody>\n<\/table>\n<\/form>\n<p>&nbsp;<\/p>\n<p><a name=\"redes\"><\/a><br \/>\n<span style=\"color: #ff9100;\"><strong>Contacto en Redes Sociales<\/strong><\/span><\/p>\n<p>&nbsp; &nbsp; &nbsp; Encu\u00e9ntranos tambi\u00e9n en las redes:<\/p>\n<p>&nbsp; &nbsp; &nbsp; <a title=\"Destino CyL en Facebook\" href=\"http:\/\/www.facebook.com\/DestinoCastillaYLeon\" target=\"_blank\"><img decoding=\"async\" alt=\"Logo Facebook\" src=\"http:\/\/destinocastillayleon.es\/index\/wp-content\/uploads\/2013\/02\/Logo_Facebook-1024x1024.png\" width=\"20\" \/><span style=\"color: #ff9100;\"> Destino CyL en Facebook<\/span><\/a><\/p>\n<p>&nbsp; &nbsp; &nbsp; <a href=\"https:\/\/twitter.com\/DestinoCyL\" target=\"_blank\"><img decoding=\"async\" alt=\"Logo Twitter\" src=\"http:\/\/destinocastillayleon.es\/index\/wp-content\/uploads\/2013\/02\/Logo_Twitter-1024x1024.png\" width=\"20\/\" \/> <span style=\"color: #ff9100;\">@Destino CyL en Twitter<\/span><\/a><\/p>\n<p>&nbsp; &nbsp; &nbsp; <a href=\"https:\/\/plus.google.com\/u\/0\/112105906894417402029\/about\"><img decoding=\"async\" title=\"S\u00edgue a DestinoCyL en Google +\" alt=\"Google+ oficial\" src=\"http:\/\/destinocastillayleon.es\/index\/wp-content\/uploads\/2013\/03\/logo-google_plus.png\" width=\"19\/\" \/><span style=\"color: #ff9100;\"> DestinoCyL en google+<\/span><\/a><\/p>\n","protected":false},"excerpt":{"rendered":"<p>Publicidad y Colaboraciones Somos Destino Castilla y Le\u00f3n, un medio digital global especializado en nuestra tierra, Castilla y Le\u00f3n. Para ello contamos con la combinaci\u00f3n de sitio web magazine digital; La revista Destino&#038;Sabor y una red de perfiles en Redes Sociales. Blog Destino Castilla y Le\u00f3n El magazine digital Destino Castilla y Le\u00f3n naci\u00f3 como un sitio de viajes especializado en Castilla y Le\u00f3n con el objetivo de ofrecer a sus lectores &#8211; de una forma directa, original y personal &#8211; toda la actualidad sobre turismo, gastronom\u00eda y vino de Castilla y Le\u00f3n. Somos un medio digital con la pretension de llegar a ser una gu\u00eda de turismo y ocio &hellip; <\/p>\n","protected":false},"author":9,"featured_media":6406,"parent":0,"menu_order":0,"comment_status":"closed","ping_status":"closed","template":"","meta":{"rop_custom_images_group":[],"rop_custom_messages_group":[],"rop_publish_now":"initial","rop_publish_now_accounts":{"twitter_1150954226_1150954226":""},"rop_publish_now_history":[],"rop_publish_now_status":"pending","footnotes":""},"class_list":["post-3462","page","type-page","status-publish","has-post-thumbnail","hentry"],"yoast_head":"<!-- This site is optimized with the Yoast SEO Premium plugin v20.4 (Yoast SEO v27.4) - https:\/\/yoast.com\/product\/yoast-seo-premium-wordpress\/ -->\n<title>Publicidad y Colaboraciones con Destino Castilla y Leon<\/title>\n<meta name=\"description\" content=\"Contacta con nosotros para que encontremos un modo de contratar tu publicidad beneficiosa para ti, tu empresa u organismo, y a nuestros lectores.\" \/>\n<meta name=\"robots\" content=\"index, follow, max-snippet:-1, max-image-preview:large, max-video-preview:-1\" \/>\n<link rel=\"canonical\" href=\"https:\/\/destinocastillayleon.es\/index\/publicidad\/\" \/>\n<meta property=\"og:locale\" content=\"es_ES\" \/>\n<meta property=\"og:type\" content=\"article\" \/>\n<meta property=\"og:title\" content=\"Publicidad y Colaboraciones\" \/>\n<meta property=\"og:description\" content=\"Contacta con nosotros para que encontremos un modo de contratar tu publicidad beneficiosa para ti, tu empresa u organismo, y a nuestros lectores.\" \/>\n<meta property=\"og:url\" content=\"https:\/\/destinocastillayleon.es\/index\/publicidad\/\" \/>\n<meta property=\"og:site_name\" content=\"Destino Castilla y Le\u00f3n\" \/>\n<meta property=\"article:publisher\" content=\"https:\/\/www.facebook.com\/DestinoCastillaYLeon\/\" \/>\n<meta property=\"article:modified_time\" content=\"2016-12-09T21:34:41+00:00\" \/>\n<meta property=\"og:image\" content=\"https:\/\/destinocastillayleon.es\/index\/wp-content\/uploads\/2013\/06\/7178d998ad981b2896d1f86c1342c758.jpg\" \/>\n\t<meta property=\"og:image:width\" content=\"850\" \/>\n\t<meta property=\"og:image:height\" content=\"213\" \/>\n\t<meta property=\"og:image:type\" content=\"image\/jpeg\" \/>\n<meta name=\"twitter:card\" content=\"summary_large_image\" \/>\n<meta name=\"twitter:site\" content=\"@destinocyl\" \/>\n<meta name=\"twitter:label1\" content=\"Tiempo de lectura\" \/>\n\t<meta name=\"twitter:data1\" content=\"4 minutos\" \/>\n<script type=\"application\/ld+json\" class=\"yoast-schema-graph\">{\"@context\":\"https:\\\/\\\/schema.org\",\"@graph\":[{\"@type\":\"WebPage\",\"@id\":\"https:\\\/\\\/destinocastillayleon.es\\\/index\\\/publicidad\\\/\",\"url\":\"https:\\\/\\\/destinocastillayleon.es\\\/index\\\/publicidad\\\/\",\"name\":\"Publicidad y Colaboraciones con Destino Castilla y Leon\",\"isPartOf\":{\"@id\":\"https:\\\/\\\/destinocastillayleon.es\\\/index\\\/#website\"},\"primaryImageOfPage\":{\"@id\":\"https:\\\/\\\/destinocastillayleon.es\\\/index\\\/publicidad\\\/#primaryimage\"},\"image\":{\"@id\":\"https:\\\/\\\/destinocastillayleon.es\\\/index\\\/publicidad\\\/#primaryimage\"},\"thumbnailUrl\":\"https:\\\/\\\/destinocastillayleon.es\\\/index\\\/wp-content\\\/uploads\\\/2013\\\/06\\\/7178d998ad981b2896d1f86c1342c758.jpg\",\"datePublished\":\"2013-06-08T12:35:45+00:00\",\"dateModified\":\"2016-12-09T21:34:41+00:00\",\"description\":\"Contacta con nosotros para que encontremos un modo de contratar tu publicidad beneficiosa para ti, tu empresa u organismo, y a nuestros lectores.\",\"breadcrumb\":{\"@id\":\"https:\\\/\\\/destinocastillayleon.es\\\/index\\\/publicidad\\\/#breadcrumb\"},\"inLanguage\":\"es\",\"potentialAction\":[{\"@type\":\"ReadAction\",\"target\":[\"https:\\\/\\\/destinocastillayleon.es\\\/index\\\/publicidad\\\/\"]}]},{\"@type\":\"ImageObject\",\"inLanguage\":\"es\",\"@id\":\"https:\\\/\\\/destinocastillayleon.es\\\/index\\\/publicidad\\\/#primaryimage\",\"url\":\"https:\\\/\\\/destinocastillayleon.es\\\/index\\\/wp-content\\\/uploads\\\/2013\\\/06\\\/7178d998ad981b2896d1f86c1342c758.jpg\",\"contentUrl\":\"https:\\\/\\\/destinocastillayleon.es\\\/index\\\/wp-content\\\/uploads\\\/2013\\\/06\\\/7178d998ad981b2896d1f86c1342c758.jpg\",\"width\":850,\"height\":213},{\"@type\":\"BreadcrumbList\",\"@id\":\"https:\\\/\\\/destinocastillayleon.es\\\/index\\\/publicidad\\\/#breadcrumb\",\"itemListElement\":[{\"@type\":\"ListItem\",\"position\":1,\"name\":\"Portada\",\"item\":\"https:\\\/\\\/destinocastillayleon.es\\\/index\\\/\"},{\"@type\":\"ListItem\",\"position\":2,\"name\":\"Publicidad y Colaboraciones\"}]},{\"@type\":\"WebSite\",\"@id\":\"https:\\\/\\\/destinocastillayleon.es\\\/index\\\/#website\",\"url\":\"https:\\\/\\\/destinocastillayleon.es\\\/index\\\/\",\"name\":\"Destino Castilla y Le\u00f3n\",\"description\":\"Medio digital independiente y revista de Castilla y Le\u00f3n dedicado al turismo, gastronom\u00eda y vino de Castilla y Le\u00f3n\",\"potentialAction\":[{\"@type\":\"SearchAction\",\"target\":{\"@type\":\"EntryPoint\",\"urlTemplate\":\"https:\\\/\\\/destinocastillayleon.es\\\/index\\\/?s={search_term_string}\"},\"query-input\":{\"@type\":\"PropertyValueSpecification\",\"valueRequired\":true,\"valueName\":\"search_term_string\"}}],\"inLanguage\":\"es\"}]}<\/script>\n<!-- \/ Yoast SEO Premium plugin. -->","yoast_head_json":{"title":"Publicidad y Colaboraciones con Destino Castilla y Leon","description":"Contacta con nosotros para que encontremos un modo de contratar tu publicidad beneficiosa para ti, tu empresa u organismo, y a nuestros lectores.","robots":{"index":"index","follow":"follow","max-snippet":"max-snippet:-1","max-image-preview":"max-image-preview:large","max-video-preview":"max-video-preview:-1"},"canonical":"https:\/\/destinocastillayleon.es\/index\/publicidad\/","og_locale":"es_ES","og_type":"article","og_title":"Publicidad y Colaboraciones","og_description":"Contacta con nosotros para que encontremos un modo de contratar tu publicidad beneficiosa para ti, tu empresa u organismo, y a nuestros lectores.","og_url":"https:\/\/destinocastillayleon.es\/index\/publicidad\/","og_site_name":"Destino Castilla y Le\u00f3n","article_publisher":"https:\/\/www.facebook.com\/DestinoCastillaYLeon\/","article_modified_time":"2016-12-09T21:34:41+00:00","og_image":[{"width":850,"height":213,"url":"https:\/\/destinocastillayleon.es\/index\/wp-content\/uploads\/2013\/06\/7178d998ad981b2896d1f86c1342c758.jpg","type":"image\/jpeg"}],"twitter_card":"summary_large_image","twitter_site":"@destinocyl","twitter_misc":{"Tiempo de lectura":"4 minutos"},"schema":{"@context":"https:\/\/schema.org","@graph":[{"@type":"WebPage","@id":"https:\/\/destinocastillayleon.es\/index\/publicidad\/","url":"https:\/\/destinocastillayleon.es\/index\/publicidad\/","name":"Publicidad y Colaboraciones con Destino Castilla y Leon","isPartOf":{"@id":"https:\/\/destinocastillayleon.es\/index\/#website"},"primaryImageOfPage":{"@id":"https:\/\/destinocastillayleon.es\/index\/publicidad\/#primaryimage"},"image":{"@id":"https:\/\/destinocastillayleon.es\/index\/publicidad\/#primaryimage"},"thumbnailUrl":"https:\/\/destinocastillayleon.es\/index\/wp-content\/uploads\/2013\/06\/7178d998ad981b2896d1f86c1342c758.jpg","datePublished":"2013-06-08T12:35:45+00:00","dateModified":"2016-12-09T21:34:41+00:00","description":"Contacta con nosotros para que encontremos un modo de contratar tu publicidad beneficiosa para ti, tu empresa u organismo, y a nuestros lectores.","breadcrumb":{"@id":"https:\/\/destinocastillayleon.es\/index\/publicidad\/#breadcrumb"},"inLanguage":"es","potentialAction":[{"@type":"ReadAction","target":["https:\/\/destinocastillayleon.es\/index\/publicidad\/"]}]},{"@type":"ImageObject","inLanguage":"es","@id":"https:\/\/destinocastillayleon.es\/index\/publicidad\/#primaryimage","url":"https:\/\/destinocastillayleon.es\/index\/wp-content\/uploads\/2013\/06\/7178d998ad981b2896d1f86c1342c758.jpg","contentUrl":"https:\/\/destinocastillayleon.es\/index\/wp-content\/uploads\/2013\/06\/7178d998ad981b2896d1f86c1342c758.jpg","width":850,"height":213},{"@type":"BreadcrumbList","@id":"https:\/\/destinocastillayleon.es\/index\/publicidad\/#breadcrumb","itemListElement":[{"@type":"ListItem","position":1,"name":"Portada","item":"https:\/\/destinocastillayleon.es\/index\/"},{"@type":"ListItem","position":2,"name":"Publicidad y Colaboraciones"}]},{"@type":"WebSite","@id":"https:\/\/destinocastillayleon.es\/index\/#website","url":"https:\/\/destinocastillayleon.es\/index\/","name":"Destino Castilla y Le\u00f3n","description":"Medio digital independiente y revista de Castilla y Le\u00f3n dedicado al turismo, gastronom\u00eda y vino de Castilla y Le\u00f3n","potentialAction":[{"@type":"SearchAction","target":{"@type":"EntryPoint","urlTemplate":"https:\/\/destinocastillayleon.es\/index\/?s={search_term_string}"},"query-input":{"@type":"PropertyValueSpecification","valueRequired":true,"valueName":"search_term_string"}}],"inLanguage":"es"}]}},"_links":{"self":[{"href":"https:\/\/destinocastillayleon.es\/index\/wp-json\/wp\/v2\/pages\/3462","targetHints":{"allow":["GET"]}}],"collection":[{"href":"https:\/\/destinocastillayleon.es\/index\/wp-json\/wp\/v2\/pages"}],"about":[{"href":"https:\/\/destinocastillayleon.es\/index\/wp-json\/wp\/v2\/types\/page"}],"author":[{"embeddable":true,"href":"https:\/\/destinocastillayleon.es\/index\/wp-json\/wp\/v2\/users\/9"}],"replies":[{"embeddable":true,"href":"https:\/\/destinocastillayleon.es\/index\/wp-json\/wp\/v2\/comments?post=3462"}],"version-history":[{"count":61,"href":"https:\/\/destinocastillayleon.es\/index\/wp-json\/wp\/v2\/pages\/3462\/revisions"}],"predecessor-version":[{"id":24122,"href":"https:\/\/destinocastillayleon.es\/index\/wp-json\/wp\/v2\/pages\/3462\/revisions\/24122"}],"wp:featuredmedia":[{"embeddable":true,"href":"https:\/\/destinocastillayleon.es\/index\/wp-json\/wp\/v2\/media\/6406"}],"wp:attachment":[{"href":"https:\/\/destinocastillayleon.es\/index\/wp-json\/wp\/v2\/media?parent=3462"}],"curies":[{"name":"wp","href":"https:\/\/api.w.org\/{rel}","templated":true}]}}