{"id":285,"date":"2013-01-27T11:06:31","date_gmt":"2013-01-27T11:06:31","guid":{"rendered":"http:\/\/destinocastillayleon.es\/index\/?page_id=285"},"modified":"2018-01-19T00:08:52","modified_gmt":"2018-01-18T23:08:52","slug":"leon","status":"publish","type":"page","link":"https:\/\/destinocastillayleon.es\/index\/provincias\/leon\/","title":{"rendered":"Le\u00f3n"},"content":{"rendered":"<p>[vc_row][vc_column][vc_column_text]<\/p>\n<h2><strong><a href=\"http:\/\/destinocastillayleon.es\/index\/provincias\/\" title=\"Regresar a Provincias\"><center>Descubre Le\u00f3n y su provincia <\/a> <\/center><\/strong><\/h2>\n<p>[\/vc_column_text][vc_empty_space][\/vc_column][\/vc_row][vc_row][vc_column width=\u00bb5\/6&#8243;][mnky_posts_grid grid_layout=\u00bbmpg-layout-6&#8243; label_hide=\u00bboff\u00bb cat_hide=\u00bboff\u00bb comments_hide=\u00bboff\u00bb views_hide=\u00bboff\u00bb post_format_hide=\u00bboff\u00bb post_format_text_hide=\u00bboff\u00bb no_duplicate=\u00bbyes\u00bb post_type=\u00bbpost\u00bb category_1=\u00bbleon-gastronomia\u00bb category_2=\u00bbleon-actualidad\u00bb category_3=\u00bbleon-turismo\u00bb category_4=\u00bbleon\u00bb][vc_empty_space][mnky_posts column_layout=\u00bbcolumn-count-3&#8243; title_size=\u00bb8px.\u00bb content_type=\u00bbexcerpt\u00bb label_hide=\u00bboff\u00bb rating_hide=\u00bboff\u00bb cat_hide=\u00bboff\u00bb author_hide=\u00bboff\u00bb date_hide=\u00bboff\u00bb comments_hide=\u00bboff\u00bb post_format_text_hide=\u00bboff\u00bb loop_content=\u00bbloop_content_on\u00bb no_duplicate=\u00bbyes\u00bb posts_per_page=\u00bb45&#8243; taxonomy=\u00bbcategory\u00bb el_id=\u00bb1516258938261-e953988c-89fa\u00bb category=\u00bbleon, leon-actualidad, leon-gastronomia, leon-turismo\u00bb][\/vc_column][vc_column width=\u00bb1\/6&#8243;][vc_widget_sidebar sidebar_id=\u00bbcs-4&#8243;][\/vc_column][\/vc_row]<\/p>\n","protected":false},"excerpt":{"rendered":"<p>[vc_row][vc_column][vc_column_text] Descubre Le\u00f3n y su provincia [\/vc_column_text][vc_empty_space][\/vc_column][\/vc_row][vc_row][vc_column width=\u00bb5\/6&#8243;][mnky_posts_grid grid_layout=\u00bbmpg-layout-6&#8243; label_hide=\u00bboff\u00bb cat_hide=\u00bboff\u00bb comments_hide=\u00bboff\u00bb views_hide=\u00bboff\u00bb post_format_hide=\u00bboff\u00bb post_format_text_hide=\u00bboff\u00bb no_duplicate=\u00bbyes\u00bb post_type=\u00bbpost\u00bb category_1=\u00bbleon-gastronomia\u00bb category_2=\u00bbleon-actualidad\u00bb category_3=\u00bbleon-turismo\u00bb category_4=\u00bbleon\u00bb][vc_empty_space][mnky_posts column_layout=\u00bbcolumn-count-3&#8243; title_size=\u00bb8px.\u00bb content_type=\u00bbexcerpt\u00bb label_hide=\u00bboff\u00bb rating_hide=\u00bboff\u00bb cat_hide=\u00bboff\u00bb author_hide=\u00bboff\u00bb date_hide=\u00bboff\u00bb comments_hide=\u00bboff\u00bb post_format_text_hide=\u00bboff\u00bb loop_content=\u00bbloop_content_on\u00bb no_duplicate=\u00bbyes\u00bb posts_per_page=\u00bb45&#8243; taxonomy=\u00bbcategory\u00bb el_id=\u00bb1516258938261-e953988c-89fa\u00bb category=\u00bbleon, leon-actualidad, leon-gastronomia, leon-turismo\u00bb][\/vc_column][vc_column width=\u00bb1\/6&#8243;][vc_widget_sidebar sidebar_id=\u00bbcs-4&#8243;][\/vc_column][\/vc_row]<\/p>\n","protected":false},"author":2,"featured_media":6147,"parent":658,"menu_order":0,"comment_status":"open","ping_status":"closed","template":"","meta":{"rop_custom_images_group":[],"rop_custom_messages_group":[],"rop_publish_now":"initial","rop_publish_now_accounts":{"twitter_1150954226_1150954226":""},"rop_publish_now_history":[],"rop_publish_now_status":"pending","footnotes":""},"class_list":["post-285","page","type-page","status-publish","has-post-thumbnail","hentry"],"yoast_head":"<!-- This site is optimized with the Yoast SEO Premium plugin v20.4 (Yoast SEO v27.4) - https:\/\/yoast.com\/product\/yoast-seo-premium-wordpress\/ -->\n<title>Nuestros art\u00edculos sobre qu\u00e9 ver y qu\u00e9 hacer en Le\u00f3n<\/title>\n<meta name=\"description\" content=\"Recopilaci\u00f3n de todas las entradas que tienen que ver con la provincia de Le\u00f3n y su hermosa capital que hemos realizado en DestinoCastillayLeon.es\" \/>\n<meta name=\"robots\" content=\"index, follow, max-snippet:-1, max-image-preview:large, max-video-preview:-1\" \/>\n<link rel=\"canonical\" href=\"https:\/\/destinocastillayleon.es\/index\/provincias\/leon\/\" \/>\n<meta property=\"og:locale\" content=\"es_ES\" \/>\n<meta property=\"og:type\" content=\"article\" \/>\n<meta property=\"og:title\" content=\"Recopilaci\u00f3n de entradas de Le\u00f3n\" \/>\n<meta property=\"og:description\" content=\"Recopilaci\u00f3n de todas las entradas que tienen que ver con la provincia de Le\u00f3n y su hermosa capital que hemos realizado en DestinoCastillayLeon.es\" \/>\n<meta property=\"og:url\" content=\"https:\/\/destinocastillayleon.es\/index\/provincias\/leon\/\" \/>\n<meta property=\"og:site_name\" content=\"Destino Castilla y Le\u00f3n\" \/>\n<meta property=\"article:publisher\" content=\"https:\/\/www.facebook.com\/DestinoCastillaYLeon\/\" \/>\n<meta property=\"article:modified_time\" content=\"2018-01-18T23:08:52+00:00\" \/>\n<meta property=\"og:image\" content=\"https:\/\/destinocastillayleon.es\/index\/wp-content\/uploads\/2013\/01\/Skyline-de-Leon-02.jpg\" \/>\n\t<meta property=\"og:image:width\" content=\"730\" \/>\n\t<meta property=\"og:image:height\" content=\"183\" \/>\n\t<meta property=\"og:image:type\" content=\"image\/jpeg\" \/>\n<meta name=\"twitter:card\" content=\"summary_large_image\" \/>\n<meta name=\"twitter:title\" content=\"Recopilaci\u00f3n de entradas de Le\u00f3n\" \/>\n<meta name=\"twitter:description\" content=\"Recopilaci\u00f3n de todas las entradas que tienen que ver con la provincia de Le\u00f3n y su hermosa capital que hemos realizado en DestinoCastillayLeon.es\" \/>\n<meta name=\"twitter:image\" content=\"http:\/\/destinocastillayleon.es\/index\/wp-content\/uploads\/2013\/01\/Skyline-de-Leon-02.jpg\" \/>\n<meta name=\"twitter:site\" content=\"@destinocyl\" \/>\n<meta name=\"twitter:label1\" content=\"Tiempo de lectura\" \/>\n\t<meta name=\"twitter:data1\" content=\"1 minuto\" \/>\n<script type=\"application\/ld+json\" class=\"yoast-schema-graph\">{\"@context\":\"https:\\\/\\\/schema.org\",\"@graph\":[{\"@type\":\"WebPage\",\"@id\":\"https:\\\/\\\/destinocastillayleon.es\\\/index\\\/provincias\\\/leon\\\/\",\"url\":\"https:\\\/\\\/destinocastillayleon.es\\\/index\\\/provincias\\\/leon\\\/\",\"name\":\"Nuestros art\u00edculos sobre qu\u00e9 ver y qu\u00e9 hacer en Le\u00f3n\",\"isPartOf\":{\"@id\":\"https:\\\/\\\/destinocastillayleon.es\\\/index\\\/#website\"},\"primaryImageOfPage\":{\"@id\":\"https:\\\/\\\/destinocastillayleon.es\\\/index\\\/provincias\\\/leon\\\/#primaryimage\"},\"image\":{\"@id\":\"https:\\\/\\\/destinocastillayleon.es\\\/index\\\/provincias\\\/leon\\\/#primaryimage\"},\"thumbnailUrl\":\"https:\\\/\\\/destinocastillayleon.es\\\/index\\\/wp-content\\\/uploads\\\/2013\\\/01\\\/Skyline-de-Leon-02.jpg\",\"datePublished\":\"2013-01-27T11:06:31+00:00\",\"dateModified\":\"2018-01-18T23:08:52+00:00\",\"description\":\"Recopilaci\u00f3n de todas las entradas que tienen que ver con la provincia de Le\u00f3n y su hermosa capital que hemos realizado en DestinoCastillayLeon.es\",\"breadcrumb\":{\"@id\":\"https:\\\/\\\/destinocastillayleon.es\\\/index\\\/provincias\\\/leon\\\/#breadcrumb\"},\"inLanguage\":\"es\",\"potentialAction\":[{\"@type\":\"ReadAction\",\"target\":[\"https:\\\/\\\/destinocastillayleon.es\\\/index\\\/provincias\\\/leon\\\/\"]}]},{\"@type\":\"ImageObject\",\"inLanguage\":\"es\",\"@id\":\"https:\\\/\\\/destinocastillayleon.es\\\/index\\\/provincias\\\/leon\\\/#primaryimage\",\"url\":\"https:\\\/\\\/destinocastillayleon.es\\\/index\\\/wp-content\\\/uploads\\\/2013\\\/01\\\/Skyline-de-Leon-02.jpg\",\"contentUrl\":\"https:\\\/\\\/destinocastillayleon.es\\\/index\\\/wp-content\\\/uploads\\\/2013\\\/01\\\/Skyline-de-Leon-02.jpg\",\"width\":730,\"height\":183},{\"@type\":\"BreadcrumbList\",\"@id\":\"https:\\\/\\\/destinocastillayleon.es\\\/index\\\/provincias\\\/leon\\\/#breadcrumb\",\"itemListElement\":[{\"@type\":\"ListItem\",\"position\":1,\"name\":\"Portada\",\"item\":\"https:\\\/\\\/destinocastillayleon.es\\\/index\\\/\"},{\"@type\":\"ListItem\",\"position\":2,\"name\":\"Provincias\",\"item\":\"https:\\\/\\\/destinocastillayleon.es\\\/index\\\/provincias\\\/\"},{\"@type\":\"ListItem\",\"position\":3,\"name\":\"Le\u00f3n\"}]},{\"@type\":\"WebSite\",\"@id\":\"https:\\\/\\\/destinocastillayleon.es\\\/index\\\/#website\",\"url\":\"https:\\\/\\\/destinocastillayleon.es\\\/index\\\/\",\"name\":\"Destino Castilla y Le\u00f3n\",\"description\":\"Medio digital independiente y revista de Castilla y Le\u00f3n dedicado al turismo, gastronom\u00eda y vino de Castilla y Le\u00f3n\",\"potentialAction\":[{\"@type\":\"SearchAction\",\"target\":{\"@type\":\"EntryPoint\",\"urlTemplate\":\"https:\\\/\\\/destinocastillayleon.es\\\/index\\\/?s={search_term_string}\"},\"query-input\":{\"@type\":\"PropertyValueSpecification\",\"valueRequired\":true,\"valueName\":\"search_term_string\"}}],\"inLanguage\":\"es\"}]}<\/script>\n<!-- \/ Yoast SEO Premium plugin. -->","yoast_head_json":{"title":"Nuestros art\u00edculos sobre qu\u00e9 ver y qu\u00e9 hacer en Le\u00f3n","description":"Recopilaci\u00f3n de todas las entradas que tienen que ver con la provincia de Le\u00f3n y su hermosa capital que hemos realizado en DestinoCastillayLeon.es","robots":{"index":"index","follow":"follow","max-snippet":"max-snippet:-1","max-image-preview":"max-image-preview:large","max-video-preview":"max-video-preview:-1"},"canonical":"https:\/\/destinocastillayleon.es\/index\/provincias\/leon\/","og_locale":"es_ES","og_type":"article","og_title":"Recopilaci\u00f3n de entradas de Le\u00f3n","og_description":"Recopilaci\u00f3n de todas las entradas que tienen que ver con la provincia de Le\u00f3n y su hermosa capital que hemos realizado en DestinoCastillayLeon.es","og_url":"https:\/\/destinocastillayleon.es\/index\/provincias\/leon\/","og_site_name":"Destino Castilla y Le\u00f3n","article_publisher":"https:\/\/www.facebook.com\/DestinoCastillaYLeon\/","article_modified_time":"2018-01-18T23:08:52+00:00","og_image":[{"width":730,"height":183,"url":"https:\/\/destinocastillayleon.es\/index\/wp-content\/uploads\/2013\/01\/Skyline-de-Leon-02.jpg","type":"image\/jpeg"}],"twitter_card":"summary_large_image","twitter_title":"Recopilaci\u00f3n de entradas de Le\u00f3n","twitter_description":"Recopilaci\u00f3n de todas las entradas que tienen que ver con la provincia de Le\u00f3n y su hermosa capital que hemos realizado en DestinoCastillayLeon.es","twitter_image":"http:\/\/destinocastillayleon.es\/index\/wp-content\/uploads\/2013\/01\/Skyline-de-Leon-02.jpg","twitter_site":"@destinocyl","twitter_misc":{"Tiempo de lectura":"1 minuto"},"schema":{"@context":"https:\/\/schema.org","@graph":[{"@type":"WebPage","@id":"https:\/\/destinocastillayleon.es\/index\/provincias\/leon\/","url":"https:\/\/destinocastillayleon.es\/index\/provincias\/leon\/","name":"Nuestros art\u00edculos sobre qu\u00e9 ver y qu\u00e9 hacer en Le\u00f3n","isPartOf":{"@id":"https:\/\/destinocastillayleon.es\/index\/#website"},"primaryImageOfPage":{"@id":"https:\/\/destinocastillayleon.es\/index\/provincias\/leon\/#primaryimage"},"image":{"@id":"https:\/\/destinocastillayleon.es\/index\/provincias\/leon\/#primaryimage"},"thumbnailUrl":"https:\/\/destinocastillayleon.es\/index\/wp-content\/uploads\/2013\/01\/Skyline-de-Leon-02.jpg","datePublished":"2013-01-27T11:06:31+00:00","dateModified":"2018-01-18T23:08:52+00:00","description":"Recopilaci\u00f3n de todas las entradas que tienen que ver con la provincia de Le\u00f3n y su hermosa capital que hemos realizado en DestinoCastillayLeon.es","breadcrumb":{"@id":"https:\/\/destinocastillayleon.es\/index\/provincias\/leon\/#breadcrumb"},"inLanguage":"es","potentialAction":[{"@type":"ReadAction","target":["https:\/\/destinocastillayleon.es\/index\/provincias\/leon\/"]}]},{"@type":"ImageObject","inLanguage":"es","@id":"https:\/\/destinocastillayleon.es\/index\/provincias\/leon\/#primaryimage","url":"https:\/\/destinocastillayleon.es\/index\/wp-content\/uploads\/2013\/01\/Skyline-de-Leon-02.jpg","contentUrl":"https:\/\/destinocastillayleon.es\/index\/wp-content\/uploads\/2013\/01\/Skyline-de-Leon-02.jpg","width":730,"height":183},{"@type":"BreadcrumbList","@id":"https:\/\/destinocastillayleon.es\/index\/provincias\/leon\/#breadcrumb","itemListElement":[{"@type":"ListItem","position":1,"name":"Portada","item":"https:\/\/destinocastillayleon.es\/index\/"},{"@type":"ListItem","position":2,"name":"Provincias","item":"https:\/\/destinocastillayleon.es\/index\/provincias\/"},{"@type":"ListItem","position":3,"name":"Le\u00f3n"}]},{"@type":"WebSite","@id":"https:\/\/destinocastillayleon.es\/index\/#website","url":"https:\/\/destinocastillayleon.es\/index\/","name":"Destino Castilla y Le\u00f3n","description":"Medio digital independiente y revista de Castilla y Le\u00f3n dedicado al turismo, gastronom\u00eda y vino de Castilla y Le\u00f3n","potentialAction":[{"@type":"SearchAction","target":{"@type":"EntryPoint","urlTemplate":"https:\/\/destinocastillayleon.es\/index\/?s={search_term_string}"},"query-input":{"@type":"PropertyValueSpecification","valueRequired":true,"valueName":"search_term_string"}}],"inLanguage":"es"}]}},"_links":{"self":[{"href":"https:\/\/destinocastillayleon.es\/index\/wp-json\/wp\/v2\/pages\/285","targetHints":{"allow":["GET"]}}],"collection":[{"href":"https:\/\/destinocastillayleon.es\/index\/wp-json\/wp\/v2\/pages"}],"about":[{"href":"https:\/\/destinocastillayleon.es\/index\/wp-json\/wp\/v2\/types\/page"}],"author":[{"embeddable":true,"href":"https:\/\/destinocastillayleon.es\/index\/wp-json\/wp\/v2\/users\/2"}],"replies":[{"embeddable":true,"href":"https:\/\/destinocastillayleon.es\/index\/wp-json\/wp\/v2\/comments?post=285"}],"version-history":[{"count":44,"href":"https:\/\/destinocastillayleon.es\/index\/wp-json\/wp\/v2\/pages\/285\/revisions"}],"predecessor-version":[{"id":27345,"href":"https:\/\/destinocastillayleon.es\/index\/wp-json\/wp\/v2\/pages\/285\/revisions\/27345"}],"up":[{"embeddable":true,"href":"https:\/\/destinocastillayleon.es\/index\/wp-json\/wp\/v2\/pages\/658"}],"wp:featuredmedia":[{"embeddable":true,"href":"https:\/\/destinocastillayleon.es\/index\/wp-json\/wp\/v2\/media\/6147"}],"wp:attachment":[{"href":"https:\/\/destinocastillayleon.es\/index\/wp-json\/wp\/v2\/media?parent=285"}],"curies":[{"name":"wp","href":"https:\/\/api.w.org\/{rel}","templated":true}]}}