{"id":26298,"date":"2017-07-18T13:58:54","date_gmt":"2017-07-18T13:58:54","guid":{"rendered":"https:\/\/mnkythemes.com\/mag\/?page_id=443"},"modified":"2023-05-26T07:25:59","modified_gmt":"2023-05-26T05:25:59","slug":"home","status":"publish","type":"page","link":"https:\/\/destinocastillayleon.es\/index\/","title":{"rendered":"Home"},"content":{"rendered":"<p>[vc_row][vc_column][vc_empty_space height=\u00bb40px\u00bb][\/vc_column][\/vc_row][vc_row][vc_column width=\u00bb1\/2&#8243;][mnky_posts layout=\u00bb5&#8243; bg_image_height=\u00bb400px\u00bb cat_hide=\u00bboff\u00bb author_hide=\u00bboff\u00bb date_hide=\u00bboff\u00bb comments_hide=\u00bboff\u00bb views_hide=\u00bboff\u00bb posts_per_page=\u00bb1&#8243; el_id=\u00bb1500910428040-4e5564d7-52c7&#8243;][\/vc_column][vc_column width=\u00bb1\/2&#8243;][mnky_posts layout=\u00bb5&#8243; bg_image_height=\u00bb400px\u00bb cat_hide=\u00bboff\u00bb author_hide=\u00bboff\u00bb date_hide=\u00bboff\u00bb comments_hide=\u00bboff\u00bb views_hide=\u00bboff\u00bb no_duplicate=\u00bbyes\u00bb posts_per_page=\u00bb1&#8243; orderby=\u00bbrand\u00bb taxonomy=\u00bbcategory\u00bb el_id=\u00bb1500910205488-af11df56-9adf\u00bb category=\u00bbburgos-turismo, inspirate, leon-turismo, palencia-turismo, salamanca-turismo, segovia-turismo, soria-turismo, valladolid-turismo, zamora-turismo\u00bb][\/vc_column][\/vc_row][vc_row][vc_column][vc_empty_space height=\u00bb10px\u00bb][mnky_news_ticker title=\u00bbSponsored Content\u00bb post_type=\u00bbpost\u00bb posts_per_page=\u00bb2&#8243; orderby=\u00bbcomment_count\u00bb tag=\u00bbsponsored\u00bb][vc_empty_space height=\u00bb40px\u00bb][mnky_posts column_layout=\u00bbcolumn-count-3&#8243; title_size=\u00bb24px\u00bb content_type=\u00bbexcerpt\u00bb label_hide=\u00bboff\u00bb cat_hide=\u00bboff\u00bb date_hide=\u00bboff\u00bb views_hide=\u00bboff\u00bb no_duplicate=\u00bbyes\u00bb posts_per_page=\u00bb3&#8243; el_id=\u00bb1500908611261-dbbafe59-389b\u00bb][vc_empty_space height=\u00bb10px\u00bb][\/vc_column][\/vc_row][vc_row css=\u00bb.vc_custom_1501012346317{background-position: center !important;background-repeat: no-repeat !important;background-size: cover !important;}\u00bb][vc_column][mnky_heading title=\u00bbEncuentra las mejores ofertas de alojamiento\u00bb][vc_empty_space height=\u00bb20px\u00bb][vc_raw_html]JTNDY2VudGVyJTNFJTNDaW5zJTIwY2xhc3MlM0QlMjJib29raW5nYWZmJTIyJTIwZGF0YS1haWQlM0QlMjIxMzY2MTA4JTIyJTIwZGF0YS10YXJnZXRfYWlkJTNEJTIyMTM2NjEwOCUyMiUyMGRhdGEtcHJvZCUzRCUyMnNicCUyMiUyMGRhdGEtd2lkdGglM0QlMjIxMDAwJTIyJTIwZGF0YS1oZWlnaHQlM0QlMjIxMzAlMjIlMjBkYXRhLWNjMSUzRCUyMmVzJTIyJTIwZGF0YS1kZl9udW1fcHJvcGVydGllcyUzRCUyMjMlMjIlM0UlMEElMjAlMjAlMjAlMjAlM0MlMjEtLSUyMEFueXRoaW5nJTIwaW5zaWRlJTIwd2lsbCUyMGdvJTIwYXdheSUyMG9uY2UlMjB3aWRnZXQlMjBpcyUyMGxvYWRlZC4lMjAtLSUzRSUwQSUyMCUyMCUyMCUyMCUyMCUyMCUyMCUyMCUzQ2ElMjBocmVmJTNEJTIyJTJGJTJGd3d3LmJvb2tpbmcuY29tJTNGYWlkJTNEMTM2NjEwOCUyMiUzRUJvb2tpbmcuY29tJTNDJTJGYSUzRSUwQSUzQyUyRmlucyUzRSUwQSUzQ3NjcmlwdCUyMHR5cGUlM0QlMjJ0ZXh0JTJGamF2YXNjcmlwdCUyMiUzRSUwQSUyMCUyMCUyMCUyMCUyOGZ1bmN0aW9uJTI4ZCUyQyUyMHNjJTJDJTIwdSUyOSUyMCU3QiUwQSUyMCUyMCUyMCUyMCUyMCUyMHZhciUyMHMlMjAlM0QlMjBkLmNyZWF0ZUVsZW1lbnQlMjhzYyUyOSUyQyUyMHAlMjAlM0QlMjBkLmdldEVsZW1lbnRzQnlUYWdOYW1lJTI4c2MlMjklNUIwJTVEJTNCJTBBJTIwJTIwJTIwJTIwJTIwJTIwcy50eXBlJTIwJTNEJTIwJTI3dGV4dCUyRmphdmFzY3JpcHQlMjclM0IlMEElMjAlMjAlMjAlMjAlMjAlMjBzLmFzeW5jJTIwJTNEJTIwdHJ1ZSUzQiUwQSUyMCUyMCUyMCUyMCUyMCUyMHMuc3JjJTIwJTNEJTIwdSUyMCUyQiUyMCUyNyUzRnYlM0QlMjclMjAlMkIlMjAlMjglMkJuZXclMjBEYXRlJTI4JTI5JTI5JTNCJTBBJTIwJTIwJTIwJTIwJTIwJTIwcC5wYXJlbnROb2RlLmluc2VydEJlZm9yZSUyOHMlMkNwJTI5JTNCJTBBJTIwJTIwJTIwJTIwJTIwJTIwJTdEJTI5JTI4ZG9jdW1lbnQlMkMlMjAlMjdzY3JpcHQlMjclMkMlMjAlMjclMkYlMkZhZmYuYnN0YXRpYy5jb20lMkZzdGF0aWMlMkZhZmZpbGlhdGVfYmFzZSUyRmpzJTJGZmxleGlwcm9kdWN0LmpzJTI3JTI5JTNCJTBBJTNDJTJGc2NyaXB0JTNFJTNDJTJGY2VudGVyJTNF[\/vc_raw_html][vc_empty_space height=\u00bb40px\u00bb][\/vc_column][\/vc_row][vc_row][vc_column][mnky_posts_grid grid_layout=\u00bbmpg-layout-2&#8243; grid_height=\u00bb405&#8243; thumbnail_size=\u00bblarge\u00bb cat_hide=\u00bboff\u00bb comments_hide=\u00bboff\u00bb views_hide=\u00bboff\u00bb post_format_hide=\u00bboff\u00bb no_duplicate=\u00bbyes\u00bb post_type=\u00bbpost\u00bb][vc_empty_space height=\u00bb40px\u00bb][\/vc_column][\/vc_row][vc_row][vc_column offset=\u00bbvc_col-md-8&#8243;][mnky_heading title=\u00bbNoticias y actualidad\u00bb][vc_empty_space height=\u00bb40px\u00bb][mnky_posts layout=\u00bb5&#8243; bg_image_height=\u00bb400px\u00bb thumbnail_size=\u00bbmnky_size-1200&#215;800&#8243; label_hide=\u00bboff\u00bb cat_hide=\u00bboff\u00bb date_hide=\u00bboff\u00bb comments_hide=\u00bboff\u00bb views_hide=\u00bboff\u00bb no_duplicate=\u00bbyes\u00bb posts_per_page=\u00bb1&#8243; taxonomy=\u00bbcategory\u00bb el_id=\u00bb1500974021788-3789ab6c-6cc4&#8243; category=\u00bbactualidad-y-agenda-de-castilla-y-leon, agenda, avila-actualidad, leon-actualidad, salamanca-actualidad, segovia-actualidad, soria-actualidad, valladolid-actualidad, zamora-actualidad\u00bb][vc_empty_space height=\u00bb10px\u00bb][mnky_posts column_layout=\u00bbcolumn-count-2&#8243; title_size=\u00bb24px\u00bb label_hide=\u00bboff\u00bb cat_hide=\u00bboff\u00bb author_hide=\u00bboff\u00bb date_hide=\u00bboff\u00bb no_duplicate=\u00bbyes\u00bb posts_per_page=\u00bb6&#8243; taxonomy=\u00bbpost_tag\u00bb tax_operator=\u00bbNOT IN\u00bb el_id=\u00bb1500807572652-dccd58df-c4ed\u00bb tag=\u00bbreview\u00bb][vc_empty_space height=\u00bb10px\u00bb][\/vc_column][vc_column el_class=\u00bbsticky-container\u00bb offset=\u00bbvc_col-md-4&#8243;][mnky_heading title=\u00bb\u00a1\u00danete a nuestro Wine Club!\u00bb][mnky_ads id=\u00bb35644&#8243; css_animation=\u00bbnone\u00bb][vc_empty_space height=\u00bb10px\u00bb][vc_empty_space height=\u00bb40px\u00bb][mnky_heading title=\u00bbEncuentra ofertas donde quieras\u00bb][vc_empty_space height=\u00bb10px\u00bb][vc_column_text]<ins class=\"bookingaff\" data-aid=\"1366117\" data-target_aid=\"1366117\" data-prod=\"nsb\" data-width=\"100%\" data-height=\"auto\" data-lang=\"es-ES\" data-df_num_properties=\"3\"><br \/>\n<!-- Anything inside will go away once widget is loaded. --><br \/>\n<a href=\"\/\/www.booking.com?aid=1366117\">Booking.com<\/a><br \/>\n<\/ins><br \/>\n<script type=\"text\/javascript\">\n    (function(d, sc, u) {\n      var s = d.createElement(sc), p = d.getElementsByTagName(sc)[0];\n      s.type = 'text\/javascript';\n      s.async = true;\n      s.src = u + '?v=' + (+new Date());\n      p.parentNode.insertBefore(s,p);\n      })(document, 'script', '\/\/aff.bstatic.com\/static\/affiliate_base\/js\/flexiproduct.js');\n<\/script><br \/>\n[\/vc_column_text][vc_empty_space height=\u00bb40px\u00bb][mnky_heading title=\u00bbEntradas m\u00e1s comentadas\u00bb][vc_empty_space height=\u00bb10px\u00bb][mnky_posts layout=\u00bb4&#8243; title_size=\u00bb22px\u00bb post_nr=\u00bbon\u00bb thumbnail_size=\u00bbmnky_size-100&#215;100&#8243; label_hide=\u00bboff\u00bb rating_hide=\u00bboff\u00bb cat_hide=\u00bboff\u00bb author_hide=\u00bboff\u00bb date_hide=\u00bboff\u00bb comments_hide=\u00bboff\u00bb post_format_hide=\u00bboff\u00bb allow_duplicate=\u00bbyes\u00bb posts_per_page=\u00bb5&#8243; orderby=\u00bbmeta_value_num\u00bb el_id=\u00bb1500906205912-02fe3a57-1e99&#8243;][vc_empty_space height=\u00bb10px\u00bb][mnky_heading title=\u00bbEntradas destacadas\u00bb][vc_empty_space height=\u00bb40px\u00bb][mnky_posts layout=\u00bb5&#8243; bg_image_height=\u00bb250px\u00bb title_size=\u00bb22px\u00bb label_hide=\u00bboff\u00bb rating_hide=\u00bboff\u00bb cat_hide=\u00bboff\u00bb author_hide=\u00bboff\u00bb date_hide=\u00bboff\u00bb comments_hide=\u00bboff\u00bb views_hide=\u00bboff\u00bb post_format_hide=\u00bboff\u00bb posts_per_page=\u00bb2&#8243; taxonomy=\u00bbpost_tag\u00bb el_id=\u00bb1500906770903-b0d8baa3-7319&#8243; tag=\u00bbsponsored\u00bb][vc_empty_space height=\u00bb10px\u00bb][\/vc_column][\/vc_row][vc_row full_width=\u00bbstretch_row\u00bb css=\u00bb.vc_custom_1500908657701{background-color: #f8f8f8 !important;}\u00bb][vc_column][vc_empty_space height=\u00bb40px\u00bb][mnky_heading title=\u00bbEncuentra la mejor inspiraci\u00f3n\u00bb align=\u00bbalign-center\u00bb][vc_empty_space height=\u00bb40px\u00bb][mnky_posts column_layout=\u00bbcolumn-count-3&#8243; title_size=\u00bb24px\u00bb label_hide=\u00bboff\u00bb rating_hide=\u00bboff\u00bb cat_hide=\u00bboff\u00bb date_hide=\u00bboff\u00bb no_duplicate=\u00bbyes\u00bb posts_per_page=\u00bb3&#8243; offset=\u00bb3&#8243; taxonomy=\u00bbcategory\u00bb el_id=\u00bb1500811755408-b319591f-fd0f\u00bb category=\u00bbinspirate\u00bb][vc_empty_space height=\u00bb40px\u00bb][\/vc_column][\/vc_row][vc_row][vc_column][vc_empty_space height=\u00bb40px\u00bb][\/vc_column][\/vc_row][vc_row][vc_column offset=\u00bbvc_col-md-6&#8243;][mnky_posts layout=\u00bb5&#8243; bg_image_height=\u00bb400px\u00bb cat_hide=\u00bboff\u00bb author_hide=\u00bboff\u00bb date_hide=\u00bboff\u00bb comments_hide=\u00bboff\u00bb views_hide=\u00bboff\u00bb no_duplicate=\u00bbyes\u00bb posts_per_page=\u00bb1&#8243; taxonomy=\u00bbcategory\u00bb el_id=\u00bb1500907183867-20b25fbc-c079&#8243; category=\u00bblifestyle\u00bb][\/vc_column][vc_column offset=\u00bbvc_col-md-6&#8243;][mnky_posts layout=\u00bb5&#8243; bg_image_height=\u00bb400px\u00bb column_layout=\u00bbcolumn-count-3&#8243; title_size=\u00bb18px\u00bb label_hide=\u00bboff\u00bb rating_hide=\u00bboff\u00bb cat_hide=\u00bboff\u00bb author_hide=\u00bboff\u00bb date_hide=\u00bboff\u00bb comments_hide=\u00bboff\u00bb views_hide=\u00bboff\u00bb post_format_hide=\u00bboff\u00bb no_duplicate=\u00bbyes\u00bb posts_per_page=\u00bb3&#8243; taxonomy=\u00bbcategory\u00bb el_id=\u00bb1500974076367-7156806f-5610&#8243; category=\u00bblifestyle\u00bb][\/vc_column][\/vc_row][vc_row][vc_column][vc_empty_space height=\u00bb10px\u00bb][mnky_heading title=\u00bbIdeas para hacer turismo \u00ab][vc_empty_space height=\u00bb40px\u00bb][\/vc_column][\/vc_row][vc_row][vc_column offset=\u00bbvc_col-md-8&#8243;][mnky_posts layout=\u00bb2&#8243; title_size=\u00bb24px\u00bb content_type=\u00bbexcerpt\u00bb cat_hide=\u00bboff\u00bb post_format_hide=\u00bboff\u00bb no_duplicate=\u00bbyes\u00bb posts_per_page=\u00bb5&#8243; taxonomy=\u00bbcategory\u00bb el_id=\u00bb1500974681163-e9b6ae1c-abc6&#8243; category=\u00bbavila-turismo, burgos-turismo, leon-turismo, palencia-turismo, rutas_por_cyl, salamanca-turismo, segovia-turismo, soria-turismo, valladolid-turismo\u00bb][\/vc_column][vc_column el_class=\u00bbsticky-container\u00bb offset=\u00bbvc_col-md-4&#8243;][mnky_posts layout=\u00bb5&#8243; bg_image_height=\u00bb400px\u00bb cat_hide=\u00bboff\u00bb author_hide=\u00bboff\u00bb date_hide=\u00bboff\u00bb comments_hide=\u00bboff\u00bb views_hide=\u00bboff\u00bb no_duplicate=\u00bbyes\u00bb posts_per_page=\u00bb1&#8243; taxonomy=\u00bbpost_tag\u00bb tax_operator=\u00bbNOT IN\u00bb el_id=\u00bb1500974681130-a2854ae2-1b15&#8243; tag=\u00bbreview\u00bb][mnky_ads id=\u00bb83&#8243;][vc_empty_space height=\u00bb40px\u00bb][\/vc_column][\/vc_row][vc_row][vc_column][vc_empty_space height=\u00bb10px\u00bb][mnky_heading title=\u00bbDel buen comer y beber en Castilla y Le\u00f3n\u00bb][vc_empty_space height=\u00bb40px\u00bb][mnky_posts column_layout=\u00bbcolumn-count-4&#8243; title_size=\u00bb18px\u00bb thumbnail_size=\u00bbmnky_size-300&#215;200&#8243; rating_hide=\u00bboff\u00bb cat_hide=\u00bboff\u00bb date_hide=\u00bboff\u00bb post_format_hide=\u00bboff\u00bb posts_per_page=\u00bb8&#8243; taxonomy=\u00bbcategory\u00bb el_id=\u00bb1500981004867-60501ea0-420d\u00bb category=\u00bbenoturismo, gourmet, gastronomia, jornadas-gastronomicas, recetas, comer, rutas_de_tapeo, vino_blanco, vino_espumoso, vino_rosado, vino_tinto, visitando_bodegas\u00bb][vc_empty_space height=\u00bb40px\u00bb][\/vc_column][\/vc_row][vc_row full_width=\u00bbstretch_row\u00bb css=\u00bb.vc_custom_1500981575339{background-color: #f8f8f8 !important;}\u00bb][vc_column][vc_empty_space height=\u00bb40px\u00bb][mnky_heading title=\u00bbOtras entradas que te pueden interesar\u00bb][vc_empty_space height=\u00bb40px\u00bb][vc_row_inner][vc_column_inner width=\u00bb1\/2&#8243; offset=\u00bbvc_col-md-3&#8243;][mnky_category img_url=\u00bb31250&#8243; a_target=\u00bb_blank\u00bb category=\u00bbviajar-con-ninos-rutas-2&#8243; a_title=\u00bbTurismo familiar\u00bb][vc_empty_space height=\u00bb10px\u00bb][\/vc_column_inner][vc_column_inner width=\u00bb1\/2&#8243; offset=\u00bbvc_col-md-3&#8243;][mnky_category img_url=\u00bb31254&#8243; a_target=\u00bb_blank\u00bb category=\u00bbturismo-micologico\u00bb a_title=\u00bbTurismo micol\u00f3gico\u00bb][vc_empty_space height=\u00bb10px\u00bb][\/vc_column_inner][vc_column_inner width=\u00bb1\/2&#8243; offset=\u00bbvc_col-md-3&#8243;][mnky_category img_url=\u00bb31251&#8243; a_target=\u00bb_blank\u00bb category=\u00bbcentenario-santa-teresa\u00bb][vc_empty_space height=\u00bb10px\u00bb][\/vc_column_inner][vc_column_inner width=\u00bb1\/2&#8243; offset=\u00bbvc_col-md-3&#8243;][mnky_category img_url=\u00bb31252&#8243; a_target=\u00bb_blank\u00bb category=\u00bbsenderismo-2&#8243;][vc_empty_space height=\u00bb10px\u00bb][\/vc_column_inner][\/vc_row_inner][vc_empty_space height=\u00bb40px\u00bb][\/vc_column][\/vc_row]<\/p>\n","protected":false},"excerpt":{"rendered":"<p>[vc_row][vc_column][vc_empty_space height=\u00bb40px\u00bb][\/vc_column][\/vc_row][vc_row][vc_column width=\u00bb1\/2&#8243;][mnky_posts layout=\u00bb5&#8243; bg_image_height=\u00bb400px\u00bb cat_hide=\u00bboff\u00bb author_hide=\u00bboff\u00bb date_hide=\u00bboff\u00bb comments_hide=\u00bboff\u00bb views_hide=\u00bboff\u00bb posts_per_page=\u00bb1&#8243; el_id=\u00bb1500910428040-4e5564d7-52c7&#8243;][\/vc_column][vc_column width=\u00bb1\/2&#8243;][mnky_posts layout=\u00bb5&#8243; bg_image_height=\u00bb400px\u00bb cat_hide=\u00bboff\u00bb author_hide=\u00bboff\u00bb date_hide=\u00bboff\u00bb comments_hide=\u00bboff\u00bb views_hide=\u00bboff\u00bb no_duplicate=\u00bbyes\u00bb posts_per_page=\u00bb1&#8243; orderby=\u00bbrand\u00bb taxonomy=\u00bbcategory\u00bb el_id=\u00bb1500910205488-af11df56-9adf\u00bb category=\u00bbburgos-turismo, inspirate, leon-turismo, palencia-turismo, salamanca-turismo, segovia-turismo, soria-turismo, valladolid-turismo, zamora-turismo\u00bb][\/vc_column][\/vc_row][vc_row][vc_column][vc_empty_space height=\u00bb10px\u00bb][mnky_news_ticker title=\u00bbSponsored Content\u00bb post_type=\u00bbpost\u00bb posts_per_page=\u00bb2&#8243; orderby=\u00bbcomment_count\u00bb tag=\u00bbsponsored\u00bb][vc_empty_space height=\u00bb40px\u00bb][mnky_posts column_layout=\u00bbcolumn-count-3&#8243; title_size=\u00bb24px\u00bb content_type=\u00bbexcerpt\u00bb label_hide=\u00bboff\u00bb cat_hide=\u00bboff\u00bb date_hide=\u00bboff\u00bb views_hide=\u00bboff\u00bb no_duplicate=\u00bbyes\u00bb posts_per_page=\u00bb3&#8243; el_id=\u00bb1500908611261-dbbafe59-389b\u00bb][vc_empty_space height=\u00bb10px\u00bb][\/vc_column][\/vc_row][vc_row css=\u00bb.vc_custom_1501012346317{background-position: center !important;background-repeat: no-repeat !important;background-size: cover !important;}\u00bb][vc_column][mnky_heading title=\u00bbEncuentra las mejores ofertas de alojamiento\u00bb][vc_empty_space height=\u00bb20px\u00bb][vc_raw_html]JTNDY2VudGVyJTNFJTNDaW5zJTIwY2xhc3MlM0QlMjJib29raW5nYWZmJTIyJTIwZGF0YS1haWQlM0QlMjIxMzY2MTA4JTIyJTIwZGF0YS10YXJnZXRfYWlkJTNEJTIyMTM2NjEwOCUyMiUyMGRhdGEtcHJvZCUzRCUyMnNicCUyMiUyMGRhdGEtd2lkdGglM0QlMjIxMDAwJTIyJTIwZGF0YS1oZWlnaHQlM0QlMjIxMzAlMjIlMjBkYXRhLWNjMSUzRCUyMmVzJTIyJTIwZGF0YS1kZl9udW1fcHJvcGVydGllcyUzRCUyMjMlMjIlM0UlMEElMjAlMjAlMjAlMjAlM0MlMjEtLSUyMEFueXRoaW5nJTIwaW5zaWRlJTIwd2lsbCUyMGdvJTIwYXdheSUyMG9uY2UlMjB3aWRnZXQlMjBpcyUyMGxvYWRlZC4lMjAtLSUzRSUwQSUyMCUyMCUyMCUyMCUyMCUyMCUyMCUyMCUzQ2ElMjBocmVmJTNEJTIyJTJGJTJGd3d3LmJvb2tpbmcuY29tJTNGYWlkJTNEMTM2NjEwOCUyMiUzRUJvb2tpbmcuY29tJTNDJTJGYSUzRSUwQSUzQyUyRmlucyUzRSUwQSUzQ3NjcmlwdCUyMHR5cGUlM0QlMjJ0ZXh0JTJGamF2YXNjcmlwdCUyMiUzRSUwQSUyMCUyMCUyMCUyMCUyOGZ1bmN0aW9uJTI4ZCUyQyUyMHNjJTJDJTIwdSUyOSUyMCU3QiUwQSUyMCUyMCUyMCUyMCUyMCUyMHZhciUyMHMlMjAlM0QlMjBkLmNyZWF0ZUVsZW1lbnQlMjhzYyUyOSUyQyUyMHAlMjAlM0QlMjBkLmdldEVsZW1lbnRzQnlUYWdOYW1lJTI4c2MlMjklNUIwJTVEJTNCJTBBJTIwJTIwJTIwJTIwJTIwJTIwcy50eXBlJTIwJTNEJTIwJTI3dGV4dCUyRmphdmFzY3JpcHQlMjclM0IlMEElMjAlMjAlMjAlMjAlMjAlMjBzLmFzeW5jJTIwJTNEJTIwdHJ1ZSUzQiUwQSUyMCUyMCUyMCUyMCUyMCUyMHMuc3JjJTIwJTNEJTIwdSUyMCUyQiUyMCUyNyUzRnYlM0QlMjclMjAlMkIlMjAlMjglMkJuZXclMjBEYXRlJTI4JTI5JTI5JTNCJTBBJTIwJTIwJTIwJTIwJTIwJTIwcC5wYXJlbnROb2RlLmluc2VydEJlZm9yZSUyOHMlMkNwJTI5JTNCJTBBJTIwJTIwJTIwJTIwJTIwJTIwJTdEJTI5JTI4ZG9jdW1lbnQlMkMlMjAlMjdzY3JpcHQlMjclMkMlMjAlMjclMkYlMkZhZmYuYnN0YXRpYy5jb20lMkZzdGF0aWMlMkZhZmZpbGlhdGVfYmFzZSUyRmpzJTJGZmxleGlwcm9kdWN0LmpzJTI3JTI5JTNCJTBBJTNDJTJGc2NyaXB0JTNFJTNDJTJGY2VudGVyJTNF[\/vc_raw_html][vc_empty_space height=\u00bb40px\u00bb][\/vc_column][\/vc_row][vc_row][vc_column][mnky_posts_grid grid_layout=\u00bbmpg-layout-2&#8243; grid_height=\u00bb405&#8243; thumbnail_size=\u00bblarge\u00bb cat_hide=\u00bboff\u00bb comments_hide=\u00bboff\u00bb views_hide=\u00bboff\u00bb post_format_hide=\u00bboff\u00bb no_duplicate=\u00bbyes\u00bb post_type=\u00bbpost\u00bb][vc_empty_space height=\u00bb40px\u00bb][\/vc_column][\/vc_row][vc_row][vc_column offset=\u00bbvc_col-md-8&#8243;][mnky_heading title=\u00bbNoticias y actualidad\u00bb][vc_empty_space height=\u00bb40px\u00bb][mnky_posts layout=\u00bb5&#8243; bg_image_height=\u00bb400px\u00bb thumbnail_size=\u00bbmnky_size-1200&#215;800&#8243; label_hide=\u00bboff\u00bb cat_hide=\u00bboff\u00bb date_hide=\u00bboff\u00bb comments_hide=\u00bboff\u00bb views_hide=\u00bboff\u00bb no_duplicate=\u00bbyes\u00bb posts_per_page=\u00bb1&#8243; taxonomy=\u00bbcategory\u00bb el_id=\u00bb1500974021788-3789ab6c-6cc4&#8243; category=\u00bbactualidad-y-agenda-de-castilla-y-leon, agenda, avila-actualidad, leon-actualidad, salamanca-actualidad, segovia-actualidad, soria-actualidad, valladolid-actualidad, zamora-actualidad\u00bb][vc_empty_space height=\u00bb10px\u00bb][mnky_posts column_layout=\u00bbcolumn-count-2&#8243; title_size=\u00bb24px\u00bb label_hide=\u00bboff\u00bb cat_hide=\u00bboff\u00bb author_hide=\u00bboff\u00bb &hellip; <\/p>\n","protected":false},"author":2,"featured_media":0,"parent":0,"menu_order":0,"comment_status":"closed","ping_status":"closed","template":"page-no-paddings.php","meta":{"rop_custom_images_group":[],"rop_custom_messages_group":[],"rop_publish_now":"initial","rop_publish_now_accounts":{"twitter_1150954226_1150954226":""},"rop_publish_now_history":[],"rop_publish_now_status":"pending","footnotes":""},"class_list":["post-26298","page","type-page","status-publish","hentry"],"yoast_head":"<!-- This site is optimized with the Yoast SEO Premium plugin v20.4 (Yoast SEO v27.4) - https:\/\/yoast.com\/product\/yoast-seo-premium-wordpress\/ -->\n<title>Home - Destino Castilla y Le\u00f3n<\/title>\n<meta name=\"description\" content=\"Planes para viajar por Castilla y Le\u00f3n. Gu\u00edas de viaje. Viajar con ni\u00f1os por Castilla y Le\u00f3n, escapadas en pareja, rutas tur\u00edsticas, actividades gastron\u00f3micas\" \/>\n<meta name=\"robots\" content=\"index, follow, max-snippet:-1, max-image-preview:large, max-video-preview:-1\" \/>\n<link rel=\"canonical\" href=\"https:\/\/destinocastillayleon.es\/index\/\" \/>\n<meta property=\"og:locale\" content=\"es_ES\" \/>\n<meta property=\"og:type\" content=\"article\" \/>\n<meta property=\"og:title\" content=\"Home\" \/>\n<meta property=\"og:description\" content=\"Planes para viajar por Castilla y Le\u00f3n. Gu\u00edas de viaje. Viajar con ni\u00f1os por Castilla y Le\u00f3n, escapadas en pareja, rutas tur\u00edsticas, actividades gastron\u00f3micas\" \/>\n<meta property=\"og:url\" content=\"https:\/\/destinocastillayleon.es\/index\/\" \/>\n<meta property=\"og:site_name\" content=\"Destino Castilla y Le\u00f3n\" \/>\n<meta property=\"article:publisher\" content=\"https:\/\/www.facebook.com\/DestinoCastillaYLeon\/\" \/>\n<meta property=\"article:modified_time\" content=\"2023-05-26T05:25:59+00:00\" \/>\n<meta name=\"twitter:card\" content=\"summary_large_image\" \/>\n<meta name=\"twitter:site\" content=\"@destinocyl\" \/>\n<meta name=\"twitter:label1\" content=\"Tiempo de lectura\" \/>\n\t<meta name=\"twitter:data1\" content=\"2 minutos\" \/>\n<script type=\"application\/ld+json\" class=\"yoast-schema-graph\">{\"@context\":\"https:\\\/\\\/schema.org\",\"@graph\":[{\"@type\":\"WebPage\",\"@id\":\"https:\\\/\\\/destinocastillayleon.es\\\/index\\\/\",\"url\":\"https:\\\/\\\/destinocastillayleon.es\\\/index\\\/\",\"name\":\"Home - Destino Castilla y Le\u00f3n\",\"isPartOf\":{\"@id\":\"https:\\\/\\\/destinocastillayleon.es\\\/index\\\/#website\"},\"datePublished\":\"2017-07-18T13:58:54+00:00\",\"dateModified\":\"2023-05-26T05:25:59+00:00\",\"description\":\"Planes para viajar por Castilla y Le\u00f3n. Gu\u00edas de viaje. Viajar con ni\u00f1os por Castilla y Le\u00f3n, escapadas en pareja, rutas tur\u00edsticas, actividades gastron\u00f3micas\",\"breadcrumb\":{\"@id\":\"https:\\\/\\\/destinocastillayleon.es\\\/index\\\/#breadcrumb\"},\"inLanguage\":\"es\",\"potentialAction\":[{\"@type\":\"ReadAction\",\"target\":[\"https:\\\/\\\/destinocastillayleon.es\\\/index\\\/\"]}]},{\"@type\":\"BreadcrumbList\",\"@id\":\"https:\\\/\\\/destinocastillayleon.es\\\/index\\\/#breadcrumb\",\"itemListElement\":[{\"@type\":\"ListItem\",\"position\":1,\"name\":\"Portada\",\"item\":\"https:\\\/\\\/destinocastillayleon.es\\\/index\\\/\"},{\"@type\":\"ListItem\",\"position\":2,\"name\":\"Home\"}]},{\"@type\":\"WebSite\",\"@id\":\"https:\\\/\\\/destinocastillayleon.es\\\/index\\\/#website\",\"url\":\"https:\\\/\\\/destinocastillayleon.es\\\/index\\\/\",\"name\":\"Destino Castilla y Le\u00f3n\",\"description\":\"Medio digital independiente y revista de Castilla y Le\u00f3n dedicado al turismo, gastronom\u00eda y vino de Castilla y Le\u00f3n\",\"potentialAction\":[{\"@type\":\"SearchAction\",\"target\":{\"@type\":\"EntryPoint\",\"urlTemplate\":\"https:\\\/\\\/destinocastillayleon.es\\\/index\\\/?s={search_term_string}\"},\"query-input\":{\"@type\":\"PropertyValueSpecification\",\"valueRequired\":true,\"valueName\":\"search_term_string\"}}],\"inLanguage\":\"es\"}]}<\/script>\n<!-- \/ Yoast SEO Premium plugin. -->","yoast_head_json":{"title":"Home - Destino Castilla y Le\u00f3n","description":"Planes para viajar por Castilla y Le\u00f3n. Gu\u00edas de viaje. Viajar con ni\u00f1os por Castilla y Le\u00f3n, escapadas en pareja, rutas tur\u00edsticas, actividades gastron\u00f3micas","robots":{"index":"index","follow":"follow","max-snippet":"max-snippet:-1","max-image-preview":"max-image-preview:large","max-video-preview":"max-video-preview:-1"},"canonical":"https:\/\/destinocastillayleon.es\/index\/","og_locale":"es_ES","og_type":"article","og_title":"Home","og_description":"Planes para viajar por Castilla y Le\u00f3n. Gu\u00edas de viaje. Viajar con ni\u00f1os por Castilla y Le\u00f3n, escapadas en pareja, rutas tur\u00edsticas, actividades gastron\u00f3micas","og_url":"https:\/\/destinocastillayleon.es\/index\/","og_site_name":"Destino Castilla y Le\u00f3n","article_publisher":"https:\/\/www.facebook.com\/DestinoCastillaYLeon\/","article_modified_time":"2023-05-26T05:25:59+00:00","twitter_card":"summary_large_image","twitter_site":"@destinocyl","twitter_misc":{"Tiempo de lectura":"2 minutos"},"schema":{"@context":"https:\/\/schema.org","@graph":[{"@type":"WebPage","@id":"https:\/\/destinocastillayleon.es\/index\/","url":"https:\/\/destinocastillayleon.es\/index\/","name":"Home - Destino Castilla y Le\u00f3n","isPartOf":{"@id":"https:\/\/destinocastillayleon.es\/index\/#website"},"datePublished":"2017-07-18T13:58:54+00:00","dateModified":"2023-05-26T05:25:59+00:00","description":"Planes para viajar por Castilla y Le\u00f3n. Gu\u00edas de viaje. Viajar con ni\u00f1os por Castilla y Le\u00f3n, escapadas en pareja, rutas tur\u00edsticas, actividades gastron\u00f3micas","breadcrumb":{"@id":"https:\/\/destinocastillayleon.es\/index\/#breadcrumb"},"inLanguage":"es","potentialAction":[{"@type":"ReadAction","target":["https:\/\/destinocastillayleon.es\/index\/"]}]},{"@type":"BreadcrumbList","@id":"https:\/\/destinocastillayleon.es\/index\/#breadcrumb","itemListElement":[{"@type":"ListItem","position":1,"name":"Portada","item":"https:\/\/destinocastillayleon.es\/index\/"},{"@type":"ListItem","position":2,"name":"Home"}]},{"@type":"WebSite","@id":"https:\/\/destinocastillayleon.es\/index\/#website","url":"https:\/\/destinocastillayleon.es\/index\/","name":"Destino Castilla y Le\u00f3n","description":"Medio digital independiente y revista de Castilla y Le\u00f3n dedicado al turismo, gastronom\u00eda y vino de Castilla y Le\u00f3n","potentialAction":[{"@type":"SearchAction","target":{"@type":"EntryPoint","urlTemplate":"https:\/\/destinocastillayleon.es\/index\/?s={search_term_string}"},"query-input":{"@type":"PropertyValueSpecification","valueRequired":true,"valueName":"search_term_string"}}],"inLanguage":"es"}]}},"_links":{"self":[{"href":"https:\/\/destinocastillayleon.es\/index\/wp-json\/wp\/v2\/pages\/26298","targetHints":{"allow":["GET"]}}],"collection":[{"href":"https:\/\/destinocastillayleon.es\/index\/wp-json\/wp\/v2\/pages"}],"about":[{"href":"https:\/\/destinocastillayleon.es\/index\/wp-json\/wp\/v2\/types\/page"}],"author":[{"embeddable":true,"href":"https:\/\/destinocastillayleon.es\/index\/wp-json\/wp\/v2\/users\/2"}],"replies":[{"embeddable":true,"href":"https:\/\/destinocastillayleon.es\/index\/wp-json\/wp\/v2\/comments?post=26298"}],"version-history":[{"count":41,"href":"https:\/\/destinocastillayleon.es\/index\/wp-json\/wp\/v2\/pages\/26298\/revisions"}],"predecessor-version":[{"id":36983,"href":"https:\/\/destinocastillayleon.es\/index\/wp-json\/wp\/v2\/pages\/26298\/revisions\/36983"}],"wp:attachment":[{"href":"https:\/\/destinocastillayleon.es\/index\/wp-json\/wp\/v2\/media?parent=26298"}],"curies":[{"name":"wp","href":"https:\/\/api.w.org\/{rel}","templated":true}]}}