{"id":23,"date":"2013-01-11T19:26:59","date_gmt":"2013-01-11T19:26:59","guid":{"rendered":"http:\/\/destinocastillayleon.es\/index\/?page_id=23"},"modified":"2014-02-18T22:20:16","modified_gmt":"2014-02-18T22:20:16","slug":"galeria-de-fotos","status":"publish","type":"page","link":"https:\/\/destinocastillayleon.es\/index\/turismo-cyl\/galeria-de-fotos\/","title":{"rendered":"Galer\u00eda de fotos"},"content":{"rendered":"","protected":false},"excerpt":{"rendered":"","protected":false},"author":9,"featured_media":5307,"parent":3443,"menu_order":0,"comment_status":"open","ping_status":"closed","template":"template-homepage.php","meta":{"rop_custom_images_group":[],"rop_custom_messages_group":[],"rop_publish_now":"initial","rop_publish_now_accounts":{"twitter_1150954226_1150954226":""},"rop_publish_now_history":[],"rop_publish_now_status":"pending","footnotes":""},"class_list":["post-23","page","type-page","status-publish","has-post-thumbnail","hentry"],"yoast_head":"<!-- This site is optimized with the Yoast SEO Premium plugin v20.4 (Yoast SEO v27.4) - https:\/\/yoast.com\/product\/yoast-seo-premium-wordpress\/ -->\n<title>Galerias de fotos de Castilla y Le\u00f3n<\/title>\n<meta name=\"description\" content=\"Galer\u00edas de fotos que hemos tomado en nuestros viajes, seg\u00fan hemos ido visitando sus hermosos rincones.\" \/>\n<meta name=\"robots\" content=\"index, follow, max-snippet:-1, max-image-preview:large, max-video-preview:-1\" \/>\n<link rel=\"canonical\" href=\"https:\/\/destinocastillayleon.es\/index\/turismo-cyl\/galeria-de-fotos\/\" \/>\n<meta property=\"og:locale\" content=\"es_ES\" \/>\n<meta property=\"og:type\" content=\"article\" \/>\n<meta property=\"og:title\" content=\"Galer\u00eda de fotos\" \/>\n<meta property=\"og:description\" content=\"Galer\u00edas de fotos que hemos tomado en nuestros viajes, seg\u00fan hemos ido visitando sus hermosos rincones.\" \/>\n<meta property=\"og:url\" content=\"https:\/\/destinocastillayleon.es\/index\/turismo-cyl\/galeria-de-fotos\/\" \/>\n<meta property=\"og:site_name\" content=\"Destino Castilla y Le\u00f3n\" \/>\n<meta property=\"article:publisher\" content=\"https:\/\/www.facebook.com\/DestinoCastillaYLeon\/\" \/>\n<meta property=\"article:modified_time\" content=\"2014-02-18T22:20:16+00:00\" \/>\n<meta property=\"og:image\" content=\"https:\/\/destinocastillayleon.es\/index\/wp-content\/uploads\/2013\/01\/bc5a419ac4ab8af965d95f78e469b690.jpg\" \/>\n\t<meta property=\"og:image:width\" content=\"850\" \/>\n\t<meta property=\"og:image:height\" content=\"214\" \/>\n\t<meta property=\"og:image:type\" content=\"image\/jpeg\" \/>\n<meta name=\"twitter:card\" content=\"summary_large_image\" \/>\n<meta name=\"twitter:site\" content=\"@destinocyl\" \/>\n<script type=\"application\/ld+json\" class=\"yoast-schema-graph\">{\"@context\":\"https:\\\/\\\/schema.org\",\"@graph\":[{\"@type\":\"WebPage\",\"@id\":\"https:\\\/\\\/destinocastillayleon.es\\\/index\\\/turismo-cyl\\\/galeria-de-fotos\\\/\",\"url\":\"https:\\\/\\\/destinocastillayleon.es\\\/index\\\/turismo-cyl\\\/galeria-de-fotos\\\/\",\"name\":\"Galerias de fotos de Castilla y Le\u00f3n\",\"isPartOf\":{\"@id\":\"https:\\\/\\\/destinocastillayleon.es\\\/index\\\/#website\"},\"primaryImageOfPage\":{\"@id\":\"https:\\\/\\\/destinocastillayleon.es\\\/index\\\/turismo-cyl\\\/galeria-de-fotos\\\/#primaryimage\"},\"image\":{\"@id\":\"https:\\\/\\\/destinocastillayleon.es\\\/index\\\/turismo-cyl\\\/galeria-de-fotos\\\/#primaryimage\"},\"thumbnailUrl\":\"https:\\\/\\\/destinocastillayleon.es\\\/index\\\/wp-content\\\/uploads\\\/2013\\\/01\\\/bc5a419ac4ab8af965d95f78e469b690.jpg\",\"datePublished\":\"2013-01-11T19:26:59+00:00\",\"dateModified\":\"2014-02-18T22:20:16+00:00\",\"description\":\"Galer\u00edas de fotos que hemos tomado en nuestros viajes, seg\u00fan hemos ido visitando sus hermosos rincones.\",\"breadcrumb\":{\"@id\":\"https:\\\/\\\/destinocastillayleon.es\\\/index\\\/turismo-cyl\\\/galeria-de-fotos\\\/#breadcrumb\"},\"inLanguage\":\"es\",\"potentialAction\":[{\"@type\":\"ReadAction\",\"target\":[\"https:\\\/\\\/destinocastillayleon.es\\\/index\\\/turismo-cyl\\\/galeria-de-fotos\\\/\"]}]},{\"@type\":\"ImageObject\",\"inLanguage\":\"es\",\"@id\":\"https:\\\/\\\/destinocastillayleon.es\\\/index\\\/turismo-cyl\\\/galeria-de-fotos\\\/#primaryimage\",\"url\":\"https:\\\/\\\/destinocastillayleon.es\\\/index\\\/wp-content\\\/uploads\\\/2013\\\/01\\\/bc5a419ac4ab8af965d95f78e469b690.jpg\",\"contentUrl\":\"https:\\\/\\\/destinocastillayleon.es\\\/index\\\/wp-content\\\/uploads\\\/2013\\\/01\\\/bc5a419ac4ab8af965d95f78e469b690.jpg\",\"width\":850,\"height\":214},{\"@type\":\"BreadcrumbList\",\"@id\":\"https:\\\/\\\/destinocastillayleon.es\\\/index\\\/turismo-cyl\\\/galeria-de-fotos\\\/#breadcrumb\",\"itemListElement\":[{\"@type\":\"ListItem\",\"position\":1,\"name\":\"Portada\",\"item\":\"https:\\\/\\\/destinocastillayleon.es\\\/index\\\/\"},{\"@type\":\"ListItem\",\"position\":2,\"name\":\"Rutas\",\"item\":\"https:\\\/\\\/destinocastillayleon.es\\\/index\\\/turismo-cyl\\\/\"},{\"@type\":\"ListItem\",\"position\":3,\"name\":\"Galer\u00eda de fotos\"}]},{\"@type\":\"WebSite\",\"@id\":\"https:\\\/\\\/destinocastillayleon.es\\\/index\\\/#website\",\"url\":\"https:\\\/\\\/destinocastillayleon.es\\\/index\\\/\",\"name\":\"Destino Castilla y Le\u00f3n\",\"description\":\"Medio digital independiente y revista de Castilla y Le\u00f3n dedicado al turismo, gastronom\u00eda y vino de Castilla y Le\u00f3n\",\"potentialAction\":[{\"@type\":\"SearchAction\",\"target\":{\"@type\":\"EntryPoint\",\"urlTemplate\":\"https:\\\/\\\/destinocastillayleon.es\\\/index\\\/?s={search_term_string}\"},\"query-input\":{\"@type\":\"PropertyValueSpecification\",\"valueRequired\":true,\"valueName\":\"search_term_string\"}}],\"inLanguage\":\"es\"}]}<\/script>\n<!-- \/ Yoast SEO Premium plugin. -->","yoast_head_json":{"title":"Galerias de fotos de Castilla y Le\u00f3n","description":"Galer\u00edas de fotos que hemos tomado en nuestros viajes, seg\u00fan hemos ido visitando sus hermosos rincones.","robots":{"index":"index","follow":"follow","max-snippet":"max-snippet:-1","max-image-preview":"max-image-preview:large","max-video-preview":"max-video-preview:-1"},"canonical":"https:\/\/destinocastillayleon.es\/index\/turismo-cyl\/galeria-de-fotos\/","og_locale":"es_ES","og_type":"article","og_title":"Galer\u00eda de fotos","og_description":"Galer\u00edas de fotos que hemos tomado en nuestros viajes, seg\u00fan hemos ido visitando sus hermosos rincones.","og_url":"https:\/\/destinocastillayleon.es\/index\/turismo-cyl\/galeria-de-fotos\/","og_site_name":"Destino Castilla y Le\u00f3n","article_publisher":"https:\/\/www.facebook.com\/DestinoCastillaYLeon\/","article_modified_time":"2014-02-18T22:20:16+00:00","og_image":[{"width":850,"height":214,"url":"https:\/\/destinocastillayleon.es\/index\/wp-content\/uploads\/2013\/01\/bc5a419ac4ab8af965d95f78e469b690.jpg","type":"image\/jpeg"}],"twitter_card":"summary_large_image","twitter_site":"@destinocyl","schema":{"@context":"https:\/\/schema.org","@graph":[{"@type":"WebPage","@id":"https:\/\/destinocastillayleon.es\/index\/turismo-cyl\/galeria-de-fotos\/","url":"https:\/\/destinocastillayleon.es\/index\/turismo-cyl\/galeria-de-fotos\/","name":"Galerias de fotos de Castilla y Le\u00f3n","isPartOf":{"@id":"https:\/\/destinocastillayleon.es\/index\/#website"},"primaryImageOfPage":{"@id":"https:\/\/destinocastillayleon.es\/index\/turismo-cyl\/galeria-de-fotos\/#primaryimage"},"image":{"@id":"https:\/\/destinocastillayleon.es\/index\/turismo-cyl\/galeria-de-fotos\/#primaryimage"},"thumbnailUrl":"https:\/\/destinocastillayleon.es\/index\/wp-content\/uploads\/2013\/01\/bc5a419ac4ab8af965d95f78e469b690.jpg","datePublished":"2013-01-11T19:26:59+00:00","dateModified":"2014-02-18T22:20:16+00:00","description":"Galer\u00edas de fotos que hemos tomado en nuestros viajes, seg\u00fan hemos ido visitando sus hermosos rincones.","breadcrumb":{"@id":"https:\/\/destinocastillayleon.es\/index\/turismo-cyl\/galeria-de-fotos\/#breadcrumb"},"inLanguage":"es","potentialAction":[{"@type":"ReadAction","target":["https:\/\/destinocastillayleon.es\/index\/turismo-cyl\/galeria-de-fotos\/"]}]},{"@type":"ImageObject","inLanguage":"es","@id":"https:\/\/destinocastillayleon.es\/index\/turismo-cyl\/galeria-de-fotos\/#primaryimage","url":"https:\/\/destinocastillayleon.es\/index\/wp-content\/uploads\/2013\/01\/bc5a419ac4ab8af965d95f78e469b690.jpg","contentUrl":"https:\/\/destinocastillayleon.es\/index\/wp-content\/uploads\/2013\/01\/bc5a419ac4ab8af965d95f78e469b690.jpg","width":850,"height":214},{"@type":"BreadcrumbList","@id":"https:\/\/destinocastillayleon.es\/index\/turismo-cyl\/galeria-de-fotos\/#breadcrumb","itemListElement":[{"@type":"ListItem","position":1,"name":"Portada","item":"https:\/\/destinocastillayleon.es\/index\/"},{"@type":"ListItem","position":2,"name":"Rutas","item":"https:\/\/destinocastillayleon.es\/index\/turismo-cyl\/"},{"@type":"ListItem","position":3,"name":"Galer\u00eda de fotos"}]},{"@type":"WebSite","@id":"https:\/\/destinocastillayleon.es\/index\/#website","url":"https:\/\/destinocastillayleon.es\/index\/","name":"Destino Castilla y Le\u00f3n","description":"Medio digital independiente y revista de Castilla y Le\u00f3n dedicado al turismo, gastronom\u00eda y vino de Castilla y Le\u00f3n","potentialAction":[{"@type":"SearchAction","target":{"@type":"EntryPoint","urlTemplate":"https:\/\/destinocastillayleon.es\/index\/?s={search_term_string}"},"query-input":{"@type":"PropertyValueSpecification","valueRequired":true,"valueName":"search_term_string"}}],"inLanguage":"es"}]}},"_links":{"self":[{"href":"https:\/\/destinocastillayleon.es\/index\/wp-json\/wp\/v2\/pages\/23","targetHints":{"allow":["GET"]}}],"collection":[{"href":"https:\/\/destinocastillayleon.es\/index\/wp-json\/wp\/v2\/pages"}],"about":[{"href":"https:\/\/destinocastillayleon.es\/index\/wp-json\/wp\/v2\/types\/page"}],"author":[{"embeddable":true,"href":"https:\/\/destinocastillayleon.es\/index\/wp-json\/wp\/v2\/users\/9"}],"replies":[{"embeddable":true,"href":"https:\/\/destinocastillayleon.es\/index\/wp-json\/wp\/v2\/comments?post=23"}],"version-history":[{"count":39,"href":"https:\/\/destinocastillayleon.es\/index\/wp-json\/wp\/v2\/pages\/23\/revisions"}],"predecessor-version":[{"id":11447,"href":"https:\/\/destinocastillayleon.es\/index\/wp-json\/wp\/v2\/pages\/23\/revisions\/11447"}],"up":[{"embeddable":true,"href":"https:\/\/destinocastillayleon.es\/index\/wp-json\/wp\/v2\/pages\/3443"}],"wp:featuredmedia":[{"embeddable":true,"href":"https:\/\/destinocastillayleon.es\/index\/wp-json\/wp\/v2\/media\/5307"}],"wp:attachment":[{"href":"https:\/\/destinocastillayleon.es\/index\/wp-json\/wp\/v2\/media?parent=23"}],"curies":[{"name":"wp","href":"https:\/\/api.w.org\/{rel}","templated":true}]}}