{"id":22,"date":"2017-06-20T15:43:58","date_gmt":"2017-06-20T15:43:58","guid":{"rendered":"https:\/\/mnkythemes.com\/mag\/?page_id=22"},"modified":"2022-10-27T11:46:24","modified_gmt":"2022-10-27T09:46:24","slug":"contacts","status":"publish","type":"page","link":"https:\/\/destinocastillayleon.es\/index\/contacts\/","title":{"rendered":"Contacto"},"content":{"rendered":"<p>[vc_row][vc_column][vc_empty_space height=\u00bb43px\u00bb][\/vc_column][\/vc_row][vc_row gap=\u00bb35&#8243; css=\u00bb.vc_custom_1490371133555{margin-right: -18px !important;}\u00bb][vc_column offset=\u00bbvc_col-md-6&#8243;][vc_column_text]<\/p>\n<h2><strong>Destino Castilla y Le\u00f3n<\/strong><\/h2>\n<p>Somos el primer medio digital independiente dedicado al turismo, la gastronom\u00eda y el vino de Castilla y Le\u00f3n. En este sitio web encontrar\u00e1s los mejores planes y actividades para tus escapadas y vacaciones por Castilla y Le\u00f3n.<\/p>\n<p>Somos miembros de la Asociaci\u00f3n Castilla y Le\u00f3n Travel Bloggers.<\/p>\n<p>Si te gusta el vino, \u00fanete a nuestro Wine Club, https:\/\/wineinspirers.com\/ un club de catas de vino online donde podr\u00e1s catar una buena selecci\u00f3n de vinos, nacionales e internacionales, a lo largo de todo el a\u00f1o.[\/vc_column_text][vc_empty_space height=\u00bb30px\u00bb][vc_row_inner][vc_column_inner width=\u00bb1\/2&#8243; css=\u00bb.vc_custom_1490367350912{padding: 30px !important;}\u00bb][mnky_service icon_type=\u00bblinecons\u00bb title=\u00bbLl\u00e1manos\u00bb position=\u00bbsb_center\u00bb css_animation=\u00bbflipInY\u00bb icon_linecons=\u00bbvc_li vc_li-bubble\u00bb]+34 676 110 041[\/mnky_service][\/vc_column_inner][vc_column_inner width=\u00bb1\/2&#8243; css=\u00bb.vc_custom_1490367358275{padding: 30px !important;}\u00bb][mnky_service icon_type=\u00bblinecons\u00bb title=\u00bbEnvianos un email\u00bb position=\u00bbsb_center\u00bb css_animation=\u00bbflipInY\u00bb css_animation_delay=\u00bbdelay-100&#8243; icon_linecons=\u00bbvc_li vc_li-mail\u00bb]destinocyl@gmail.com[\/mnky_service][\/vc_column_inner][\/vc_row_inner][vc_row_inner][vc_column_inner width=\u00bb1\/2&#8243; css=\u00bb.vc_custom_1490367350912{padding: 30px !important;}\u00bb][mnky_service icon_type=\u00bblinecons\u00bb title=\u00bbD\u00f3nde estamos\u00bb position=\u00bbsb_center\u00bb css_animation=\u00bbflipInY\u00bb css_animation_delay=\u00bbdelay-200&#8243; icon_linecons=\u00bbvc_li vc_li-location\u00bb]calle Chozas de la Sierra, 7<br \/>\n28002 &#8211; Madrid[\/mnky_service][\/vc_column_inner][vc_column_inner width=\u00bb1\/2&#8243; css=\u00bb.vc_custom_1490367358275{padding: 30px !important;}\u00bb][mnky_service icon_type=\u00bblinecons\u00bb title=\u00bbHorario de contacto\u00bb position=\u00bbsb_center\u00bb css_animation=\u00bbflipInY\u00bb css_animation_delay=\u00bbdelay-300&#8243; icon_linecons=\u00bbvc_li vc_li-shop\u00bb]De lunes a viernes,<br \/>\nde 10 a 14:30 horas[\/mnky_service][\/vc_column_inner][\/vc_row_inner][\/vc_column][\/vc_row][vc_row][vc_column][vc_empty_space height=\u00bb43px\u00bb][\/vc_column][\/vc_row]<\/p>\n","protected":false},"excerpt":{"rendered":"<p>[vc_row][vc_column][vc_empty_space height=\u00bb43px\u00bb][\/vc_column][\/vc_row][vc_row gap=\u00bb35&#8243; css=\u00bb.vc_custom_1490371133555{margin-right: -18px !important;}\u00bb][vc_column offset=\u00bbvc_col-md-6&#8243;][vc_column_text] Destino Castilla y Le\u00f3n Somos el primer medio digital independiente dedicado al turismo, la gastronom\u00eda y el vino de Castilla y Le\u00f3n. En este sitio web encontrar\u00e1s los mejores planes y actividades para tus escapadas y vacaciones por Castilla y Le\u00f3n. Somos miembros de la Asociaci\u00f3n Castilla y Le\u00f3n Travel Bloggers. Si te gusta el vino, \u00fanete a nuestro Wine Club, https:\/\/wineinspirers.com\/ un club de catas de vino online donde podr\u00e1s catar una buena selecci\u00f3n de vinos, nacionales e internacionales, a lo largo de todo el a\u00f1o.[\/vc_column_text][vc_empty_space height=\u00bb30px\u00bb][vc_row_inner][vc_column_inner width=\u00bb1\/2&#8243; css=\u00bb.vc_custom_1490367350912{padding: 30px !important;}\u00bb][mnky_service icon_type=\u00bblinecons\u00bb title=\u00bbLl\u00e1manos\u00bb position=\u00bbsb_center\u00bb css_animation=\u00bbflipInY\u00bb icon_linecons=\u00bbvc_li vc_li-bubble\u00bb]+34 676 110 041[\/mnky_service][\/vc_column_inner][vc_column_inner width=\u00bb1\/2&#8243; css=\u00bb.vc_custom_1490367358275{padding: &hellip; <\/p>\n","protected":false},"author":2,"featured_media":0,"parent":0,"menu_order":0,"comment_status":"closed","ping_status":"closed","template":"page-no-paddings.php","meta":{"rop_custom_images_group":[],"rop_custom_messages_group":[],"rop_publish_now":"initial","rop_publish_now_accounts":{"twitter_1150954226_1150954226":""},"rop_publish_now_history":[],"rop_publish_now_status":"pending","footnotes":""},"class_list":["post-22","page","type-page","status-publish","hentry"],"yoast_head":"<!-- This site is optimized with the Yoast SEO Premium plugin v20.4 (Yoast SEO v27.4) - https:\/\/yoast.com\/product\/yoast-seo-premium-wordpress\/ -->\n<title>Contacto - Destino Castilla y Le\u00f3n<\/title>\n<meta name=\"robots\" content=\"index, follow, max-snippet:-1, max-image-preview:large, max-video-preview:-1\" \/>\n<link rel=\"canonical\" href=\"https:\/\/destinocastillayleon.es\/index\/contacts\/\" \/>\n<meta property=\"og:locale\" content=\"es_ES\" \/>\n<meta property=\"og:type\" content=\"article\" \/>\n<meta property=\"og:title\" content=\"Contacto\" \/>\n<meta property=\"og:description\" content=\"[vc_row][vc_column][vc_empty_space height=\u00bb43px\u00bb][\/vc_column][\/vc_row][vc_row gap=\u00bb35&#8243; css=\u00bb.vc_custom_1490371133555{margin-right: -18px !important;}\u00bb][vc_column offset=\u00bbvc_col-md-6&#8243;][vc_column_text] Destino Castilla y Le\u00f3n Somos el primer medio digital independiente dedicado al turismo, la gastronom\u00eda y el vino de Castilla y Le\u00f3n. En este sitio web encontrar\u00e1s los mejores planes y actividades para tus escapadas y vacaciones por Castilla y Le\u00f3n. Somos miembros de la Asociaci\u00f3n Castilla y Le\u00f3n Travel Bloggers. Si te gusta el vino, \u00fanete a nuestro Wine Club, https:\/\/wineinspirers.com\/ un club de catas de vino online donde podr\u00e1s catar una buena selecci\u00f3n de vinos, nacionales e internacionales, a lo largo de todo el a\u00f1o.[\/vc_column_text][vc_empty_space height=\u00bb30px\u00bb][vc_row_inner][vc_column_inner width=\u00bb1\/2&#8243; css=\u00bb.vc_custom_1490367350912{padding: 30px !important;}\u00bb][mnky_service icon_type=\u00bblinecons\u00bb title=\u00bbLl\u00e1manos\u00bb position=\u00bbsb_center\u00bb css_animation=\u00bbflipInY\u00bb icon_linecons=\u00bbvc_li vc_li-bubble\u00bb]+34 676 110 041[\/mnky_service][\/vc_column_inner][vc_column_inner width=\u00bb1\/2&#8243; css=\u00bb.vc_custom_1490367358275{padding: &hellip;\" \/>\n<meta property=\"og:url\" content=\"https:\/\/destinocastillayleon.es\/index\/contacts\/\" \/>\n<meta property=\"og:site_name\" content=\"Destino Castilla y Le\u00f3n\" \/>\n<meta property=\"article:publisher\" content=\"https:\/\/www.facebook.com\/DestinoCastillaYLeon\/\" \/>\n<meta property=\"article:modified_time\" content=\"2022-10-27T09:46:24+00:00\" \/>\n<meta name=\"twitter:card\" content=\"summary_large_image\" \/>\n<meta name=\"twitter:site\" content=\"@destinocyl\" \/>\n<meta name=\"twitter:label1\" content=\"Tiempo de lectura\" \/>\n\t<meta name=\"twitter:data1\" content=\"1 minuto\" \/>\n<script type=\"application\/ld+json\" class=\"yoast-schema-graph\">{\"@context\":\"https:\\\/\\\/schema.org\",\"@graph\":[{\"@type\":\"WebPage\",\"@id\":\"https:\\\/\\\/destinocastillayleon.es\\\/index\\\/contacts\\\/\",\"url\":\"https:\\\/\\\/destinocastillayleon.es\\\/index\\\/contacts\\\/\",\"name\":\"Contacto - Destino Castilla y Le\u00f3n\",\"isPartOf\":{\"@id\":\"https:\\\/\\\/destinocastillayleon.es\\\/index\\\/#website\"},\"datePublished\":\"2017-06-20T15:43:58+00:00\",\"dateModified\":\"2022-10-27T09:46:24+00:00\",\"breadcrumb\":{\"@id\":\"https:\\\/\\\/destinocastillayleon.es\\\/index\\\/contacts\\\/#breadcrumb\"},\"inLanguage\":\"es\",\"potentialAction\":[{\"@type\":\"ReadAction\",\"target\":[\"https:\\\/\\\/destinocastillayleon.es\\\/index\\\/contacts\\\/\"]}]},{\"@type\":\"BreadcrumbList\",\"@id\":\"https:\\\/\\\/destinocastillayleon.es\\\/index\\\/contacts\\\/#breadcrumb\",\"itemListElement\":[{\"@type\":\"ListItem\",\"position\":1,\"name\":\"Portada\",\"item\":\"https:\\\/\\\/destinocastillayleon.es\\\/index\\\/\"},{\"@type\":\"ListItem\",\"position\":2,\"name\":\"Contacto\"}]},{\"@type\":\"WebSite\",\"@id\":\"https:\\\/\\\/destinocastillayleon.es\\\/index\\\/#website\",\"url\":\"https:\\\/\\\/destinocastillayleon.es\\\/index\\\/\",\"name\":\"Destino Castilla y Le\u00f3n\",\"description\":\"Medio digital independiente y revista de Castilla y Le\u00f3n dedicado al turismo, gastronom\u00eda y vino de Castilla y Le\u00f3n\",\"potentialAction\":[{\"@type\":\"SearchAction\",\"target\":{\"@type\":\"EntryPoint\",\"urlTemplate\":\"https:\\\/\\\/destinocastillayleon.es\\\/index\\\/?s={search_term_string}\"},\"query-input\":{\"@type\":\"PropertyValueSpecification\",\"valueRequired\":true,\"valueName\":\"search_term_string\"}}],\"inLanguage\":\"es\"}]}<\/script>\n<!-- \/ Yoast SEO Premium plugin. -->","yoast_head_json":{"title":"Contacto - Destino Castilla y Le\u00f3n","robots":{"index":"index","follow":"follow","max-snippet":"max-snippet:-1","max-image-preview":"max-image-preview:large","max-video-preview":"max-video-preview:-1"},"canonical":"https:\/\/destinocastillayleon.es\/index\/contacts\/","og_locale":"es_ES","og_type":"article","og_title":"Contacto","og_description":"[vc_row][vc_column][vc_empty_space height=\u00bb43px\u00bb][\/vc_column][\/vc_row][vc_row gap=\u00bb35&#8243; css=\u00bb.vc_custom_1490371133555{margin-right: -18px !important;}\u00bb][vc_column offset=\u00bbvc_col-md-6&#8243;][vc_column_text] Destino Castilla y Le\u00f3n Somos el primer medio digital independiente dedicado al turismo, la gastronom\u00eda y el vino de Castilla y Le\u00f3n. En este sitio web encontrar\u00e1s los mejores planes y actividades para tus escapadas y vacaciones por Castilla y Le\u00f3n. Somos miembros de la Asociaci\u00f3n Castilla y Le\u00f3n Travel Bloggers. Si te gusta el vino, \u00fanete a nuestro Wine Club, https:\/\/wineinspirers.com\/ un club de catas de vino online donde podr\u00e1s catar una buena selecci\u00f3n de vinos, nacionales e internacionales, a lo largo de todo el a\u00f1o.[\/vc_column_text][vc_empty_space height=\u00bb30px\u00bb][vc_row_inner][vc_column_inner width=\u00bb1\/2&#8243; css=\u00bb.vc_custom_1490367350912{padding: 30px !important;}\u00bb][mnky_service icon_type=\u00bblinecons\u00bb title=\u00bbLl\u00e1manos\u00bb position=\u00bbsb_center\u00bb css_animation=\u00bbflipInY\u00bb icon_linecons=\u00bbvc_li vc_li-bubble\u00bb]+34 676 110 041[\/mnky_service][\/vc_column_inner][vc_column_inner width=\u00bb1\/2&#8243; css=\u00bb.vc_custom_1490367358275{padding: &hellip;","og_url":"https:\/\/destinocastillayleon.es\/index\/contacts\/","og_site_name":"Destino Castilla y Le\u00f3n","article_publisher":"https:\/\/www.facebook.com\/DestinoCastillaYLeon\/","article_modified_time":"2022-10-27T09:46:24+00:00","twitter_card":"summary_large_image","twitter_site":"@destinocyl","twitter_misc":{"Tiempo de lectura":"1 minuto"},"schema":{"@context":"https:\/\/schema.org","@graph":[{"@type":"WebPage","@id":"https:\/\/destinocastillayleon.es\/index\/contacts\/","url":"https:\/\/destinocastillayleon.es\/index\/contacts\/","name":"Contacto - Destino Castilla y Le\u00f3n","isPartOf":{"@id":"https:\/\/destinocastillayleon.es\/index\/#website"},"datePublished":"2017-06-20T15:43:58+00:00","dateModified":"2022-10-27T09:46:24+00:00","breadcrumb":{"@id":"https:\/\/destinocastillayleon.es\/index\/contacts\/#breadcrumb"},"inLanguage":"es","potentialAction":[{"@type":"ReadAction","target":["https:\/\/destinocastillayleon.es\/index\/contacts\/"]}]},{"@type":"BreadcrumbList","@id":"https:\/\/destinocastillayleon.es\/index\/contacts\/#breadcrumb","itemListElement":[{"@type":"ListItem","position":1,"name":"Portada","item":"https:\/\/destinocastillayleon.es\/index\/"},{"@type":"ListItem","position":2,"name":"Contacto"}]},{"@type":"WebSite","@id":"https:\/\/destinocastillayleon.es\/index\/#website","url":"https:\/\/destinocastillayleon.es\/index\/","name":"Destino Castilla y Le\u00f3n","description":"Medio digital independiente y revista de Castilla y Le\u00f3n dedicado al turismo, gastronom\u00eda y vino de Castilla y Le\u00f3n","potentialAction":[{"@type":"SearchAction","target":{"@type":"EntryPoint","urlTemplate":"https:\/\/destinocastillayleon.es\/index\/?s={search_term_string}"},"query-input":{"@type":"PropertyValueSpecification","valueRequired":true,"valueName":"search_term_string"}}],"inLanguage":"es"}]}},"_links":{"self":[{"href":"https:\/\/destinocastillayleon.es\/index\/wp-json\/wp\/v2\/pages\/22","targetHints":{"allow":["GET"]}}],"collection":[{"href":"https:\/\/destinocastillayleon.es\/index\/wp-json\/wp\/v2\/pages"}],"about":[{"href":"https:\/\/destinocastillayleon.es\/index\/wp-json\/wp\/v2\/types\/page"}],"author":[{"embeddable":true,"href":"https:\/\/destinocastillayleon.es\/index\/wp-json\/wp\/v2\/users\/2"}],"replies":[{"embeddable":true,"href":"https:\/\/destinocastillayleon.es\/index\/wp-json\/wp\/v2\/comments?post=22"}],"version-history":[{"count":10,"href":"https:\/\/destinocastillayleon.es\/index\/wp-json\/wp\/v2\/pages\/22\/revisions"}],"predecessor-version":[{"id":35920,"href":"https:\/\/destinocastillayleon.es\/index\/wp-json\/wp\/v2\/pages\/22\/revisions\/35920"}],"wp:attachment":[{"href":"https:\/\/destinocastillayleon.es\/index\/wp-json\/wp\/v2\/media?parent=22"}],"curies":[{"name":"wp","href":"https:\/\/api.w.org\/{rel}","templated":true}]}}