{"id":21513,"date":"2016-01-12T10:00:49","date_gmt":"2016-01-12T09:00:49","guid":{"rendered":"http:\/\/destinocastillayleon.es\/index\/?page_id=21513"},"modified":"2018-04-12T23:55:14","modified_gmt":"2018-04-12T21:55:14","slug":"gastronomia-en-zamora","status":"publish","type":"page","link":"https:\/\/destinocastillayleon.es\/index\/provincias\/zamora\/gastronomia-en-zamora\/","title":{"rendered":"Gastronom\u00eda en Zamora"},"content":{"rendered":"<p>[vc_row][vc_column][vc_raw_html]JTNDaDIlM0UlM0NjZW50ZXIlM0VDb25vY2UlMjBsb3MlMjBjb250ZW5pZG9zJTIwcmVsYWNpb25hZG9zJTIwY29uJTIwbGElMjBnYXN0cm9ub20lQzMlQURhJTIwZGUlMjAlM0NzdHJvbmclM0UlM0NhJTIwaHJlZiUzRCUyMmh0dHAlM0ElMkYlMkZkZXN0aW5vY2FzdGlsbGF5bGVvbi5lcyUyRmluZGV4JTJGcHJvdmluY2lhcyUyRnphbW9yYSUyRiUyMiUzRVphbW9yYXklMjBzdSUyMHByb3ZpbmNpYSUzQyUyRmElM0UlM0MlMkZjZW50ZXIlM0UlM0MlMkZzdHJvbmclM0UlM0MlMkZoMiUzRQ==[\/vc_raw_html][vc_empty_space][\/vc_column][\/vc_row][vc_row][vc_column width=\u00bb5\/6&#8243;][mnky_posts_grid grid_layout=\u00bbmpg-layout-6&#8243; label_hide=\u00bboff\u00bb cat_hide=\u00bboff\u00bb comments_hide=\u00bboff\u00bb views_hide=\u00bboff\u00bb post_format_hide=\u00bboff\u00bb post_format_text_hide=\u00bboff\u00bb no_duplicate=\u00bbyes\u00bb post_type=\u00bbpost\u00bb category_1=\u00bbzamora-gastronomia\u00bb category_2=\u00bbzamora-gastronomia\u00bb category_3=\u00bbzamora-gastronomia\u00bb category_4=\u00bbzamora-gastronomia\u00bb][vc_empty_space][mnky_posts column_layout=\u00bbcolumn-count-3&#8243; content_type=\u00bbexcerpt\u00bb label_hide=\u00bboff\u00bb rating_hide=\u00bboff\u00bb cat_hide=\u00bboff\u00bb author_hide=\u00bboff\u00bb date_hide=\u00bboff\u00bb post_format_text_hide=\u00bboff\u00bb loop_content=\u00bbloop_content_on\u00bb no_duplicate=\u00bbyes\u00bb posts_per_page=\u00bb30&#8243; taxonomy=\u00bbcategory\u00bb el_id=\u00bb1523570070644-b1fa9e81-48f0&#8243; category=\u00bbzamora-gastronomia\u00bb][\/vc_column][vc_column width=\u00bb1\/6&#8243;][vc_widget_sidebar sidebar_id=\u00bbcs-3&#8243;][\/vc_column][\/vc_row]<\/p>\n","protected":false},"excerpt":{"rendered":"<p>[vc_row][vc_column][vc_raw_html]JTNDaDIlM0UlM0NjZW50ZXIlM0VDb25vY2UlMjBsb3MlMjBjb250ZW5pZG9zJTIwcmVsYWNpb25hZG9zJTIwY29uJTIwbGElMjBnYXN0cm9ub20lQzMlQURhJTIwZGUlMjAlM0NzdHJvbmclM0UlM0NhJTIwaHJlZiUzRCUyMmh0dHAlM0ElMkYlMkZkZXN0aW5vY2FzdGlsbGF5bGVvbi5lcyUyRmluZGV4JTJGcHJvdmluY2lhcyUyRnphbW9yYSUyRiUyMiUzRVphbW9yYXklMjBzdSUyMHByb3ZpbmNpYSUzQyUyRmElM0UlM0MlMkZjZW50ZXIlM0UlM0MlMkZzdHJvbmclM0UlM0MlMkZoMiUzRQ==[\/vc_raw_html][vc_empty_space][\/vc_column][\/vc_row][vc_row][vc_column width=\u00bb5\/6&#8243;][mnky_posts_grid grid_layout=\u00bbmpg-layout-6&#8243; label_hide=\u00bboff\u00bb cat_hide=\u00bboff\u00bb comments_hide=\u00bboff\u00bb views_hide=\u00bboff\u00bb post_format_hide=\u00bboff\u00bb post_format_text_hide=\u00bboff\u00bb no_duplicate=\u00bbyes\u00bb post_type=\u00bbpost\u00bb category_1=\u00bbzamora-gastronomia\u00bb category_2=\u00bbzamora-gastronomia\u00bb category_3=\u00bbzamora-gastronomia\u00bb category_4=\u00bbzamora-gastronomia\u00bb][vc_empty_space][mnky_posts column_layout=\u00bbcolumn-count-3&#8243; content_type=\u00bbexcerpt\u00bb label_hide=\u00bboff\u00bb rating_hide=\u00bboff\u00bb cat_hide=\u00bboff\u00bb author_hide=\u00bboff\u00bb date_hide=\u00bboff\u00bb post_format_text_hide=\u00bboff\u00bb loop_content=\u00bbloop_content_on\u00bb no_duplicate=\u00bbyes\u00bb posts_per_page=\u00bb30&#8243; taxonomy=\u00bbcategory\u00bb el_id=\u00bb1523570070644-b1fa9e81-48f0&#8243; category=\u00bbzamora-gastronomia\u00bb][\/vc_column][vc_column width=\u00bb1\/6&#8243;][vc_widget_sidebar sidebar_id=\u00bbcs-3&#8243;][\/vc_column][\/vc_row]<\/p>\n","protected":false},"author":2,"featured_media":21459,"parent":297,"menu_order":0,"comment_status":"open","ping_status":"closed","template":"","meta":{"rop_custom_images_group":[],"rop_custom_messages_group":[],"rop_publish_now":"initial","rop_publish_now_accounts":{"twitter_1150954226_1150954226":""},"rop_publish_now_history":[],"rop_publish_now_status":"pending","footnotes":""},"class_list":["post-21513","page","type-page","status-publish","has-post-thumbnail","hentry"],"yoast_head":"<!-- This site is optimized with the Yoast SEO Premium plugin v20.4 (Yoast SEO v27.4) - https:\/\/yoast.com\/product\/yoast-seo-premium-wordpress\/ -->\n<title>Gastronom\u00eda en Zamora - Destino Castilla y Le\u00f3n<\/title>\n<meta name=\"description\" content=\"Conoce tadas nuestras entradas relacionadas con la Gastronom\u00eda en Zamora y su provincia y que hemos realizado desde la experiencia\" \/>\n<meta name=\"robots\" content=\"index, follow, max-snippet:-1, max-image-preview:large, max-video-preview:-1\" \/>\n<link rel=\"canonical\" href=\"https:\/\/destinocastillayleon.es\/index\/provincias\/zamora\/gastronomia-en-zamora\/\" \/>\n<meta property=\"og:locale\" content=\"es_ES\" \/>\n<meta property=\"og:type\" content=\"article\" \/>\n<meta property=\"og:title\" content=\"Gastronom\u00eda en Zamora - Destino Castilla y Le\u00f3n\" \/>\n<meta property=\"og:description\" content=\"Conoce tadas nuestras entradas relacionadas con la Gastronom\u00eda en Zamora y su provincia y que hemos realizado desde la experiencia\" \/>\n<meta property=\"og:url\" content=\"https:\/\/destinocastillayleon.es\/index\/provincias\/zamora\/gastronomia-en-zamora\/\" \/>\n<meta property=\"og:site_name\" content=\"Destino Castilla y Le\u00f3n\" \/>\n<meta property=\"article:publisher\" content=\"https:\/\/www.facebook.com\/DestinoCastillaYLeon\/\" \/>\n<meta property=\"article:modified_time\" content=\"2018-04-12T21:55:14+00:00\" \/>\n<meta property=\"og:image\" content=\"https:\/\/destinocastillayleon.es\/index\/wp-content\/uploads\/2016\/01\/Zamora-Gastronomia.jpg\" \/>\n\t<meta property=\"og:image:width\" content=\"300\" \/>\n\t<meta property=\"og:image:height\" content=\"200\" \/>\n\t<meta property=\"og:image:type\" content=\"image\/jpeg\" \/>\n<meta name=\"twitter:card\" content=\"summary_large_image\" \/>\n<meta name=\"twitter:title\" content=\"Gastronom\u00eda en Zamora - Destino Castilla y Le\u00f3n\" \/>\n<meta name=\"twitter:description\" content=\"Conoce tadas nuestras entradas relacionadas con la Gastronom\u00eda en Zamora y su provincia y que hemos realizado desde la experiencia\" \/>\n<meta name=\"twitter:image\" content=\"http:\/\/destinocastillayleon.es\/index\/wp-content\/uploads\/2016\/01\/Zamora-Gastronomia-300x200.jpg\" \/>\n<meta name=\"twitter:site\" content=\"@destinocyl\" \/>\n<meta name=\"twitter:label1\" content=\"Tiempo de lectura\" \/>\n\t<meta name=\"twitter:data1\" content=\"1 minuto\" \/>\n<script type=\"application\/ld+json\" class=\"yoast-schema-graph\">{\"@context\":\"https:\\\/\\\/schema.org\",\"@graph\":[{\"@type\":\"WebPage\",\"@id\":\"https:\\\/\\\/destinocastillayleon.es\\\/index\\\/provincias\\\/zamora\\\/gastronomia-en-zamora\\\/\",\"url\":\"https:\\\/\\\/destinocastillayleon.es\\\/index\\\/provincias\\\/zamora\\\/gastronomia-en-zamora\\\/\",\"name\":\"Gastronom\u00eda en Zamora - Destino Castilla y Le\u00f3n\",\"isPartOf\":{\"@id\":\"https:\\\/\\\/destinocastillayleon.es\\\/index\\\/#website\"},\"primaryImageOfPage\":{\"@id\":\"https:\\\/\\\/destinocastillayleon.es\\\/index\\\/provincias\\\/zamora\\\/gastronomia-en-zamora\\\/#primaryimage\"},\"image\":{\"@id\":\"https:\\\/\\\/destinocastillayleon.es\\\/index\\\/provincias\\\/zamora\\\/gastronomia-en-zamora\\\/#primaryimage\"},\"thumbnailUrl\":\"https:\\\/\\\/destinocastillayleon.es\\\/index\\\/wp-content\\\/uploads\\\/2016\\\/01\\\/Zamora-Gastronomia.jpg\",\"datePublished\":\"2016-01-12T09:00:49+00:00\",\"dateModified\":\"2018-04-12T21:55:14+00:00\",\"description\":\"Conoce tadas nuestras entradas relacionadas con la Gastronom\u00eda en Zamora y su provincia y que hemos realizado desde la experiencia\",\"breadcrumb\":{\"@id\":\"https:\\\/\\\/destinocastillayleon.es\\\/index\\\/provincias\\\/zamora\\\/gastronomia-en-zamora\\\/#breadcrumb\"},\"inLanguage\":\"es\",\"potentialAction\":[{\"@type\":\"ReadAction\",\"target\":[\"https:\\\/\\\/destinocastillayleon.es\\\/index\\\/provincias\\\/zamora\\\/gastronomia-en-zamora\\\/\"]}]},{\"@type\":\"ImageObject\",\"inLanguage\":\"es\",\"@id\":\"https:\\\/\\\/destinocastillayleon.es\\\/index\\\/provincias\\\/zamora\\\/gastronomia-en-zamora\\\/#primaryimage\",\"url\":\"https:\\\/\\\/destinocastillayleon.es\\\/index\\\/wp-content\\\/uploads\\\/2016\\\/01\\\/Zamora-Gastronomia.jpg\",\"contentUrl\":\"https:\\\/\\\/destinocastillayleon.es\\\/index\\\/wp-content\\\/uploads\\\/2016\\\/01\\\/Zamora-Gastronomia.jpg\",\"width\":300,\"height\":200,\"caption\":\"Zamora Gastronomia\"},{\"@type\":\"BreadcrumbList\",\"@id\":\"https:\\\/\\\/destinocastillayleon.es\\\/index\\\/provincias\\\/zamora\\\/gastronomia-en-zamora\\\/#breadcrumb\",\"itemListElement\":[{\"@type\":\"ListItem\",\"position\":1,\"name\":\"Portada\",\"item\":\"https:\\\/\\\/destinocastillayleon.es\\\/index\\\/\"},{\"@type\":\"ListItem\",\"position\":2,\"name\":\"Provincias\",\"item\":\"https:\\\/\\\/destinocastillayleon.es\\\/index\\\/provincias\\\/\"},{\"@type\":\"ListItem\",\"position\":3,\"name\":\"Zamora\",\"item\":\"https:\\\/\\\/destinocastillayleon.es\\\/index\\\/provincias\\\/zamora\\\/\"},{\"@type\":\"ListItem\",\"position\":4,\"name\":\"Gastronom\u00eda en Zamora\"}]},{\"@type\":\"WebSite\",\"@id\":\"https:\\\/\\\/destinocastillayleon.es\\\/index\\\/#website\",\"url\":\"https:\\\/\\\/destinocastillayleon.es\\\/index\\\/\",\"name\":\"Destino Castilla y Le\u00f3n\",\"description\":\"Medio digital independiente y revista de Castilla y Le\u00f3n dedicado al turismo, gastronom\u00eda y vino de Castilla y Le\u00f3n\",\"potentialAction\":[{\"@type\":\"SearchAction\",\"target\":{\"@type\":\"EntryPoint\",\"urlTemplate\":\"https:\\\/\\\/destinocastillayleon.es\\\/index\\\/?s={search_term_string}\"},\"query-input\":{\"@type\":\"PropertyValueSpecification\",\"valueRequired\":true,\"valueName\":\"search_term_string\"}}],\"inLanguage\":\"es\"}]}<\/script>\n<!-- \/ Yoast SEO Premium plugin. -->","yoast_head_json":{"title":"Gastronom\u00eda en Zamora - Destino Castilla y Le\u00f3n","description":"Conoce tadas nuestras entradas relacionadas con la Gastronom\u00eda en Zamora y su provincia y que hemos realizado desde la experiencia","robots":{"index":"index","follow":"follow","max-snippet":"max-snippet:-1","max-image-preview":"max-image-preview:large","max-video-preview":"max-video-preview:-1"},"canonical":"https:\/\/destinocastillayleon.es\/index\/provincias\/zamora\/gastronomia-en-zamora\/","og_locale":"es_ES","og_type":"article","og_title":"Gastronom\u00eda en Zamora - Destino Castilla y Le\u00f3n","og_description":"Conoce tadas nuestras entradas relacionadas con la Gastronom\u00eda en Zamora y su provincia y que hemos realizado desde la experiencia","og_url":"https:\/\/destinocastillayleon.es\/index\/provincias\/zamora\/gastronomia-en-zamora\/","og_site_name":"Destino Castilla y Le\u00f3n","article_publisher":"https:\/\/www.facebook.com\/DestinoCastillaYLeon\/","article_modified_time":"2018-04-12T21:55:14+00:00","og_image":[{"width":300,"height":200,"url":"https:\/\/destinocastillayleon.es\/index\/wp-content\/uploads\/2016\/01\/Zamora-Gastronomia.jpg","type":"image\/jpeg"}],"twitter_card":"summary_large_image","twitter_title":"Gastronom\u00eda en Zamora - Destino Castilla y Le\u00f3n","twitter_description":"Conoce tadas nuestras entradas relacionadas con la Gastronom\u00eda en Zamora y su provincia y que hemos realizado desde la experiencia","twitter_image":"http:\/\/destinocastillayleon.es\/index\/wp-content\/uploads\/2016\/01\/Zamora-Gastronomia-300x200.jpg","twitter_site":"@destinocyl","twitter_misc":{"Tiempo de lectura":"1 minuto"},"schema":{"@context":"https:\/\/schema.org","@graph":[{"@type":"WebPage","@id":"https:\/\/destinocastillayleon.es\/index\/provincias\/zamora\/gastronomia-en-zamora\/","url":"https:\/\/destinocastillayleon.es\/index\/provincias\/zamora\/gastronomia-en-zamora\/","name":"Gastronom\u00eda en Zamora - Destino Castilla y Le\u00f3n","isPartOf":{"@id":"https:\/\/destinocastillayleon.es\/index\/#website"},"primaryImageOfPage":{"@id":"https:\/\/destinocastillayleon.es\/index\/provincias\/zamora\/gastronomia-en-zamora\/#primaryimage"},"image":{"@id":"https:\/\/destinocastillayleon.es\/index\/provincias\/zamora\/gastronomia-en-zamora\/#primaryimage"},"thumbnailUrl":"https:\/\/destinocastillayleon.es\/index\/wp-content\/uploads\/2016\/01\/Zamora-Gastronomia.jpg","datePublished":"2016-01-12T09:00:49+00:00","dateModified":"2018-04-12T21:55:14+00:00","description":"Conoce tadas nuestras entradas relacionadas con la Gastronom\u00eda en Zamora y su provincia y que hemos realizado desde la experiencia","breadcrumb":{"@id":"https:\/\/destinocastillayleon.es\/index\/provincias\/zamora\/gastronomia-en-zamora\/#breadcrumb"},"inLanguage":"es","potentialAction":[{"@type":"ReadAction","target":["https:\/\/destinocastillayleon.es\/index\/provincias\/zamora\/gastronomia-en-zamora\/"]}]},{"@type":"ImageObject","inLanguage":"es","@id":"https:\/\/destinocastillayleon.es\/index\/provincias\/zamora\/gastronomia-en-zamora\/#primaryimage","url":"https:\/\/destinocastillayleon.es\/index\/wp-content\/uploads\/2016\/01\/Zamora-Gastronomia.jpg","contentUrl":"https:\/\/destinocastillayleon.es\/index\/wp-content\/uploads\/2016\/01\/Zamora-Gastronomia.jpg","width":300,"height":200,"caption":"Zamora Gastronomia"},{"@type":"BreadcrumbList","@id":"https:\/\/destinocastillayleon.es\/index\/provincias\/zamora\/gastronomia-en-zamora\/#breadcrumb","itemListElement":[{"@type":"ListItem","position":1,"name":"Portada","item":"https:\/\/destinocastillayleon.es\/index\/"},{"@type":"ListItem","position":2,"name":"Provincias","item":"https:\/\/destinocastillayleon.es\/index\/provincias\/"},{"@type":"ListItem","position":3,"name":"Zamora","item":"https:\/\/destinocastillayleon.es\/index\/provincias\/zamora\/"},{"@type":"ListItem","position":4,"name":"Gastronom\u00eda en Zamora"}]},{"@type":"WebSite","@id":"https:\/\/destinocastillayleon.es\/index\/#website","url":"https:\/\/destinocastillayleon.es\/index\/","name":"Destino Castilla y Le\u00f3n","description":"Medio digital independiente y revista de Castilla y Le\u00f3n dedicado al turismo, gastronom\u00eda y vino de Castilla y Le\u00f3n","potentialAction":[{"@type":"SearchAction","target":{"@type":"EntryPoint","urlTemplate":"https:\/\/destinocastillayleon.es\/index\/?s={search_term_string}"},"query-input":{"@type":"PropertyValueSpecification","valueRequired":true,"valueName":"search_term_string"}}],"inLanguage":"es"}]}},"_links":{"self":[{"href":"https:\/\/destinocastillayleon.es\/index\/wp-json\/wp\/v2\/pages\/21513","targetHints":{"allow":["GET"]}}],"collection":[{"href":"https:\/\/destinocastillayleon.es\/index\/wp-json\/wp\/v2\/pages"}],"about":[{"href":"https:\/\/destinocastillayleon.es\/index\/wp-json\/wp\/v2\/types\/page"}],"author":[{"embeddable":true,"href":"https:\/\/destinocastillayleon.es\/index\/wp-json\/wp\/v2\/users\/2"}],"replies":[{"embeddable":true,"href":"https:\/\/destinocastillayleon.es\/index\/wp-json\/wp\/v2\/comments?post=21513"}],"version-history":[{"count":3,"href":"https:\/\/destinocastillayleon.es\/index\/wp-json\/wp\/v2\/pages\/21513\/revisions"}],"predecessor-version":[{"id":27948,"href":"https:\/\/destinocastillayleon.es\/index\/wp-json\/wp\/v2\/pages\/21513\/revisions\/27948"}],"up":[{"embeddable":true,"href":"https:\/\/destinocastillayleon.es\/index\/wp-json\/wp\/v2\/pages\/297"}],"wp:featuredmedia":[{"embeddable":true,"href":"https:\/\/destinocastillayleon.es\/index\/wp-json\/wp\/v2\/media\/21459"}],"wp:attachment":[{"href":"https:\/\/destinocastillayleon.es\/index\/wp-json\/wp\/v2\/media?parent=21513"}],"curies":[{"name":"wp","href":"https:\/\/api.w.org\/{rel}","templated":true}]}}