{"id":21500,"date":"2016-01-11T17:50:37","date_gmt":"2016-01-11T16:50:37","guid":{"rendered":"http:\/\/destinocastillayleon.es\/index\/?page_id=21500"},"modified":"2018-01-06T19:39:05","modified_gmt":"2018-01-06T18:39:05","slug":"gastronomia-en-valladolid","status":"publish","type":"page","link":"https:\/\/destinocastillayleon.es\/index\/provincias\/valladolid\/gastronomia-en-valladolid\/","title":{"rendered":"Gastronom\u00eda en Valladolid"},"content":{"rendered":"<p>[vc_row][vc_column width=\u00bb5\/6&#8243;][mnky_posts_grid grid_layout=\u00bbmpg-layout-6&#8243; label_hide=\u00bboff\u00bb cat_hide=\u00bboff\u00bb post_format_hide=\u00bboff\u00bb post_format_text_hide=\u00bboff\u00bb no_duplicate=\u00bbyes\u00bb post_type=\u00bbpost\u00bb category_1=\u00bbvalladolid-gastronomia\u00bb category_2=\u00bbvalladolid-gastronomia\u00bb category_3=\u00bbvalladolid-gastronomia\u00bb category_4=\u00bbvalladolid-gastronomia\u00bb][vc_empty_space][mnky_posts column_layout=\u00bbcolumn-count-3&#8243; content_type=\u00bbexcerpt\u00bb label_hide=\u00bboff\u00bb rating_hide=\u00bboff\u00bb cat_hide=\u00bboff\u00bb author_hide=\u00bboff\u00bb date_hide=\u00bboff\u00bb post_format_hide=\u00bboff\u00bb loop_content=\u00bbloop_content_on\u00bb no_duplicate=\u00bbyes\u00bb posts_per_page=\u00bb30&#8243; taxonomy=\u00bbcategory\u00bb el_id=\u00bb1515262759295-f0178cc4-0a1e\u00bb category=\u00bbvalladolid-gastronomia\u00bb][\/vc_column][vc_column width=\u00bb1\/6&#8243;][vc_widget_sidebar sidebar_id=\u00bbcs-1&#8243;][\/vc_column][\/vc_row]<\/p>\n","protected":false},"excerpt":{"rendered":"<p>[vc_row][vc_column width=\u00bb5\/6&#8243;][mnky_posts_grid grid_layout=\u00bbmpg-layout-6&#8243; label_hide=\u00bboff\u00bb cat_hide=\u00bboff\u00bb post_format_hide=\u00bboff\u00bb post_format_text_hide=\u00bboff\u00bb no_duplicate=\u00bbyes\u00bb post_type=\u00bbpost\u00bb category_1=\u00bbvalladolid-gastronomia\u00bb category_2=\u00bbvalladolid-gastronomia\u00bb category_3=\u00bbvalladolid-gastronomia\u00bb category_4=\u00bbvalladolid-gastronomia\u00bb][vc_empty_space][mnky_posts column_layout=\u00bbcolumn-count-3&#8243; content_type=\u00bbexcerpt\u00bb label_hide=\u00bboff\u00bb rating_hide=\u00bboff\u00bb cat_hide=\u00bboff\u00bb author_hide=\u00bboff\u00bb date_hide=\u00bboff\u00bb post_format_hide=\u00bboff\u00bb loop_content=\u00bbloop_content_on\u00bb no_duplicate=\u00bbyes\u00bb posts_per_page=\u00bb30&#8243; taxonomy=\u00bbcategory\u00bb el_id=\u00bb1515262759295-f0178cc4-0a1e\u00bb category=\u00bbvalladolid-gastronomia\u00bb][\/vc_column][vc_column width=\u00bb1\/6&#8243;][vc_widget_sidebar sidebar_id=\u00bbcs-1&#8243;][\/vc_column][\/vc_row]<\/p>\n","protected":false},"author":2,"featured_media":21447,"parent":295,"menu_order":0,"comment_status":"open","ping_status":"closed","template":"","meta":{"rop_custom_images_group":[],"rop_custom_messages_group":[],"rop_publish_now":"initial","rop_publish_now_accounts":{"twitter_1150954226_1150954226":""},"rop_publish_now_history":[],"rop_publish_now_status":"pending","footnotes":""},"class_list":["post-21500","page","type-page","status-publish","has-post-thumbnail","hentry"],"yoast_head":"<!-- This site is optimized with the Yoast SEO Premium plugin v20.4 (Yoast SEO v27.4) - https:\/\/yoast.com\/product\/yoast-seo-premium-wordpress\/ -->\n<title>Gastronom\u00eda en Valladolid - Destino Castilla y Le\u00f3n<\/title>\n<meta name=\"description\" content=\"Informaci\u00f3n interesante sobre Gastronom\u00eda en Valladolid y provincia que Destino Castilla y Le\u00f3n ha recopilado para ti\" \/>\n<meta name=\"robots\" content=\"index, follow, max-snippet:-1, max-image-preview:large, max-video-preview:-1\" \/>\n<link rel=\"canonical\" href=\"https:\/\/destinocastillayleon.es\/index\/provincias\/valladolid\/gastronomia-en-valladolid\/\" \/>\n<meta property=\"og:locale\" content=\"es_ES\" \/>\n<meta property=\"og:type\" content=\"article\" \/>\n<meta property=\"og:title\" content=\"Gastronom\u00eda en Valladolid\" \/>\n<meta property=\"og:description\" content=\"Informaci\u00f3n interesante sobre Gastronom\u00eda en Valladolid y provincia que Destino Castilla y Le\u00f3n ha recopilado para ti\" \/>\n<meta property=\"og:url\" content=\"https:\/\/destinocastillayleon.es\/index\/provincias\/valladolid\/gastronomia-en-valladolid\/\" \/>\n<meta property=\"og:site_name\" content=\"Destino Castilla y Le\u00f3n\" \/>\n<meta property=\"article:publisher\" content=\"https:\/\/www.facebook.com\/DestinoCastillaYLeon\/\" \/>\n<meta property=\"article:modified_time\" content=\"2018-01-06T18:39:05+00:00\" \/>\n<meta property=\"og:image\" content=\"https:\/\/destinocastillayleon.es\/index\/wp-content\/uploads\/2016\/01\/29f4cd32eaca00bddc381513e93731f7.jpg\" \/>\n\t<meta property=\"og:image:width\" content=\"300\" \/>\n\t<meta property=\"og:image:height\" content=\"200\" \/>\n\t<meta property=\"og:image:type\" content=\"image\/jpeg\" \/>\n<meta name=\"twitter:card\" content=\"summary_large_image\" \/>\n<meta name=\"twitter:title\" content=\"Gastronom\u00eda en Valladolid\" \/>\n<meta name=\"twitter:description\" content=\"Informaci\u00f3n interesante sobre Gastronom\u00eda en Valladolid y provincia que Destino Castilla y Le\u00f3n ha recopilado para ti\" \/>\n<meta name=\"twitter:image\" content=\"http:\/\/destinocastillayleon.es\/index\/wp-content\/uploads\/2016\/01\/29f4cd32eaca00bddc381513e93731f7-300x200.jpg\" \/>\n<meta name=\"twitter:site\" content=\"@destinocyl\" \/>\n<meta name=\"twitter:label1\" content=\"Tiempo de lectura\" \/>\n\t<meta name=\"twitter:data1\" content=\"1 minuto\" \/>\n<script type=\"application\/ld+json\" class=\"yoast-schema-graph\">{\"@context\":\"https:\\\/\\\/schema.org\",\"@graph\":[{\"@type\":\"WebPage\",\"@id\":\"https:\\\/\\\/destinocastillayleon.es\\\/index\\\/provincias\\\/valladolid\\\/gastronomia-en-valladolid\\\/\",\"url\":\"https:\\\/\\\/destinocastillayleon.es\\\/index\\\/provincias\\\/valladolid\\\/gastronomia-en-valladolid\\\/\",\"name\":\"Gastronom\u00eda en Valladolid - Destino Castilla y Le\u00f3n\",\"isPartOf\":{\"@id\":\"https:\\\/\\\/destinocastillayleon.es\\\/index\\\/#website\"},\"primaryImageOfPage\":{\"@id\":\"https:\\\/\\\/destinocastillayleon.es\\\/index\\\/provincias\\\/valladolid\\\/gastronomia-en-valladolid\\\/#primaryimage\"},\"image\":{\"@id\":\"https:\\\/\\\/destinocastillayleon.es\\\/index\\\/provincias\\\/valladolid\\\/gastronomia-en-valladolid\\\/#primaryimage\"},\"thumbnailUrl\":\"https:\\\/\\\/destinocastillayleon.es\\\/index\\\/wp-content\\\/uploads\\\/2016\\\/01\\\/29f4cd32eaca00bddc381513e93731f7.jpg\",\"datePublished\":\"2016-01-11T16:50:37+00:00\",\"dateModified\":\"2018-01-06T18:39:05+00:00\",\"description\":\"Informaci\u00f3n interesante sobre Gastronom\u00eda en Valladolid y provincia que Destino Castilla y Le\u00f3n ha recopilado para ti\",\"breadcrumb\":{\"@id\":\"https:\\\/\\\/destinocastillayleon.es\\\/index\\\/provincias\\\/valladolid\\\/gastronomia-en-valladolid\\\/#breadcrumb\"},\"inLanguage\":\"es\",\"potentialAction\":[{\"@type\":\"ReadAction\",\"target\":[\"https:\\\/\\\/destinocastillayleon.es\\\/index\\\/provincias\\\/valladolid\\\/gastronomia-en-valladolid\\\/\"]}]},{\"@type\":\"ImageObject\",\"inLanguage\":\"es\",\"@id\":\"https:\\\/\\\/destinocastillayleon.es\\\/index\\\/provincias\\\/valladolid\\\/gastronomia-en-valladolid\\\/#primaryimage\",\"url\":\"https:\\\/\\\/destinocastillayleon.es\\\/index\\\/wp-content\\\/uploads\\\/2016\\\/01\\\/29f4cd32eaca00bddc381513e93731f7.jpg\",\"contentUrl\":\"https:\\\/\\\/destinocastillayleon.es\\\/index\\\/wp-content\\\/uploads\\\/2016\\\/01\\\/29f4cd32eaca00bddc381513e93731f7.jpg\",\"width\":300,\"height\":200,\"caption\":\"Valladolid Gastronom\u00eda\"},{\"@type\":\"BreadcrumbList\",\"@id\":\"https:\\\/\\\/destinocastillayleon.es\\\/index\\\/provincias\\\/valladolid\\\/gastronomia-en-valladolid\\\/#breadcrumb\",\"itemListElement\":[{\"@type\":\"ListItem\",\"position\":1,\"name\":\"Portada\",\"item\":\"https:\\\/\\\/destinocastillayleon.es\\\/index\\\/\"},{\"@type\":\"ListItem\",\"position\":2,\"name\":\"Provincias\",\"item\":\"https:\\\/\\\/destinocastillayleon.es\\\/index\\\/provincias\\\/\"},{\"@type\":\"ListItem\",\"position\":3,\"name\":\"Valladolid\",\"item\":\"https:\\\/\\\/destinocastillayleon.es\\\/index\\\/provincias\\\/valladolid\\\/\"},{\"@type\":\"ListItem\",\"position\":4,\"name\":\"Gastronom\u00eda en Valladolid\"}]},{\"@type\":\"WebSite\",\"@id\":\"https:\\\/\\\/destinocastillayleon.es\\\/index\\\/#website\",\"url\":\"https:\\\/\\\/destinocastillayleon.es\\\/index\\\/\",\"name\":\"Destino Castilla y Le\u00f3n\",\"description\":\"Medio digital independiente y revista de Castilla y Le\u00f3n dedicado al turismo, gastronom\u00eda y vino de Castilla y Le\u00f3n\",\"potentialAction\":[{\"@type\":\"SearchAction\",\"target\":{\"@type\":\"EntryPoint\",\"urlTemplate\":\"https:\\\/\\\/destinocastillayleon.es\\\/index\\\/?s={search_term_string}\"},\"query-input\":{\"@type\":\"PropertyValueSpecification\",\"valueRequired\":true,\"valueName\":\"search_term_string\"}}],\"inLanguage\":\"es\"}]}<\/script>\n<!-- \/ Yoast SEO Premium plugin. -->","yoast_head_json":{"title":"Gastronom\u00eda en Valladolid - Destino Castilla y Le\u00f3n","description":"Informaci\u00f3n interesante sobre Gastronom\u00eda en Valladolid y provincia que Destino Castilla y Le\u00f3n ha recopilado para ti","robots":{"index":"index","follow":"follow","max-snippet":"max-snippet:-1","max-image-preview":"max-image-preview:large","max-video-preview":"max-video-preview:-1"},"canonical":"https:\/\/destinocastillayleon.es\/index\/provincias\/valladolid\/gastronomia-en-valladolid\/","og_locale":"es_ES","og_type":"article","og_title":"Gastronom\u00eda en Valladolid","og_description":"Informaci\u00f3n interesante sobre Gastronom\u00eda en Valladolid y provincia que Destino Castilla y Le\u00f3n ha recopilado para ti","og_url":"https:\/\/destinocastillayleon.es\/index\/provincias\/valladolid\/gastronomia-en-valladolid\/","og_site_name":"Destino Castilla y Le\u00f3n","article_publisher":"https:\/\/www.facebook.com\/DestinoCastillaYLeon\/","article_modified_time":"2018-01-06T18:39:05+00:00","og_image":[{"width":300,"height":200,"url":"https:\/\/destinocastillayleon.es\/index\/wp-content\/uploads\/2016\/01\/29f4cd32eaca00bddc381513e93731f7.jpg","type":"image\/jpeg"}],"twitter_card":"summary_large_image","twitter_title":"Gastronom\u00eda en Valladolid","twitter_description":"Informaci\u00f3n interesante sobre Gastronom\u00eda en Valladolid y provincia que Destino Castilla y Le\u00f3n ha recopilado para ti","twitter_image":"http:\/\/destinocastillayleon.es\/index\/wp-content\/uploads\/2016\/01\/29f4cd32eaca00bddc381513e93731f7-300x200.jpg","twitter_site":"@destinocyl","twitter_misc":{"Tiempo de lectura":"1 minuto"},"schema":{"@context":"https:\/\/schema.org","@graph":[{"@type":"WebPage","@id":"https:\/\/destinocastillayleon.es\/index\/provincias\/valladolid\/gastronomia-en-valladolid\/","url":"https:\/\/destinocastillayleon.es\/index\/provincias\/valladolid\/gastronomia-en-valladolid\/","name":"Gastronom\u00eda en Valladolid - Destino Castilla y Le\u00f3n","isPartOf":{"@id":"https:\/\/destinocastillayleon.es\/index\/#website"},"primaryImageOfPage":{"@id":"https:\/\/destinocastillayleon.es\/index\/provincias\/valladolid\/gastronomia-en-valladolid\/#primaryimage"},"image":{"@id":"https:\/\/destinocastillayleon.es\/index\/provincias\/valladolid\/gastronomia-en-valladolid\/#primaryimage"},"thumbnailUrl":"https:\/\/destinocastillayleon.es\/index\/wp-content\/uploads\/2016\/01\/29f4cd32eaca00bddc381513e93731f7.jpg","datePublished":"2016-01-11T16:50:37+00:00","dateModified":"2018-01-06T18:39:05+00:00","description":"Informaci\u00f3n interesante sobre Gastronom\u00eda en Valladolid y provincia que Destino Castilla y Le\u00f3n ha recopilado para ti","breadcrumb":{"@id":"https:\/\/destinocastillayleon.es\/index\/provincias\/valladolid\/gastronomia-en-valladolid\/#breadcrumb"},"inLanguage":"es","potentialAction":[{"@type":"ReadAction","target":["https:\/\/destinocastillayleon.es\/index\/provincias\/valladolid\/gastronomia-en-valladolid\/"]}]},{"@type":"ImageObject","inLanguage":"es","@id":"https:\/\/destinocastillayleon.es\/index\/provincias\/valladolid\/gastronomia-en-valladolid\/#primaryimage","url":"https:\/\/destinocastillayleon.es\/index\/wp-content\/uploads\/2016\/01\/29f4cd32eaca00bddc381513e93731f7.jpg","contentUrl":"https:\/\/destinocastillayleon.es\/index\/wp-content\/uploads\/2016\/01\/29f4cd32eaca00bddc381513e93731f7.jpg","width":300,"height":200,"caption":"Valladolid Gastronom\u00eda"},{"@type":"BreadcrumbList","@id":"https:\/\/destinocastillayleon.es\/index\/provincias\/valladolid\/gastronomia-en-valladolid\/#breadcrumb","itemListElement":[{"@type":"ListItem","position":1,"name":"Portada","item":"https:\/\/destinocastillayleon.es\/index\/"},{"@type":"ListItem","position":2,"name":"Provincias","item":"https:\/\/destinocastillayleon.es\/index\/provincias\/"},{"@type":"ListItem","position":3,"name":"Valladolid","item":"https:\/\/destinocastillayleon.es\/index\/provincias\/valladolid\/"},{"@type":"ListItem","position":4,"name":"Gastronom\u00eda en Valladolid"}]},{"@type":"WebSite","@id":"https:\/\/destinocastillayleon.es\/index\/#website","url":"https:\/\/destinocastillayleon.es\/index\/","name":"Destino Castilla y Le\u00f3n","description":"Medio digital independiente y revista de Castilla y Le\u00f3n dedicado al turismo, gastronom\u00eda y vino de Castilla y Le\u00f3n","potentialAction":[{"@type":"SearchAction","target":{"@type":"EntryPoint","urlTemplate":"https:\/\/destinocastillayleon.es\/index\/?s={search_term_string}"},"query-input":{"@type":"PropertyValueSpecification","valueRequired":true,"valueName":"search_term_string"}}],"inLanguage":"es"}]}},"_links":{"self":[{"href":"https:\/\/destinocastillayleon.es\/index\/wp-json\/wp\/v2\/pages\/21500","targetHints":{"allow":["GET"]}}],"collection":[{"href":"https:\/\/destinocastillayleon.es\/index\/wp-json\/wp\/v2\/pages"}],"about":[{"href":"https:\/\/destinocastillayleon.es\/index\/wp-json\/wp\/v2\/types\/page"}],"author":[{"embeddable":true,"href":"https:\/\/destinocastillayleon.es\/index\/wp-json\/wp\/v2\/users\/2"}],"replies":[{"embeddable":true,"href":"https:\/\/destinocastillayleon.es\/index\/wp-json\/wp\/v2\/comments?post=21500"}],"version-history":[{"count":6,"href":"https:\/\/destinocastillayleon.es\/index\/wp-json\/wp\/v2\/pages\/21500\/revisions"}],"predecessor-version":[{"id":27233,"href":"https:\/\/destinocastillayleon.es\/index\/wp-json\/wp\/v2\/pages\/21500\/revisions\/27233"}],"up":[{"embeddable":true,"href":"https:\/\/destinocastillayleon.es\/index\/wp-json\/wp\/v2\/pages\/295"}],"wp:featuredmedia":[{"embeddable":true,"href":"https:\/\/destinocastillayleon.es\/index\/wp-json\/wp\/v2\/media\/21447"}],"wp:attachment":[{"href":"https:\/\/destinocastillayleon.es\/index\/wp-json\/wp\/v2\/media?parent=21500"}],"curies":[{"name":"wp","href":"https:\/\/api.w.org\/{rel}","templated":true}]}}