{"id":21495,"date":"2016-01-11T16:42:40","date_gmt":"2016-01-11T15:42:40","guid":{"rendered":"http:\/\/destinocastillayleon.es\/index\/?page_id=21495"},"modified":"2018-01-19T01:06:17","modified_gmt":"2018-01-19T00:06:17","slug":"gastronomia-en-salamanca","status":"publish","type":"page","link":"https:\/\/destinocastillayleon.es\/index\/provincias\/salamanca\/gastronomia-en-salamanca\/","title":{"rendered":"Gastronomia en Salamanca"},"content":{"rendered":"<p>[vc_row][vc_column][vc_raw_html]JTNDaDIlM0UlM0NzdHJvbmclM0UlM0NjZW50ZXIlM0VDb25vY2UlMjBsb3MlMjBjb250ZW5pZG9zJTIwcmVsYWNpb25hZG9zJTIwY29uJTIwbGElMjBnYXN0cm9ub20lQzMlQURhJTIwZGUlMjAlM0NhJTIwaHJlZiUzRCUyMmh0dHAlM0ElMkYlMkZkZXN0aW5vY2FzdGlsbGF5bGVvbi5lcyUyRmluZGV4JTJGcHJvdmluY2lhcyUyRnNhbGFtYW5jYSUyRiUyMiUzRVNhbGFtYW5jYSUyMHklMjBzdSUyMHByb3ZpbmNpYSUzQyUyRmElM0UlM0MlMkZjZW50ZXIlM0UlM0MlMkZzdHJvbmclM0UlM0MlMkZoMiUzRQ==[\/vc_raw_html][vc_empty_space][\/vc_column][\/vc_row][vc_row][vc_column width=\u00bb5\/6&#8243;][mnky_posts_grid grid_layout=\u00bbmpg-layout-6&#8243; label_hide=\u00bboff\u00bb cat_hide=\u00bboff\u00bb comments_hide=\u00bboff\u00bb views_hide=\u00bboff\u00bb post_format_hide=\u00bboff\u00bb post_format_text_hide=\u00bboff\u00bb no_duplicate=\u00bbyes\u00bb post_type=\u00bbpost\u00bb category_1=\u00bbsalamanca-gastronomia\u00bb category_2=\u00bbsalamanca-gastronomia\u00bb category_3=\u00bbsalamanca-gastronomia\u00bb category_4=\u00bbsalamanca-gastronomia\u00bb][vc_empty_space][mnky_posts column_layout=\u00bbcolumn-count-3&#8243; content_type=\u00bbexcerpt\u00bb label_hide=\u00bboff\u00bb rating_hide=\u00bboff\u00bb cat_hide=\u00bboff\u00bb author_hide=\u00bboff\u00bb date_hide=\u00bboff\u00bb post_format_hide=\u00bboff\u00bb loop_content=\u00bbloop_content_on\u00bb no_duplicate=\u00bbyes\u00bb posts_per_page=\u00bb40&#8243; taxonomy=\u00bbcategory\u00bb el_id=\u00bb1515281883263-0c491224-e1d0&#8243; category=\u00bbsalamanca-gastronomia\u00bb][\/vc_column][vc_column width=\u00bb1\/6&#8243;][vc_widget_sidebar sidebar_id=\u00bbcs-2&#8243;][\/vc_column][\/vc_row]<\/p>\n","protected":false},"excerpt":{"rendered":"<p>[vc_row][vc_column][vc_raw_html]JTNDaDIlM0UlM0NzdHJvbmclM0UlM0NjZW50ZXIlM0VDb25vY2UlMjBsb3MlMjBjb250ZW5pZG9zJTIwcmVsYWNpb25hZG9zJTIwY29uJTIwbGElMjBnYXN0cm9ub20lQzMlQURhJTIwZGUlMjAlM0NhJTIwaHJlZiUzRCUyMmh0dHAlM0ElMkYlMkZkZXN0aW5vY2FzdGlsbGF5bGVvbi5lcyUyRmluZGV4JTJGcHJvdmluY2lhcyUyRnNhbGFtYW5jYSUyRiUyMiUzRVNhbGFtYW5jYSUyMHklMjBzdSUyMHByb3ZpbmNpYSUzQyUyRmElM0UlM0MlMkZjZW50ZXIlM0UlM0MlMkZzdHJvbmclM0UlM0MlMkZoMiUzRQ==[\/vc_raw_html][vc_empty_space][\/vc_column][\/vc_row][vc_row][vc_column width=\u00bb5\/6&#8243;][mnky_posts_grid grid_layout=\u00bbmpg-layout-6&#8243; label_hide=\u00bboff\u00bb cat_hide=\u00bboff\u00bb comments_hide=\u00bboff\u00bb views_hide=\u00bboff\u00bb post_format_hide=\u00bboff\u00bb post_format_text_hide=\u00bboff\u00bb no_duplicate=\u00bbyes\u00bb post_type=\u00bbpost\u00bb category_1=\u00bbsalamanca-gastronomia\u00bb category_2=\u00bbsalamanca-gastronomia\u00bb category_3=\u00bbsalamanca-gastronomia\u00bb category_4=\u00bbsalamanca-gastronomia\u00bb][vc_empty_space][mnky_posts column_layout=\u00bbcolumn-count-3&#8243; content_type=\u00bbexcerpt\u00bb label_hide=\u00bboff\u00bb rating_hide=\u00bboff\u00bb cat_hide=\u00bboff\u00bb author_hide=\u00bboff\u00bb date_hide=\u00bboff\u00bb post_format_hide=\u00bboff\u00bb loop_content=\u00bbloop_content_on\u00bb no_duplicate=\u00bbyes\u00bb posts_per_page=\u00bb40&#8243; taxonomy=\u00bbcategory\u00bb el_id=\u00bb1515281883263-0c491224-e1d0&#8243; category=\u00bbsalamanca-gastronomia\u00bb][\/vc_column][vc_column width=\u00bb1\/6&#8243;][vc_widget_sidebar sidebar_id=\u00bbcs-2&#8243;][\/vc_column][\/vc_row]<\/p>\n","protected":false},"author":2,"featured_media":21453,"parent":289,"menu_order":0,"comment_status":"open","ping_status":"closed","template":"","meta":{"footnotes":""},"class_list":["post-21495","page","type-page","status-publish","has-post-thumbnail","hentry"],"yoast_head":"<!-- This site is optimized with the Yoast SEO Premium plugin v20.4 (Yoast SEO v20.4) - https:\/\/yoast.com\/wordpress\/plugins\/seo\/ -->\n<title>Gastronomia en Salamanca - Destino Castilla y Le\u00f3n<\/title>\n<meta name=\"description\" content=\"Informaci\u00f3n interesante sobre Gastronom\u00eda en Salamanca y provincia que Destino Castilla y Le\u00f3n ha recopilado para ti\" \/>\n<meta name=\"robots\" content=\"index, follow, max-snippet:-1, max-image-preview:large, max-video-preview:-1\" \/>\n<link rel=\"canonical\" href=\"https:\/\/destinocastillayleon.es\/index\/provincias\/salamanca\/gastronomia-en-salamanca\/\" \/>\n<meta property=\"og:locale\" content=\"es_ES\" \/>\n<meta property=\"og:type\" content=\"article\" \/>\n<meta property=\"og:title\" content=\"Gastronomia en Salamanca\" \/>\n<meta property=\"og:description\" content=\"Informaci\u00f3n interesante sobre Gastronom\u00eda en Salamanca y provincia que Destino Castilla y Le\u00f3n ha recopilado para ti\" \/>\n<meta property=\"og:url\" content=\"https:\/\/destinocastillayleon.es\/index\/provincias\/salamanca\/gastronomia-en-salamanca\/\" \/>\n<meta property=\"og:site_name\" content=\"Destino Castilla y Le\u00f3n\" \/>\n<meta property=\"article:publisher\" content=\"https:\/\/www.facebook.com\/DestinoCastillaYLeon\/\" \/>\n<meta property=\"article:modified_time\" content=\"2018-01-19T00:06:17+00:00\" \/>\n<meta property=\"og:image\" content=\"https:\/\/destinocastillayleon.es\/index\/wp-content\/uploads\/2016\/01\/Salamanca-Gastronomia.jpg\" \/>\n\t<meta property=\"og:image:width\" content=\"300\" \/>\n\t<meta property=\"og:image:height\" content=\"200\" \/>\n\t<meta property=\"og:image:type\" content=\"image\/jpeg\" \/>\n<meta name=\"twitter:card\" content=\"summary_large_image\" \/>\n<meta name=\"twitter:title\" content=\"Gastronomia en Salamanca\" \/>\n<meta name=\"twitter:description\" content=\"Informaci\u00f3n interesante sobre Gastronom\u00eda en Salamanca y provincia que Destino Castilla y Le\u00f3n ha recopilado para ti\" \/>\n<meta name=\"twitter:site\" content=\"@destinocyl\" \/>\n<meta name=\"twitter:label1\" content=\"Tiempo de lectura\" \/>\n\t<meta name=\"twitter:data1\" content=\"1 minuto\" \/>\n<script type=\"application\/ld+json\" class=\"yoast-schema-graph\">{\"@context\":\"https:\/\/schema.org\",\"@graph\":[{\"@type\":\"WebPage\",\"@id\":\"https:\/\/destinocastillayleon.es\/index\/provincias\/salamanca\/gastronomia-en-salamanca\/\",\"url\":\"https:\/\/destinocastillayleon.es\/index\/provincias\/salamanca\/gastronomia-en-salamanca\/\",\"name\":\"Gastronomia en Salamanca - Destino Castilla y Le\u00f3n\",\"isPartOf\":{\"@id\":\"https:\/\/destinocastillayleon.es\/index\/#website\"},\"datePublished\":\"2016-01-11T15:42:40+00:00\",\"dateModified\":\"2018-01-19T00:06:17+00:00\",\"description\":\"Informaci\u00f3n interesante sobre Gastronom\u00eda en Salamanca y provincia que Destino Castilla y Le\u00f3n ha recopilado para ti\",\"breadcrumb\":{\"@id\":\"https:\/\/destinocastillayleon.es\/index\/provincias\/salamanca\/gastronomia-en-salamanca\/#breadcrumb\"},\"inLanguage\":\"es\",\"potentialAction\":[{\"@type\":\"ReadAction\",\"target\":[\"https:\/\/destinocastillayleon.es\/index\/provincias\/salamanca\/gastronomia-en-salamanca\/\"]}]},{\"@type\":\"BreadcrumbList\",\"@id\":\"https:\/\/destinocastillayleon.es\/index\/provincias\/salamanca\/gastronomia-en-salamanca\/#breadcrumb\",\"itemListElement\":[{\"@type\":\"ListItem\",\"position\":1,\"name\":\"Portada\",\"item\":\"https:\/\/destinocastillayleon.es\/index\/\"},{\"@type\":\"ListItem\",\"position\":2,\"name\":\"Provincias\",\"item\":\"https:\/\/destinocastillayleon.es\/index\/provincias\/\"},{\"@type\":\"ListItem\",\"position\":3,\"name\":\"Salamanca\",\"item\":\"https:\/\/destinocastillayleon.es\/index\/provincias\/salamanca\/\"},{\"@type\":\"ListItem\",\"position\":4,\"name\":\"Gastronomia en Salamanca\"}]},{\"@type\":\"WebSite\",\"@id\":\"https:\/\/destinocastillayleon.es\/index\/#website\",\"url\":\"https:\/\/destinocastillayleon.es\/index\/\",\"name\":\"Destino Castilla y Le\u00f3n\",\"description\":\"Medio digital independiente y revista de Castilla y Le\u00f3n dedicado al turismo, gastronom\u00eda y vino de Castilla y Le\u00f3n\",\"potentialAction\":[{\"@type\":\"SearchAction\",\"target\":{\"@type\":\"EntryPoint\",\"urlTemplate\":\"https:\/\/destinocastillayleon.es\/index\/?s={search_term_string}\"},\"query-input\":\"required name=search_term_string\"}],\"inLanguage\":\"es\"}]}<\/script>\n<!-- \/ Yoast SEO Premium plugin. -->","yoast_head_json":{"title":"Gastronomia en Salamanca - Destino Castilla y Le\u00f3n","description":"Informaci\u00f3n interesante sobre Gastronom\u00eda en Salamanca y provincia que Destino Castilla y Le\u00f3n ha recopilado para ti","robots":{"index":"index","follow":"follow","max-snippet":"max-snippet:-1","max-image-preview":"max-image-preview:large","max-video-preview":"max-video-preview:-1"},"canonical":"https:\/\/destinocastillayleon.es\/index\/provincias\/salamanca\/gastronomia-en-salamanca\/","og_locale":"es_ES","og_type":"article","og_title":"Gastronomia en Salamanca","og_description":"Informaci\u00f3n interesante sobre Gastronom\u00eda en Salamanca y provincia que Destino Castilla y Le\u00f3n ha recopilado para ti","og_url":"https:\/\/destinocastillayleon.es\/index\/provincias\/salamanca\/gastronomia-en-salamanca\/","og_site_name":"Destino Castilla y Le\u00f3n","article_publisher":"https:\/\/www.facebook.com\/DestinoCastillaYLeon\/","article_modified_time":"2018-01-19T00:06:17+00:00","og_image":[{"width":300,"height":200,"url":"https:\/\/destinocastillayleon.es\/index\/wp-content\/uploads\/2016\/01\/Salamanca-Gastronomia.jpg","type":"image\/jpeg"}],"twitter_card":"summary_large_image","twitter_title":"Gastronomia en Salamanca","twitter_description":"Informaci\u00f3n interesante sobre Gastronom\u00eda en Salamanca y provincia que Destino Castilla y Le\u00f3n ha recopilado para ti","twitter_site":"@destinocyl","twitter_misc":{"Tiempo de lectura":"1 minuto"},"schema":{"@context":"https:\/\/schema.org","@graph":[{"@type":"WebPage","@id":"https:\/\/destinocastillayleon.es\/index\/provincias\/salamanca\/gastronomia-en-salamanca\/","url":"https:\/\/destinocastillayleon.es\/index\/provincias\/salamanca\/gastronomia-en-salamanca\/","name":"Gastronomia en Salamanca - Destino Castilla y Le\u00f3n","isPartOf":{"@id":"https:\/\/destinocastillayleon.es\/index\/#website"},"datePublished":"2016-01-11T15:42:40+00:00","dateModified":"2018-01-19T00:06:17+00:00","description":"Informaci\u00f3n interesante sobre Gastronom\u00eda en Salamanca y provincia que Destino Castilla y Le\u00f3n ha recopilado para ti","breadcrumb":{"@id":"https:\/\/destinocastillayleon.es\/index\/provincias\/salamanca\/gastronomia-en-salamanca\/#breadcrumb"},"inLanguage":"es","potentialAction":[{"@type":"ReadAction","target":["https:\/\/destinocastillayleon.es\/index\/provincias\/salamanca\/gastronomia-en-salamanca\/"]}]},{"@type":"BreadcrumbList","@id":"https:\/\/destinocastillayleon.es\/index\/provincias\/salamanca\/gastronomia-en-salamanca\/#breadcrumb","itemListElement":[{"@type":"ListItem","position":1,"name":"Portada","item":"https:\/\/destinocastillayleon.es\/index\/"},{"@type":"ListItem","position":2,"name":"Provincias","item":"https:\/\/destinocastillayleon.es\/index\/provincias\/"},{"@type":"ListItem","position":3,"name":"Salamanca","item":"https:\/\/destinocastillayleon.es\/index\/provincias\/salamanca\/"},{"@type":"ListItem","position":4,"name":"Gastronomia en Salamanca"}]},{"@type":"WebSite","@id":"https:\/\/destinocastillayleon.es\/index\/#website","url":"https:\/\/destinocastillayleon.es\/index\/","name":"Destino Castilla y Le\u00f3n","description":"Medio digital independiente y revista de Castilla y Le\u00f3n dedicado al turismo, gastronom\u00eda y vino de Castilla y Le\u00f3n","potentialAction":[{"@type":"SearchAction","target":{"@type":"EntryPoint","urlTemplate":"https:\/\/destinocastillayleon.es\/index\/?s={search_term_string}"},"query-input":"required name=search_term_string"}],"inLanguage":"es"}]}},"_links":{"self":[{"href":"https:\/\/destinocastillayleon.es\/index\/wp-json\/wp\/v2\/pages\/21495","targetHints":{"allow":["GET"]}}],"collection":[{"href":"https:\/\/destinocastillayleon.es\/index\/wp-json\/wp\/v2\/pages"}],"about":[{"href":"https:\/\/destinocastillayleon.es\/index\/wp-json\/wp\/v2\/types\/page"}],"author":[{"embeddable":true,"href":"https:\/\/destinocastillayleon.es\/index\/wp-json\/wp\/v2\/users\/2"}],"replies":[{"embeddable":true,"href":"https:\/\/destinocastillayleon.es\/index\/wp-json\/wp\/v2\/comments?post=21495"}],"version-history":[{"count":9,"href":"https:\/\/destinocastillayleon.es\/index\/wp-json\/wp\/v2\/pages\/21495\/revisions"}],"predecessor-version":[{"id":27368,"href":"https:\/\/destinocastillayleon.es\/index\/wp-json\/wp\/v2\/pages\/21495\/revisions\/27368"}],"up":[{"embeddable":true,"href":"https:\/\/destinocastillayleon.es\/index\/wp-json\/wp\/v2\/pages\/289"}],"wp:featuredmedia":[{"embeddable":true,"href":"https:\/\/destinocastillayleon.es\/index\/wp-json\/wp\/v2\/media\/21453"}],"wp:attachment":[{"href":"https:\/\/destinocastillayleon.es\/index\/wp-json\/wp\/v2\/media?parent=21495"}],"curies":[{"name":"wp","href":"https:\/\/api.w.org\/{rel}","templated":true}]}}