{"id":20986,"date":"2015-11-20T12:33:33","date_gmt":"2015-11-20T11:33:33","guid":{"rendered":"http:\/\/destinocastillayleon.es\/index\/?page_id=20986"},"modified":"2018-03-13T00:29:25","modified_gmt":"2018-03-12T23:29:25","slug":"turismo-en-palencia","status":"publish","type":"page","link":"https:\/\/destinocastillayleon.es\/index\/provincias\/palencia\/turismo-en-palencia\/","title":{"rendered":"Turismo en Palencia"},"content":{"rendered":"<p>[vc_row][vc_column][vc_raw_html]JTNDY2VudGVyJTNFJTNDaDIlM0VDb25vY2UlMjBsb3MlMjBjb250ZW5pZG9zJTIwcmVsYWNpb25hZG9zJTIwY29uJTIwZWwlMjB0dXJpc21vJTIwZGUlMjBQYWxlbmNpYSUyMHklMjBzdSUyMHByb3ZpbmNpYSUzQyUyRmgyJTNFJTNDJTJGY2VudGVyJTNF[\/vc_raw_html][vc_empty_space][\/vc_column][\/vc_row][vc_row][vc_column width=\u00bb5\/6&#8243;][mnky_posts_grid grid_layout=\u00bbmpg-layout-6&#8243; label_hide=\u00bboff\u00bb cat_hide=\u00bboff\u00bb comments_hide=\u00bboff\u00bb views_hide=\u00bboff\u00bb post_format_hide=\u00bboff\u00bb post_format_text_hide=\u00bboff\u00bb no_duplicate=\u00bbyes\u00bb post_type=\u00bbpost\u00bb category_1=\u00bbpalencia-turismo\u00bb category_2=\u00bbpalencia-turismo\u00bb category_3=\u00bbpalencia-turismo\u00bb category_4=\u00bbpalencia-turismo\u00bb][vc_empty_space][mnky_posts column_layout=\u00bbcolumn-count-3&#8243; content_type=\u00bbexcerpt\u00bb label_hide=\u00bboff\u00bb rating_hide=\u00bboff\u00bb cat_hide=\u00bboff\u00bb author_hide=\u00bboff\u00bb date_hide=\u00bboff\u00bb post_format_hide=\u00bboff\u00bb loop_content=\u00bbloop_content_on\u00bb no_duplicate=\u00bbyes\u00bb posts_per_page=\u00bb80&#8243; taxonomy=\u00bbcategory\u00bb el_id=\u00bb1518046369697-c6ed7f0e-3243&#8243; category=\u00bbpalencia-turismo\u00bb][\/vc_column][vc_column width=\u00bb1\/6&#8243;][vc_widget_sidebar sidebar_id=\u00bbcs-5&#8243;][\/vc_column][\/vc_row]<\/p>\n","protected":false},"excerpt":{"rendered":"<p>[vc_row][vc_column][vc_raw_html]JTNDY2VudGVyJTNFJTNDaDIlM0VDb25vY2UlMjBsb3MlMjBjb250ZW5pZG9zJTIwcmVsYWNpb25hZG9zJTIwY29uJTIwZWwlMjB0dXJpc21vJTIwZGUlMjBQYWxlbmNpYSUyMHklMjBzdSUyMHByb3ZpbmNpYSUzQyUyRmgyJTNFJTNDJTJGY2VudGVyJTNF[\/vc_raw_html][vc_empty_space][\/vc_column][\/vc_row][vc_row][vc_column width=\u00bb5\/6&#8243;][mnky_posts_grid grid_layout=\u00bbmpg-layout-6&#8243; label_hide=\u00bboff\u00bb cat_hide=\u00bboff\u00bb comments_hide=\u00bboff\u00bb views_hide=\u00bboff\u00bb post_format_hide=\u00bboff\u00bb post_format_text_hide=\u00bboff\u00bb no_duplicate=\u00bbyes\u00bb post_type=\u00bbpost\u00bb category_1=\u00bbpalencia-turismo\u00bb category_2=\u00bbpalencia-turismo\u00bb category_3=\u00bbpalencia-turismo\u00bb category_4=\u00bbpalencia-turismo\u00bb][vc_empty_space][mnky_posts column_layout=\u00bbcolumn-count-3&#8243; content_type=\u00bbexcerpt\u00bb label_hide=\u00bboff\u00bb rating_hide=\u00bboff\u00bb cat_hide=\u00bboff\u00bb author_hide=\u00bboff\u00bb date_hide=\u00bboff\u00bb post_format_hide=\u00bboff\u00bb loop_content=\u00bbloop_content_on\u00bb no_duplicate=\u00bbyes\u00bb posts_per_page=\u00bb80&#8243; taxonomy=\u00bbcategory\u00bb el_id=\u00bb1518046369697-c6ed7f0e-3243&#8243; category=\u00bbpalencia-turismo\u00bb][\/vc_column][vc_column width=\u00bb1\/6&#8243;][vc_widget_sidebar sidebar_id=\u00bbcs-5&#8243;][\/vc_column][\/vc_row]<\/p>\n","protected":false},"author":2,"featured_media":20989,"parent":287,"menu_order":0,"comment_status":"open","ping_status":"closed","template":"","meta":{"footnotes":""},"class_list":["post-20986","page","type-page","status-publish","has-post-thumbnail","hentry"],"yoast_head":"<!-- This site is optimized with the Yoast SEO Premium plugin v20.4 (Yoast SEO v20.4) - https:\/\/yoast.com\/wordpress\/plugins\/seo\/ -->\n<title>Turismo en Palencia - Destino Castilla y Le\u00f3n<\/title>\n<meta name=\"description\" content=\"La informaci\u00f3n m\u00e1s intersante relativa al Turismo en Palencia y provincia que Destino Castilla y Le\u00f3n ha recopilado para ti\" \/>\n<meta name=\"robots\" content=\"index, follow, max-snippet:-1, max-image-preview:large, max-video-preview:-1\" \/>\n<link rel=\"canonical\" href=\"https:\/\/destinocastillayleon.es\/index\/provincias\/palencia\/turismo-en-palencia\/\" \/>\n<meta property=\"og:locale\" content=\"es_ES\" \/>\n<meta property=\"og:type\" content=\"article\" \/>\n<meta property=\"og:title\" content=\"Turismo en Palencia\" \/>\n<meta property=\"og:description\" content=\"La informaci\u00f3n m\u00e1s intersante relativa al Turismo en Palencia y provincia que Destino Castilla y Le\u00f3n ha recopilado para ti\" \/>\n<meta property=\"og:url\" content=\"https:\/\/destinocastillayleon.es\/index\/provincias\/palencia\/turismo-en-palencia\/\" \/>\n<meta property=\"og:site_name\" content=\"Destino Castilla y Le\u00f3n\" \/>\n<meta property=\"article:publisher\" content=\"https:\/\/www.facebook.com\/DestinoCastillaYLeon\/\" \/>\n<meta property=\"article:modified_time\" content=\"2018-03-12T23:29:25+00:00\" \/>\n<meta property=\"og:image\" content=\"https:\/\/destinocastillayleon.es\/index\/wp-content\/uploads\/2015\/11\/55f897482f9ac0296131075539afc2d4.jpg\" \/>\n\t<meta property=\"og:image:width\" content=\"300\" \/>\n\t<meta property=\"og:image:height\" content=\"200\" \/>\n\t<meta property=\"og:image:type\" content=\"image\/jpeg\" \/>\n<meta name=\"twitter:card\" content=\"summary_large_image\" \/>\n<meta name=\"twitter:site\" content=\"@destinocyl\" \/>\n<meta name=\"twitter:label1\" content=\"Tiempo de lectura\" \/>\n\t<meta name=\"twitter:data1\" content=\"1 minuto\" \/>\n<script type=\"application\/ld+json\" class=\"yoast-schema-graph\">{\"@context\":\"https:\/\/schema.org\",\"@graph\":[{\"@type\":\"WebPage\",\"@id\":\"https:\/\/destinocastillayleon.es\/index\/provincias\/palencia\/turismo-en-palencia\/\",\"url\":\"https:\/\/destinocastillayleon.es\/index\/provincias\/palencia\/turismo-en-palencia\/\",\"name\":\"Turismo en Palencia - Destino Castilla y Le\u00f3n\",\"isPartOf\":{\"@id\":\"https:\/\/destinocastillayleon.es\/index\/#website\"},\"datePublished\":\"2015-11-20T11:33:33+00:00\",\"dateModified\":\"2018-03-12T23:29:25+00:00\",\"description\":\"La informaci\u00f3n m\u00e1s intersante relativa al Turismo en Palencia y provincia que Destino Castilla y Le\u00f3n ha recopilado para ti\",\"breadcrumb\":{\"@id\":\"https:\/\/destinocastillayleon.es\/index\/provincias\/palencia\/turismo-en-palencia\/#breadcrumb\"},\"inLanguage\":\"es\",\"potentialAction\":[{\"@type\":\"ReadAction\",\"target\":[\"https:\/\/destinocastillayleon.es\/index\/provincias\/palencia\/turismo-en-palencia\/\"]}]},{\"@type\":\"BreadcrumbList\",\"@id\":\"https:\/\/destinocastillayleon.es\/index\/provincias\/palencia\/turismo-en-palencia\/#breadcrumb\",\"itemListElement\":[{\"@type\":\"ListItem\",\"position\":1,\"name\":\"Portada\",\"item\":\"https:\/\/destinocastillayleon.es\/index\/\"},{\"@type\":\"ListItem\",\"position\":2,\"name\":\"Provincias\",\"item\":\"https:\/\/destinocastillayleon.es\/index\/provincias\/\"},{\"@type\":\"ListItem\",\"position\":3,\"name\":\"Palencia\",\"item\":\"https:\/\/destinocastillayleon.es\/index\/provincias\/palencia\/\"},{\"@type\":\"ListItem\",\"position\":4,\"name\":\"Turismo en Palencia\"}]},{\"@type\":\"WebSite\",\"@id\":\"https:\/\/destinocastillayleon.es\/index\/#website\",\"url\":\"https:\/\/destinocastillayleon.es\/index\/\",\"name\":\"Destino Castilla y Le\u00f3n\",\"description\":\"Medio digital independiente y revista de Castilla y Le\u00f3n dedicado al turismo, gastronom\u00eda y vino de Castilla y Le\u00f3n\",\"potentialAction\":[{\"@type\":\"SearchAction\",\"target\":{\"@type\":\"EntryPoint\",\"urlTemplate\":\"https:\/\/destinocastillayleon.es\/index\/?s={search_term_string}\"},\"query-input\":\"required name=search_term_string\"}],\"inLanguage\":\"es\"}]}<\/script>\n<!-- \/ Yoast SEO Premium plugin. -->","yoast_head_json":{"title":"Turismo en Palencia - Destino Castilla y Le\u00f3n","description":"La informaci\u00f3n m\u00e1s intersante relativa al Turismo en Palencia y provincia que Destino Castilla y Le\u00f3n ha recopilado para ti","robots":{"index":"index","follow":"follow","max-snippet":"max-snippet:-1","max-image-preview":"max-image-preview:large","max-video-preview":"max-video-preview:-1"},"canonical":"https:\/\/destinocastillayleon.es\/index\/provincias\/palencia\/turismo-en-palencia\/","og_locale":"es_ES","og_type":"article","og_title":"Turismo en Palencia","og_description":"La informaci\u00f3n m\u00e1s intersante relativa al Turismo en Palencia y provincia que Destino Castilla y Le\u00f3n ha recopilado para ti","og_url":"https:\/\/destinocastillayleon.es\/index\/provincias\/palencia\/turismo-en-palencia\/","og_site_name":"Destino Castilla y Le\u00f3n","article_publisher":"https:\/\/www.facebook.com\/DestinoCastillaYLeon\/","article_modified_time":"2018-03-12T23:29:25+00:00","og_image":[{"width":300,"height":200,"url":"https:\/\/destinocastillayleon.es\/index\/wp-content\/uploads\/2015\/11\/55f897482f9ac0296131075539afc2d4.jpg","type":"image\/jpeg"}],"twitter_card":"summary_large_image","twitter_site":"@destinocyl","twitter_misc":{"Tiempo de lectura":"1 minuto"},"schema":{"@context":"https:\/\/schema.org","@graph":[{"@type":"WebPage","@id":"https:\/\/destinocastillayleon.es\/index\/provincias\/palencia\/turismo-en-palencia\/","url":"https:\/\/destinocastillayleon.es\/index\/provincias\/palencia\/turismo-en-palencia\/","name":"Turismo en Palencia - Destino Castilla y Le\u00f3n","isPartOf":{"@id":"https:\/\/destinocastillayleon.es\/index\/#website"},"datePublished":"2015-11-20T11:33:33+00:00","dateModified":"2018-03-12T23:29:25+00:00","description":"La informaci\u00f3n m\u00e1s intersante relativa al Turismo en Palencia y provincia que Destino Castilla y Le\u00f3n ha recopilado para ti","breadcrumb":{"@id":"https:\/\/destinocastillayleon.es\/index\/provincias\/palencia\/turismo-en-palencia\/#breadcrumb"},"inLanguage":"es","potentialAction":[{"@type":"ReadAction","target":["https:\/\/destinocastillayleon.es\/index\/provincias\/palencia\/turismo-en-palencia\/"]}]},{"@type":"BreadcrumbList","@id":"https:\/\/destinocastillayleon.es\/index\/provincias\/palencia\/turismo-en-palencia\/#breadcrumb","itemListElement":[{"@type":"ListItem","position":1,"name":"Portada","item":"https:\/\/destinocastillayleon.es\/index\/"},{"@type":"ListItem","position":2,"name":"Provincias","item":"https:\/\/destinocastillayleon.es\/index\/provincias\/"},{"@type":"ListItem","position":3,"name":"Palencia","item":"https:\/\/destinocastillayleon.es\/index\/provincias\/palencia\/"},{"@type":"ListItem","position":4,"name":"Turismo en Palencia"}]},{"@type":"WebSite","@id":"https:\/\/destinocastillayleon.es\/index\/#website","url":"https:\/\/destinocastillayleon.es\/index\/","name":"Destino Castilla y Le\u00f3n","description":"Medio digital independiente y revista de Castilla y Le\u00f3n dedicado al turismo, gastronom\u00eda y vino de Castilla y Le\u00f3n","potentialAction":[{"@type":"SearchAction","target":{"@type":"EntryPoint","urlTemplate":"https:\/\/destinocastillayleon.es\/index\/?s={search_term_string}"},"query-input":"required name=search_term_string"}],"inLanguage":"es"}]}},"_links":{"self":[{"href":"https:\/\/destinocastillayleon.es\/index\/wp-json\/wp\/v2\/pages\/20986","targetHints":{"allow":["GET"]}}],"collection":[{"href":"https:\/\/destinocastillayleon.es\/index\/wp-json\/wp\/v2\/pages"}],"about":[{"href":"https:\/\/destinocastillayleon.es\/index\/wp-json\/wp\/v2\/types\/page"}],"author":[{"embeddable":true,"href":"https:\/\/destinocastillayleon.es\/index\/wp-json\/wp\/v2\/users\/2"}],"replies":[{"embeddable":true,"href":"https:\/\/destinocastillayleon.es\/index\/wp-json\/wp\/v2\/comments?post=20986"}],"version-history":[{"count":8,"href":"https:\/\/destinocastillayleon.es\/index\/wp-json\/wp\/v2\/pages\/20986\/revisions"}],"predecessor-version":[{"id":27643,"href":"https:\/\/destinocastillayleon.es\/index\/wp-json\/wp\/v2\/pages\/20986\/revisions\/27643"}],"up":[{"embeddable":true,"href":"https:\/\/destinocastillayleon.es\/index\/wp-json\/wp\/v2\/pages\/287"}],"wp:featuredmedia":[{"embeddable":true,"href":"https:\/\/destinocastillayleon.es\/index\/wp-json\/wp\/v2\/media\/20989"}],"wp:attachment":[{"href":"https:\/\/destinocastillayleon.es\/index\/wp-json\/wp\/v2\/media?parent=20986"}],"curies":[{"name":"wp","href":"https:\/\/api.w.org\/{rel}","templated":true}]}}