{"id":20976,"date":"2015-11-20T11:27:59","date_gmt":"2015-11-20T10:27:59","guid":{"rendered":"http:\/\/destinocastillayleon.es\/index\/?page_id=20976"},"modified":"2018-03-22T00:31:30","modified_gmt":"2018-03-21T23:31:30","slug":"actualidad-en-burgos","status":"publish","type":"page","link":"https:\/\/destinocastillayleon.es\/index\/provincias\/burgos\/actualidad-en-burgos\/","title":{"rendered":"Actualidad en Burgos"},"content":{"rendered":"<p>[vc_row][vc_column][vc_raw_html]JTNDaDIlM0VDb25vY2UlMjBsb3MlMjBjb250ZW5pZG9zJTIwcmVsYWNpb25hZG9zJTIwY29uJTIwJTNDc3Ryb25nJTNFbGElMjBhY3R1YWxpZGFkJTIwZGUlMjBCdXJnb3MlMjB5JTIwc3UlMjBwcm92aW5jaWElM0MlMkZzdHJvbmclM0UlM0MlMkZoMiUzRQ==[\/vc_raw_html][vc_empty_space][\/vc_column][\/vc_row][vc_row][vc_column width=\u00bb5\/6&#8243;][mnky_posts_grid grid_layout=\u00bbmpg-layout-6&#8243; label_hide=\u00bboff\u00bb cat_hide=\u00bboff\u00bb comments_hide=\u00bboff\u00bb views_hide=\u00bboff\u00bb no_duplicate=\u00bbyes\u00bb post_type=\u00bbpost\u00bb category_1=\u00bbburgos-actualidad\u00bb category_2=\u00bbburgos-actualidad\u00bb category_3=\u00bbburgos-actualidad\u00bb category_4=\u00bbburgos-actualidad\u00bb][vc_empty_space][mnky_posts column_layout=\u00bbcolumn-count-3&#8243; content_type=\u00bbexcerpt\u00bb label_hide=\u00bboff\u00bb rating_hide=\u00bboff\u00bb cat_hide=\u00bboff\u00bb author_hide=\u00bboff\u00bb date_hide=\u00bboff\u00bb post_format_hide=\u00bboff\u00bb loop_content=\u00bbloop_content_on\u00bb no_duplicate=\u00bbyes\u00bb posts_per_page=\u00bb45&#8243; taxonomy=\u00bbcategory\u00bb el_id=\u00bb1521675023982-0092f05c-904a\u00bb category=\u00bbburgos-actualidad\u00bb][\/vc_column][vc_column width=\u00bb1\/6&#8243;][vc_widget_sidebar sidebar_id=\u00bbcs-7&#8243;][\/vc_column][\/vc_row]<\/p>\n","protected":false},"excerpt":{"rendered":"<p>[vc_row][vc_column][vc_raw_html]JTNDaDIlM0VDb25vY2UlMjBsb3MlMjBjb250ZW5pZG9zJTIwcmVsYWNpb25hZG9zJTIwY29uJTIwJTNDc3Ryb25nJTNFbGElMjBhY3R1YWxpZGFkJTIwZGUlMjBCdXJnb3MlMjB5JTIwc3UlMjBwcm92aW5jaWElM0MlMkZzdHJvbmclM0UlM0MlMkZoMiUzRQ==[\/vc_raw_html][vc_empty_space][\/vc_column][\/vc_row][vc_row][vc_column width=\u00bb5\/6&#8243;][mnky_posts_grid grid_layout=\u00bbmpg-layout-6&#8243; label_hide=\u00bboff\u00bb cat_hide=\u00bboff\u00bb comments_hide=\u00bboff\u00bb views_hide=\u00bboff\u00bb no_duplicate=\u00bbyes\u00bb post_type=\u00bbpost\u00bb category_1=\u00bbburgos-actualidad\u00bb category_2=\u00bbburgos-actualidad\u00bb category_3=\u00bbburgos-actualidad\u00bb category_4=\u00bbburgos-actualidad\u00bb][vc_empty_space][mnky_posts column_layout=\u00bbcolumn-count-3&#8243; content_type=\u00bbexcerpt\u00bb label_hide=\u00bboff\u00bb rating_hide=\u00bboff\u00bb cat_hide=\u00bboff\u00bb author_hide=\u00bboff\u00bb date_hide=\u00bboff\u00bb post_format_hide=\u00bboff\u00bb loop_content=\u00bbloop_content_on\u00bb no_duplicate=\u00bbyes\u00bb posts_per_page=\u00bb45&#8243; taxonomy=\u00bbcategory\u00bb el_id=\u00bb1521675023982-0092f05c-904a\u00bb category=\u00bbburgos-actualidad\u00bb][\/vc_column][vc_column width=\u00bb1\/6&#8243;][vc_widget_sidebar sidebar_id=\u00bbcs-7&#8243;][\/vc_column][\/vc_row]<\/p>\n","protected":false},"author":2,"featured_media":0,"parent":283,"menu_order":0,"comment_status":"open","ping_status":"closed","template":"","meta":{"rop_custom_images_group":[],"rop_custom_messages_group":[],"rop_publish_now":"initial","rop_publish_now_accounts":{"twitter_1150954226_1150954226":""},"rop_publish_now_history":[],"rop_publish_now_status":"pending","footnotes":""},"class_list":["post-20976","page","type-page","status-publish","hentry"],"yoast_head":"<!-- This site is optimized with the Yoast SEO Premium plugin v20.4 (Yoast SEO v27.4) - https:\/\/yoast.com\/product\/yoast-seo-premium-wordpress\/ -->\n<title>Actualidad en Burgos - Destino Castilla y Le\u00f3n<\/title>\n<meta name=\"description\" content=\"Informaci\u00f3n interesante sobre Actualidad en Burgos y provincia que Destino Castilla y Le\u00f3n ha recopilado para ti\" \/>\n<meta name=\"robots\" content=\"index, follow, max-snippet:-1, max-image-preview:large, max-video-preview:-1\" \/>\n<link rel=\"canonical\" href=\"https:\/\/destinocastillayleon.es\/index\/provincias\/burgos\/actualidad-en-burgos\/\" \/>\n<meta property=\"og:locale\" content=\"es_ES\" \/>\n<meta property=\"og:type\" content=\"article\" \/>\n<meta property=\"og:title\" content=\"Actualidad en Burgos\" \/>\n<meta property=\"og:description\" content=\"Informaci\u00f3n interesante sobre Actualidad en Burgos y provincia que Destino Castilla y Le\u00f3n ha recopilado para ti\" \/>\n<meta property=\"og:url\" content=\"https:\/\/destinocastillayleon.es\/index\/provincias\/burgos\/actualidad-en-burgos\/\" \/>\n<meta property=\"og:site_name\" content=\"Destino Castilla y Le\u00f3n\" \/>\n<meta property=\"article:publisher\" content=\"https:\/\/www.facebook.com\/DestinoCastillaYLeon\/\" \/>\n<meta property=\"article:modified_time\" content=\"2018-03-21T23:31:30+00:00\" \/>\n<meta name=\"twitter:card\" content=\"summary_large_image\" \/>\n<meta name=\"twitter:site\" content=\"@destinocyl\" \/>\n<meta name=\"twitter:label1\" content=\"Tiempo de lectura\" \/>\n\t<meta name=\"twitter:data1\" content=\"1 minuto\" \/>\n<script type=\"application\/ld+json\" class=\"yoast-schema-graph\">{\"@context\":\"https:\\\/\\\/schema.org\",\"@graph\":[{\"@type\":\"WebPage\",\"@id\":\"https:\\\/\\\/destinocastillayleon.es\\\/index\\\/provincias\\\/burgos\\\/actualidad-en-burgos\\\/\",\"url\":\"https:\\\/\\\/destinocastillayleon.es\\\/index\\\/provincias\\\/burgos\\\/actualidad-en-burgos\\\/\",\"name\":\"Actualidad en Burgos - Destino Castilla y Le\u00f3n\",\"isPartOf\":{\"@id\":\"https:\\\/\\\/destinocastillayleon.es\\\/index\\\/#website\"},\"datePublished\":\"2015-11-20T10:27:59+00:00\",\"dateModified\":\"2018-03-21T23:31:30+00:00\",\"description\":\"Informaci\u00f3n interesante sobre Actualidad en Burgos y provincia que Destino Castilla y Le\u00f3n ha recopilado para ti\",\"breadcrumb\":{\"@id\":\"https:\\\/\\\/destinocastillayleon.es\\\/index\\\/provincias\\\/burgos\\\/actualidad-en-burgos\\\/#breadcrumb\"},\"inLanguage\":\"es\",\"potentialAction\":[{\"@type\":\"ReadAction\",\"target\":[\"https:\\\/\\\/destinocastillayleon.es\\\/index\\\/provincias\\\/burgos\\\/actualidad-en-burgos\\\/\"]}]},{\"@type\":\"BreadcrumbList\",\"@id\":\"https:\\\/\\\/destinocastillayleon.es\\\/index\\\/provincias\\\/burgos\\\/actualidad-en-burgos\\\/#breadcrumb\",\"itemListElement\":[{\"@type\":\"ListItem\",\"position\":1,\"name\":\"Portada\",\"item\":\"https:\\\/\\\/destinocastillayleon.es\\\/index\\\/\"},{\"@type\":\"ListItem\",\"position\":2,\"name\":\"Provincias\",\"item\":\"https:\\\/\\\/destinocastillayleon.es\\\/index\\\/provincias\\\/\"},{\"@type\":\"ListItem\",\"position\":3,\"name\":\"Burgos\",\"item\":\"https:\\\/\\\/destinocastillayleon.es\\\/index\\\/provincias\\\/burgos\\\/\"},{\"@type\":\"ListItem\",\"position\":4,\"name\":\"Actualidad en Burgos\"}]},{\"@type\":\"WebSite\",\"@id\":\"https:\\\/\\\/destinocastillayleon.es\\\/index\\\/#website\",\"url\":\"https:\\\/\\\/destinocastillayleon.es\\\/index\\\/\",\"name\":\"Destino Castilla y Le\u00f3n\",\"description\":\"Medio digital independiente y revista de Castilla y Le\u00f3n dedicado al turismo, gastronom\u00eda y vino de Castilla y Le\u00f3n\",\"potentialAction\":[{\"@type\":\"SearchAction\",\"target\":{\"@type\":\"EntryPoint\",\"urlTemplate\":\"https:\\\/\\\/destinocastillayleon.es\\\/index\\\/?s={search_term_string}\"},\"query-input\":{\"@type\":\"PropertyValueSpecification\",\"valueRequired\":true,\"valueName\":\"search_term_string\"}}],\"inLanguage\":\"es\"}]}<\/script>\n<!-- \/ Yoast SEO Premium plugin. -->","yoast_head_json":{"title":"Actualidad en Burgos - Destino Castilla y Le\u00f3n","description":"Informaci\u00f3n interesante sobre Actualidad en Burgos y provincia que Destino Castilla y Le\u00f3n ha recopilado para ti","robots":{"index":"index","follow":"follow","max-snippet":"max-snippet:-1","max-image-preview":"max-image-preview:large","max-video-preview":"max-video-preview:-1"},"canonical":"https:\/\/destinocastillayleon.es\/index\/provincias\/burgos\/actualidad-en-burgos\/","og_locale":"es_ES","og_type":"article","og_title":"Actualidad en Burgos","og_description":"Informaci\u00f3n interesante sobre Actualidad en Burgos y provincia que Destino Castilla y Le\u00f3n ha recopilado para ti","og_url":"https:\/\/destinocastillayleon.es\/index\/provincias\/burgos\/actualidad-en-burgos\/","og_site_name":"Destino Castilla y Le\u00f3n","article_publisher":"https:\/\/www.facebook.com\/DestinoCastillaYLeon\/","article_modified_time":"2018-03-21T23:31:30+00:00","twitter_card":"summary_large_image","twitter_site":"@destinocyl","twitter_misc":{"Tiempo de lectura":"1 minuto"},"schema":{"@context":"https:\/\/schema.org","@graph":[{"@type":"WebPage","@id":"https:\/\/destinocastillayleon.es\/index\/provincias\/burgos\/actualidad-en-burgos\/","url":"https:\/\/destinocastillayleon.es\/index\/provincias\/burgos\/actualidad-en-burgos\/","name":"Actualidad en Burgos - Destino Castilla y Le\u00f3n","isPartOf":{"@id":"https:\/\/destinocastillayleon.es\/index\/#website"},"datePublished":"2015-11-20T10:27:59+00:00","dateModified":"2018-03-21T23:31:30+00:00","description":"Informaci\u00f3n interesante sobre Actualidad en Burgos y provincia que Destino Castilla y Le\u00f3n ha recopilado para ti","breadcrumb":{"@id":"https:\/\/destinocastillayleon.es\/index\/provincias\/burgos\/actualidad-en-burgos\/#breadcrumb"},"inLanguage":"es","potentialAction":[{"@type":"ReadAction","target":["https:\/\/destinocastillayleon.es\/index\/provincias\/burgos\/actualidad-en-burgos\/"]}]},{"@type":"BreadcrumbList","@id":"https:\/\/destinocastillayleon.es\/index\/provincias\/burgos\/actualidad-en-burgos\/#breadcrumb","itemListElement":[{"@type":"ListItem","position":1,"name":"Portada","item":"https:\/\/destinocastillayleon.es\/index\/"},{"@type":"ListItem","position":2,"name":"Provincias","item":"https:\/\/destinocastillayleon.es\/index\/provincias\/"},{"@type":"ListItem","position":3,"name":"Burgos","item":"https:\/\/destinocastillayleon.es\/index\/provincias\/burgos\/"},{"@type":"ListItem","position":4,"name":"Actualidad en Burgos"}]},{"@type":"WebSite","@id":"https:\/\/destinocastillayleon.es\/index\/#website","url":"https:\/\/destinocastillayleon.es\/index\/","name":"Destino Castilla y Le\u00f3n","description":"Medio digital independiente y revista de Castilla y Le\u00f3n dedicado al turismo, gastronom\u00eda y vino de Castilla y Le\u00f3n","potentialAction":[{"@type":"SearchAction","target":{"@type":"EntryPoint","urlTemplate":"https:\/\/destinocastillayleon.es\/index\/?s={search_term_string}"},"query-input":{"@type":"PropertyValueSpecification","valueRequired":true,"valueName":"search_term_string"}}],"inLanguage":"es"}]}},"_links":{"self":[{"href":"https:\/\/destinocastillayleon.es\/index\/wp-json\/wp\/v2\/pages\/20976","targetHints":{"allow":["GET"]}}],"collection":[{"href":"https:\/\/destinocastillayleon.es\/index\/wp-json\/wp\/v2\/pages"}],"about":[{"href":"https:\/\/destinocastillayleon.es\/index\/wp-json\/wp\/v2\/types\/page"}],"author":[{"embeddable":true,"href":"https:\/\/destinocastillayleon.es\/index\/wp-json\/wp\/v2\/users\/2"}],"replies":[{"embeddable":true,"href":"https:\/\/destinocastillayleon.es\/index\/wp-json\/wp\/v2\/comments?post=20976"}],"version-history":[{"count":3,"href":"https:\/\/destinocastillayleon.es\/index\/wp-json\/wp\/v2\/pages\/20976\/revisions"}],"predecessor-version":[{"id":27703,"href":"https:\/\/destinocastillayleon.es\/index\/wp-json\/wp\/v2\/pages\/20976\/revisions\/27703"}],"up":[{"embeddable":true,"href":"https:\/\/destinocastillayleon.es\/index\/wp-json\/wp\/v2\/pages\/283"}],"wp:attachment":[{"href":"https:\/\/destinocastillayleon.es\/index\/wp-json\/wp\/v2\/media?parent=20976"}],"curies":[{"name":"wp","href":"https:\/\/api.w.org\/{rel}","templated":true}]}}