{"id":20956,"date":"2015-11-19T18:52:53","date_gmt":"2015-11-19T17:52:53","guid":{"rendered":"http:\/\/destinocastillayleon.es\/index\/?page_id=20956"},"modified":"2019-09-03T14:43:55","modified_gmt":"2019-09-03T12:43:55","slug":"gastronomia-en-leon","status":"publish","type":"page","link":"https:\/\/destinocastillayleon.es\/index\/provincias\/leon\/gastronomia-en-leon\/","title":{"rendered":"Gastronom\u00eda en Le\u00f3n"},"content":{"rendered":"<p>[vc_row][vc_column][vc_column_text]<\/p>\n<h2><strong><center>Conoce los contenidos relacionados con la gastronom\u00eda de <a href=\"http:\/\/destinocastillayleon.es\/index\/provincias\/leon\/\">Le\u00f3n y su provincia<\/a><\/center><\/strong><\/h2>\n<p>[\/vc_column_text][vc_empty_space][\/vc_column][\/vc_row][vc_row][vc_column width=\u00bb5\/6&#8243;][mnky_posts_grid grid_layout=\u00bbmpg-layout-6&#8243; label_hide=\u00bboff\u00bb cat_hide=\u00bboff\u00bb comments_hide=\u00bboff\u00bb views_hide=\u00bboff\u00bb post_format_hide=\u00bboff\u00bb post_format_text_hide=\u00bboff\u00bb no_duplicate=\u00bbyes\u00bb post_type=\u00bbpost\u00bb category_1=\u00bbleon-gastronomia\u00bb category_2=\u00bbleon-gastronomia\u00bb category_3=\u00bbleon-gastronomia\u00bb category_4=\u00bbleon-gastronomia\u00bb][vc_empty_space][mnky_posts column_layout=\u00bbcolumn-count-3&#8243; content_type=\u00bbexcerpt\u00bb label_hide=\u00bboff\u00bb rating_hide=\u00bboff\u00bb cat_hide=\u00bboff\u00bb date_hide=\u00bboff\u00bb post_format_hide=\u00bboff\u00bb loop_content=\u00bbloop_content_on\u00bb no_duplicate=\u00bbyes\u00bb posts_per_page=\u00bb45&#8243; taxonomy=\u00bbcategory\u00bb el_id=\u00bb1516258817729-0f151a6d-6c93&#8243; category=\u00bbleon-gastronomia\u00bb][\/vc_column][vc_column width=\u00bb1\/6&#8243;][vc_widget_sidebar sidebar_id=\u00bbcs-4&#8243;][\/vc_column][\/vc_row]<\/p>\n","protected":false},"excerpt":{"rendered":"<p>[vc_row][vc_column][vc_column_text] Conoce los contenidos relacionados con la gastronom\u00eda de Le\u00f3n y su provincia [\/vc_column_text][vc_empty_space][\/vc_column][\/vc_row][vc_row][vc_column width=\u00bb5\/6&#8243;][mnky_posts_grid grid_layout=\u00bbmpg-layout-6&#8243; label_hide=\u00bboff\u00bb cat_hide=\u00bboff\u00bb comments_hide=\u00bboff\u00bb views_hide=\u00bboff\u00bb post_format_hide=\u00bboff\u00bb post_format_text_hide=\u00bboff\u00bb no_duplicate=\u00bbyes\u00bb post_type=\u00bbpost\u00bb category_1=\u00bbleon-gastronomia\u00bb category_2=\u00bbleon-gastronomia\u00bb category_3=\u00bbleon-gastronomia\u00bb category_4=\u00bbleon-gastronomia\u00bb][vc_empty_space][mnky_posts column_layout=\u00bbcolumn-count-3&#8243; content_type=\u00bbexcerpt\u00bb label_hide=\u00bboff\u00bb rating_hide=\u00bboff\u00bb cat_hide=\u00bboff\u00bb date_hide=\u00bboff\u00bb post_format_hide=\u00bboff\u00bb loop_content=\u00bbloop_content_on\u00bb no_duplicate=\u00bbyes\u00bb posts_per_page=\u00bb45&#8243; taxonomy=\u00bbcategory\u00bb el_id=\u00bb1516258817729-0f151a6d-6c93&#8243; category=\u00bbleon-gastronomia\u00bb][\/vc_column][vc_column width=\u00bb1\/6&#8243;][vc_widget_sidebar sidebar_id=\u00bbcs-4&#8243;][\/vc_column][\/vc_row]<\/p>\n","protected":false},"author":2,"featured_media":0,"parent":285,"menu_order":0,"comment_status":"closed","ping_status":"closed","template":"","meta":{"footnotes":""},"class_list":["post-20956","page","type-page","status-publish","hentry"],"yoast_head":"<!-- This site is optimized with the Yoast SEO Premium plugin v20.4 (Yoast SEO v20.4) - https:\/\/yoast.com\/wordpress\/plugins\/seo\/ -->\n<title>Gastronom\u00eda en Le\u00f3n - Destino Castilla y Le\u00f3n<\/title>\n<meta name=\"description\" content=\"Conoce todas nuestas entradas sobre la mejor gastronom\u00eda en Le\u00f3n. \u00bfsabes cu\u00e1ntas cosas te quedan por descubrir?\" \/>\n<meta name=\"robots\" content=\"index, follow, max-snippet:-1, max-image-preview:large, max-video-preview:-1\" \/>\n<link rel=\"canonical\" href=\"https:\/\/destinocastillayleon.es\/index\/provincias\/leon\/gastronomia-en-leon\/\" \/>\n<meta property=\"og:locale\" content=\"es_ES\" \/>\n<meta property=\"og:type\" content=\"article\" \/>\n<meta property=\"og:title\" content=\"Gastronom\u00eda en Le\u00f3n - Destino Castilla y Le\u00f3n\" \/>\n<meta property=\"og:description\" content=\"Conoce todas nuestas entradas sobre la mejor gastronom\u00eda en Le\u00f3n. \u00bfsabes cu\u00e1ntas cosas te quedan por descubrir?\" \/>\n<meta property=\"og:url\" content=\"https:\/\/destinocastillayleon.es\/index\/provincias\/leon\/gastronomia-en-leon\/\" \/>\n<meta property=\"og:site_name\" content=\"Destino Castilla y Le\u00f3n\" \/>\n<meta property=\"article:publisher\" content=\"https:\/\/www.facebook.com\/DestinoCastillaYLeon\/\" \/>\n<meta property=\"article:modified_time\" content=\"2019-09-03T12:43:55+00:00\" \/>\n<meta name=\"twitter:card\" content=\"summary_large_image\" \/>\n<meta name=\"twitter:title\" content=\"Gastronom\u00eda en Le\u00f3n - Destino Castilla y Le\u00f3n\" \/>\n<meta name=\"twitter:description\" content=\"Conoce todas nuestas entradas sobre la mejor gastronom\u00eda en Le\u00f3n. \u00bfsabes cu\u00e1ntas cosas te quedan por descubrir?\" \/>\n<meta name=\"twitter:site\" content=\"@destinocyl\" \/>\n<meta name=\"twitter:label1\" content=\"Tiempo de lectura\" \/>\n\t<meta name=\"twitter:data1\" content=\"1 minuto\" \/>\n<script type=\"application\/ld+json\" class=\"yoast-schema-graph\">{\"@context\":\"https:\/\/schema.org\",\"@graph\":[{\"@type\":\"WebPage\",\"@id\":\"https:\/\/destinocastillayleon.es\/index\/provincias\/leon\/gastronomia-en-leon\/\",\"url\":\"https:\/\/destinocastillayleon.es\/index\/provincias\/leon\/gastronomia-en-leon\/\",\"name\":\"Gastronom\u00eda en Le\u00f3n - Destino Castilla y Le\u00f3n\",\"isPartOf\":{\"@id\":\"https:\/\/destinocastillayleon.es\/index\/#website\"},\"datePublished\":\"2015-11-19T17:52:53+00:00\",\"dateModified\":\"2019-09-03T12:43:55+00:00\",\"description\":\"Conoce todas nuestas entradas sobre la mejor gastronom\u00eda en Le\u00f3n. \u00bfsabes cu\u00e1ntas cosas te quedan por descubrir?\",\"breadcrumb\":{\"@id\":\"https:\/\/destinocastillayleon.es\/index\/provincias\/leon\/gastronomia-en-leon\/#breadcrumb\"},\"inLanguage\":\"es\",\"potentialAction\":[{\"@type\":\"ReadAction\",\"target\":[\"https:\/\/destinocastillayleon.es\/index\/provincias\/leon\/gastronomia-en-leon\/\"]}]},{\"@type\":\"BreadcrumbList\",\"@id\":\"https:\/\/destinocastillayleon.es\/index\/provincias\/leon\/gastronomia-en-leon\/#breadcrumb\",\"itemListElement\":[{\"@type\":\"ListItem\",\"position\":1,\"name\":\"Portada\",\"item\":\"https:\/\/destinocastillayleon.es\/index\/\"},{\"@type\":\"ListItem\",\"position\":2,\"name\":\"Provincias\",\"item\":\"https:\/\/destinocastillayleon.es\/index\/provincias\/\"},{\"@type\":\"ListItem\",\"position\":3,\"name\":\"Le\u00f3n\",\"item\":\"https:\/\/destinocastillayleon.es\/index\/provincias\/leon\/\"},{\"@type\":\"ListItem\",\"position\":4,\"name\":\"Gastronom\u00eda en Le\u00f3n\"}]},{\"@type\":\"WebSite\",\"@id\":\"https:\/\/destinocastillayleon.es\/index\/#website\",\"url\":\"https:\/\/destinocastillayleon.es\/index\/\",\"name\":\"Destino Castilla y Le\u00f3n\",\"description\":\"Medio digital independiente y revista de Castilla y Le\u00f3n dedicado al turismo, gastronom\u00eda y vino de Castilla y Le\u00f3n\",\"potentialAction\":[{\"@type\":\"SearchAction\",\"target\":{\"@type\":\"EntryPoint\",\"urlTemplate\":\"https:\/\/destinocastillayleon.es\/index\/?s={search_term_string}\"},\"query-input\":\"required name=search_term_string\"}],\"inLanguage\":\"es\"}]}<\/script>\n<!-- \/ Yoast SEO Premium plugin. -->","yoast_head_json":{"title":"Gastronom\u00eda en Le\u00f3n - Destino Castilla y Le\u00f3n","description":"Conoce todas nuestas entradas sobre la mejor gastronom\u00eda en Le\u00f3n. \u00bfsabes cu\u00e1ntas cosas te quedan por descubrir?","robots":{"index":"index","follow":"follow","max-snippet":"max-snippet:-1","max-image-preview":"max-image-preview:large","max-video-preview":"max-video-preview:-1"},"canonical":"https:\/\/destinocastillayleon.es\/index\/provincias\/leon\/gastronomia-en-leon\/","og_locale":"es_ES","og_type":"article","og_title":"Gastronom\u00eda en Le\u00f3n - Destino Castilla y Le\u00f3n","og_description":"Conoce todas nuestas entradas sobre la mejor gastronom\u00eda en Le\u00f3n. \u00bfsabes cu\u00e1ntas cosas te quedan por descubrir?","og_url":"https:\/\/destinocastillayleon.es\/index\/provincias\/leon\/gastronomia-en-leon\/","og_site_name":"Destino Castilla y Le\u00f3n","article_publisher":"https:\/\/www.facebook.com\/DestinoCastillaYLeon\/","article_modified_time":"2019-09-03T12:43:55+00:00","twitter_card":"summary_large_image","twitter_title":"Gastronom\u00eda en Le\u00f3n - Destino Castilla y Le\u00f3n","twitter_description":"Conoce todas nuestas entradas sobre la mejor gastronom\u00eda en Le\u00f3n. \u00bfsabes cu\u00e1ntas cosas te quedan por descubrir?","twitter_site":"@destinocyl","twitter_misc":{"Tiempo de lectura":"1 minuto"},"schema":{"@context":"https:\/\/schema.org","@graph":[{"@type":"WebPage","@id":"https:\/\/destinocastillayleon.es\/index\/provincias\/leon\/gastronomia-en-leon\/","url":"https:\/\/destinocastillayleon.es\/index\/provincias\/leon\/gastronomia-en-leon\/","name":"Gastronom\u00eda en Le\u00f3n - Destino Castilla y Le\u00f3n","isPartOf":{"@id":"https:\/\/destinocastillayleon.es\/index\/#website"},"datePublished":"2015-11-19T17:52:53+00:00","dateModified":"2019-09-03T12:43:55+00:00","description":"Conoce todas nuestas entradas sobre la mejor gastronom\u00eda en Le\u00f3n. \u00bfsabes cu\u00e1ntas cosas te quedan por descubrir?","breadcrumb":{"@id":"https:\/\/destinocastillayleon.es\/index\/provincias\/leon\/gastronomia-en-leon\/#breadcrumb"},"inLanguage":"es","potentialAction":[{"@type":"ReadAction","target":["https:\/\/destinocastillayleon.es\/index\/provincias\/leon\/gastronomia-en-leon\/"]}]},{"@type":"BreadcrumbList","@id":"https:\/\/destinocastillayleon.es\/index\/provincias\/leon\/gastronomia-en-leon\/#breadcrumb","itemListElement":[{"@type":"ListItem","position":1,"name":"Portada","item":"https:\/\/destinocastillayleon.es\/index\/"},{"@type":"ListItem","position":2,"name":"Provincias","item":"https:\/\/destinocastillayleon.es\/index\/provincias\/"},{"@type":"ListItem","position":3,"name":"Le\u00f3n","item":"https:\/\/destinocastillayleon.es\/index\/provincias\/leon\/"},{"@type":"ListItem","position":4,"name":"Gastronom\u00eda en Le\u00f3n"}]},{"@type":"WebSite","@id":"https:\/\/destinocastillayleon.es\/index\/#website","url":"https:\/\/destinocastillayleon.es\/index\/","name":"Destino Castilla y Le\u00f3n","description":"Medio digital independiente y revista de Castilla y Le\u00f3n dedicado al turismo, gastronom\u00eda y vino de Castilla y Le\u00f3n","potentialAction":[{"@type":"SearchAction","target":{"@type":"EntryPoint","urlTemplate":"https:\/\/destinocastillayleon.es\/index\/?s={search_term_string}"},"query-input":"required name=search_term_string"}],"inLanguage":"es"}]}},"_links":{"self":[{"href":"https:\/\/destinocastillayleon.es\/index\/wp-json\/wp\/v2\/pages\/20956","targetHints":{"allow":["GET"]}}],"collection":[{"href":"https:\/\/destinocastillayleon.es\/index\/wp-json\/wp\/v2\/pages"}],"about":[{"href":"https:\/\/destinocastillayleon.es\/index\/wp-json\/wp\/v2\/types\/page"}],"author":[{"embeddable":true,"href":"https:\/\/destinocastillayleon.es\/index\/wp-json\/wp\/v2\/users\/2"}],"replies":[{"embeddable":true,"href":"https:\/\/destinocastillayleon.es\/index\/wp-json\/wp\/v2\/comments?post=20956"}],"version-history":[{"count":9,"href":"https:\/\/destinocastillayleon.es\/index\/wp-json\/wp\/v2\/pages\/20956\/revisions"}],"predecessor-version":[{"id":31380,"href":"https:\/\/destinocastillayleon.es\/index\/wp-json\/wp\/v2\/pages\/20956\/revisions\/31380"}],"up":[{"embeddable":true,"href":"https:\/\/destinocastillayleon.es\/index\/wp-json\/wp\/v2\/pages\/285"}],"wp:attachment":[{"href":"https:\/\/destinocastillayleon.es\/index\/wp-json\/wp\/v2\/media?parent=20956"}],"curies":[{"name":"wp","href":"https:\/\/api.w.org\/{rel}","templated":true}]}}