{"id":19063,"date":"2015-05-02T21:50:30","date_gmt":"2015-05-02T19:50:30","guid":{"rendered":"http:\/\/destinocastillayleon.es\/index\/?page_id=19063"},"modified":"2019-08-29T22:25:38","modified_gmt":"2019-08-29T20:25:38","slug":"jornadas-gastronomicas-en-castilla-y-leon","status":"publish","type":"page","link":"https:\/\/destinocastillayleon.es\/index\/gastronomia-de-castilla-y-leon\/jornadas-gastronomicas-en-castilla-y-leon\/","title":{"rendered":"Jornadas gastron\u00f3micas en Castilla y Le\u00f3n"},"content":{"rendered":"<p>[vc_row][vc_column][vc_empty_space][vc_column_text]<\/p>\n<h1>Jornadas gastron\u00f3micas de Castilla y Le\u00f3n<\/h1>\n<p>Conoce <strong>las mejores jornadas y eventos gastron\u00f3micos<\/strong> relacionados con Castilla y Le\u00f3n y su gastronom\u00eda.[\/vc_column_text][vc_empty_space][mnky_posts_grid grid_layout=\u00bbmpg-layout-6&#8243; label_hide=\u00bboff\u00bb cat_hide=\u00bboff\u00bb comments_hide=\u00bboff\u00bb views_hide=\u00bboff\u00bb post_format_hide=\u00bboff\u00bb post_format_text_hide=\u00bboff\u00bb no_duplicate=\u00bbyes\u00bb post_type=\u00bbpost\u00bb category_1=\u00bbjornadas-gastronomicas\u00bb category_2=\u00bbjornadas-gastronomicas\u00bb category_3=\u00bbjornadas-gastronomicas\u00bb category_4=\u00bbjornadas-gastronomicas\u00bb][vc_empty_space][vc_separator][vc_empty_space][\/vc_column][\/vc_row][vc_row][vc_column width=\u00bb5\/6&#8243;][mnky_posts column_layout=\u00bbcolumn-count-3&#8243; content_type=\u00bbexcerpt\u00bb label_hide=\u00bboff\u00bb rating_hide=\u00bboff\u00bb cat_hide=\u00bboff\u00bb author_hide=\u00bboff\u00bb date_hide=\u00bboff\u00bb comments_hide=\u00bboff\u00bb views_hide=\u00bboff\u00bb post_format_hide=\u00bboff\u00bb loop_content=\u00bbloop_content_on\u00bb no_duplicate=\u00bbyes\u00bb posts_per_page=\u00bb42&#8243; taxonomy=\u00bbcategory\u00bb el_id=\u00bb1567110042781-460f3087-edb7&#8243; category=\u00bbjornadas-gastronomicas\u00bb][\/vc_column][vc_column width=\u00bb1\/6&#8243;][vc_widget_sidebar sidebar_id=\u00bbcs-12&#8243;][\/vc_column][\/vc_row]<\/p>\n","protected":false},"excerpt":{"rendered":"<p>[vc_row][vc_column][vc_empty_space][vc_column_text] Jornadas gastron\u00f3micas de Castilla y Le\u00f3n Conoce las mejores jornadas y eventos gastron\u00f3micos relacionados con Castilla y Le\u00f3n y su gastronom\u00eda.[\/vc_column_text][vc_empty_space][mnky_posts_grid grid_layout=\u00bbmpg-layout-6&#8243; label_hide=\u00bboff\u00bb cat_hide=\u00bboff\u00bb comments_hide=\u00bboff\u00bb views_hide=\u00bboff\u00bb post_format_hide=\u00bboff\u00bb post_format_text_hide=\u00bboff\u00bb no_duplicate=\u00bbyes\u00bb post_type=\u00bbpost\u00bb category_1=\u00bbjornadas-gastronomicas\u00bb category_2=\u00bbjornadas-gastronomicas\u00bb category_3=\u00bbjornadas-gastronomicas\u00bb category_4=\u00bbjornadas-gastronomicas\u00bb][vc_empty_space][vc_separator][vc_empty_space][\/vc_column][\/vc_row][vc_row][vc_column width=\u00bb5\/6&#8243;][mnky_posts column_layout=\u00bbcolumn-count-3&#8243; content_type=\u00bbexcerpt\u00bb label_hide=\u00bboff\u00bb rating_hide=\u00bboff\u00bb cat_hide=\u00bboff\u00bb author_hide=\u00bboff\u00bb date_hide=\u00bboff\u00bb comments_hide=\u00bboff\u00bb views_hide=\u00bboff\u00bb post_format_hide=\u00bboff\u00bb loop_content=\u00bbloop_content_on\u00bb no_duplicate=\u00bbyes\u00bb posts_per_page=\u00bb42&#8243; taxonomy=\u00bbcategory\u00bb el_id=\u00bb1567110042781-460f3087-edb7&#8243; category=\u00bbjornadas-gastronomicas\u00bb][\/vc_column][vc_column width=\u00bb1\/6&#8243;][vc_widget_sidebar sidebar_id=\u00bbcs-12&#8243;][\/vc_column][\/vc_row]<\/p>\n","protected":false},"author":2,"featured_media":0,"parent":18,"menu_order":0,"comment_status":"open","ping_status":"closed","template":"","meta":{"rop_custom_images_group":[],"rop_custom_messages_group":[],"rop_publish_now":"initial","rop_publish_now_accounts":{"twitter_1150954226_1150954226":""},"rop_publish_now_history":[],"rop_publish_now_status":"pending","footnotes":""},"class_list":["post-19063","page","type-page","status-publish","hentry"],"yoast_head":"<!-- This site is optimized with the Yoast SEO Premium plugin v20.4 (Yoast SEO v27.4) - https:\/\/yoast.com\/product\/yoast-seo-premium-wordpress\/ -->\n<title>Jornadas gastron\u00f3micas en Castilla y Le\u00f3n - Destino Castilla y Le\u00f3n<\/title>\n<meta name=\"description\" content=\"Jornadas gastron\u00f3micas en Castilla y Le\u00f3n\" \/>\n<meta name=\"robots\" content=\"index, follow, max-snippet:-1, max-image-preview:large, max-video-preview:-1\" \/>\n<link rel=\"canonical\" href=\"https:\/\/destinocastillayleon.es\/index\/gastronomia-de-castilla-y-leon\/jornadas-gastronomicas-en-castilla-y-leon\/\" \/>\n<meta property=\"og:locale\" content=\"es_ES\" \/>\n<meta property=\"og:type\" content=\"article\" \/>\n<meta property=\"og:title\" content=\"Jornadas gastron\u00f3micas en Castilla y Le\u00f3n\" \/>\n<meta property=\"og:description\" content=\"Jornadas gastron\u00f3micas en Castilla y Le\u00f3n\" \/>\n<meta property=\"og:url\" content=\"https:\/\/destinocastillayleon.es\/index\/gastronomia-de-castilla-y-leon\/jornadas-gastronomicas-en-castilla-y-leon\/\" \/>\n<meta property=\"og:site_name\" content=\"Destino Castilla y Le\u00f3n\" \/>\n<meta property=\"article:publisher\" content=\"https:\/\/www.facebook.com\/DestinoCastillaYLeon\/\" \/>\n<meta property=\"article:modified_time\" content=\"2019-08-29T20:25:38+00:00\" \/>\n<meta name=\"twitter:card\" content=\"summary_large_image\" \/>\n<meta name=\"twitter:site\" content=\"@destinocyl\" \/>\n<meta name=\"twitter:label1\" content=\"Tiempo de lectura\" \/>\n\t<meta name=\"twitter:data1\" content=\"1 minuto\" \/>\n<script type=\"application\/ld+json\" class=\"yoast-schema-graph\">{\"@context\":\"https:\\\/\\\/schema.org\",\"@graph\":[{\"@type\":\"WebPage\",\"@id\":\"https:\\\/\\\/destinocastillayleon.es\\\/index\\\/gastronomia-de-castilla-y-leon\\\/jornadas-gastronomicas-en-castilla-y-leon\\\/\",\"url\":\"https:\\\/\\\/destinocastillayleon.es\\\/index\\\/gastronomia-de-castilla-y-leon\\\/jornadas-gastronomicas-en-castilla-y-leon\\\/\",\"name\":\"Jornadas gastron\u00f3micas en Castilla y Le\u00f3n - Destino Castilla y Le\u00f3n\",\"isPartOf\":{\"@id\":\"https:\\\/\\\/destinocastillayleon.es\\\/index\\\/#website\"},\"datePublished\":\"2015-05-02T19:50:30+00:00\",\"dateModified\":\"2019-08-29T20:25:38+00:00\",\"description\":\"Jornadas gastron\u00f3micas en Castilla y Le\u00f3n\",\"breadcrumb\":{\"@id\":\"https:\\\/\\\/destinocastillayleon.es\\\/index\\\/gastronomia-de-castilla-y-leon\\\/jornadas-gastronomicas-en-castilla-y-leon\\\/#breadcrumb\"},\"inLanguage\":\"es\",\"potentialAction\":[{\"@type\":\"ReadAction\",\"target\":[\"https:\\\/\\\/destinocastillayleon.es\\\/index\\\/gastronomia-de-castilla-y-leon\\\/jornadas-gastronomicas-en-castilla-y-leon\\\/\"]}]},{\"@type\":\"BreadcrumbList\",\"@id\":\"https:\\\/\\\/destinocastillayleon.es\\\/index\\\/gastronomia-de-castilla-y-leon\\\/jornadas-gastronomicas-en-castilla-y-leon\\\/#breadcrumb\",\"itemListElement\":[{\"@type\":\"ListItem\",\"position\":1,\"name\":\"Portada\",\"item\":\"https:\\\/\\\/destinocastillayleon.es\\\/index\\\/\"},{\"@type\":\"ListItem\",\"position\":2,\"name\":\"Gastronom\u00eda de Castilla y Le\u00f3n\",\"item\":\"https:\\\/\\\/destinocastillayleon.es\\\/index\\\/gastronomia-de-castilla-y-leon\\\/\"},{\"@type\":\"ListItem\",\"position\":3,\"name\":\"Jornadas gastron\u00f3micas en Castilla y Le\u00f3n\"}]},{\"@type\":\"WebSite\",\"@id\":\"https:\\\/\\\/destinocastillayleon.es\\\/index\\\/#website\",\"url\":\"https:\\\/\\\/destinocastillayleon.es\\\/index\\\/\",\"name\":\"Destino Castilla y Le\u00f3n\",\"description\":\"Medio digital independiente y revista de Castilla y Le\u00f3n dedicado al turismo, gastronom\u00eda y vino de Castilla y Le\u00f3n\",\"potentialAction\":[{\"@type\":\"SearchAction\",\"target\":{\"@type\":\"EntryPoint\",\"urlTemplate\":\"https:\\\/\\\/destinocastillayleon.es\\\/index\\\/?s={search_term_string}\"},\"query-input\":{\"@type\":\"PropertyValueSpecification\",\"valueRequired\":true,\"valueName\":\"search_term_string\"}}],\"inLanguage\":\"es\"}]}<\/script>\n<!-- \/ Yoast SEO Premium plugin. -->","yoast_head_json":{"title":"Jornadas gastron\u00f3micas en Castilla y Le\u00f3n - Destino Castilla y Le\u00f3n","description":"Jornadas gastron\u00f3micas en Castilla y Le\u00f3n","robots":{"index":"index","follow":"follow","max-snippet":"max-snippet:-1","max-image-preview":"max-image-preview:large","max-video-preview":"max-video-preview:-1"},"canonical":"https:\/\/destinocastillayleon.es\/index\/gastronomia-de-castilla-y-leon\/jornadas-gastronomicas-en-castilla-y-leon\/","og_locale":"es_ES","og_type":"article","og_title":"Jornadas gastron\u00f3micas en Castilla y Le\u00f3n","og_description":"Jornadas gastron\u00f3micas en Castilla y Le\u00f3n","og_url":"https:\/\/destinocastillayleon.es\/index\/gastronomia-de-castilla-y-leon\/jornadas-gastronomicas-en-castilla-y-leon\/","og_site_name":"Destino Castilla y Le\u00f3n","article_publisher":"https:\/\/www.facebook.com\/DestinoCastillaYLeon\/","article_modified_time":"2019-08-29T20:25:38+00:00","twitter_card":"summary_large_image","twitter_site":"@destinocyl","twitter_misc":{"Tiempo de lectura":"1 minuto"},"schema":{"@context":"https:\/\/schema.org","@graph":[{"@type":"WebPage","@id":"https:\/\/destinocastillayleon.es\/index\/gastronomia-de-castilla-y-leon\/jornadas-gastronomicas-en-castilla-y-leon\/","url":"https:\/\/destinocastillayleon.es\/index\/gastronomia-de-castilla-y-leon\/jornadas-gastronomicas-en-castilla-y-leon\/","name":"Jornadas gastron\u00f3micas en Castilla y Le\u00f3n - Destino Castilla y Le\u00f3n","isPartOf":{"@id":"https:\/\/destinocastillayleon.es\/index\/#website"},"datePublished":"2015-05-02T19:50:30+00:00","dateModified":"2019-08-29T20:25:38+00:00","description":"Jornadas gastron\u00f3micas en Castilla y Le\u00f3n","breadcrumb":{"@id":"https:\/\/destinocastillayleon.es\/index\/gastronomia-de-castilla-y-leon\/jornadas-gastronomicas-en-castilla-y-leon\/#breadcrumb"},"inLanguage":"es","potentialAction":[{"@type":"ReadAction","target":["https:\/\/destinocastillayleon.es\/index\/gastronomia-de-castilla-y-leon\/jornadas-gastronomicas-en-castilla-y-leon\/"]}]},{"@type":"BreadcrumbList","@id":"https:\/\/destinocastillayleon.es\/index\/gastronomia-de-castilla-y-leon\/jornadas-gastronomicas-en-castilla-y-leon\/#breadcrumb","itemListElement":[{"@type":"ListItem","position":1,"name":"Portada","item":"https:\/\/destinocastillayleon.es\/index\/"},{"@type":"ListItem","position":2,"name":"Gastronom\u00eda de Castilla y Le\u00f3n","item":"https:\/\/destinocastillayleon.es\/index\/gastronomia-de-castilla-y-leon\/"},{"@type":"ListItem","position":3,"name":"Jornadas gastron\u00f3micas en Castilla y Le\u00f3n"}]},{"@type":"WebSite","@id":"https:\/\/destinocastillayleon.es\/index\/#website","url":"https:\/\/destinocastillayleon.es\/index\/","name":"Destino Castilla y Le\u00f3n","description":"Medio digital independiente y revista de Castilla y Le\u00f3n dedicado al turismo, gastronom\u00eda y vino de Castilla y Le\u00f3n","potentialAction":[{"@type":"SearchAction","target":{"@type":"EntryPoint","urlTemplate":"https:\/\/destinocastillayleon.es\/index\/?s={search_term_string}"},"query-input":{"@type":"PropertyValueSpecification","valueRequired":true,"valueName":"search_term_string"}}],"inLanguage":"es"}]}},"_links":{"self":[{"href":"https:\/\/destinocastillayleon.es\/index\/wp-json\/wp\/v2\/pages\/19063","targetHints":{"allow":["GET"]}}],"collection":[{"href":"https:\/\/destinocastillayleon.es\/index\/wp-json\/wp\/v2\/pages"}],"about":[{"href":"https:\/\/destinocastillayleon.es\/index\/wp-json\/wp\/v2\/types\/page"}],"author":[{"embeddable":true,"href":"https:\/\/destinocastillayleon.es\/index\/wp-json\/wp\/v2\/users\/2"}],"replies":[{"embeddable":true,"href":"https:\/\/destinocastillayleon.es\/index\/wp-json\/wp\/v2\/comments?post=19063"}],"version-history":[{"count":7,"href":"https:\/\/destinocastillayleon.es\/index\/wp-json\/wp\/v2\/pages\/19063\/revisions"}],"predecessor-version":[{"id":31236,"href":"https:\/\/destinocastillayleon.es\/index\/wp-json\/wp\/v2\/pages\/19063\/revisions\/31236"}],"up":[{"embeddable":true,"href":"https:\/\/destinocastillayleon.es\/index\/wp-json\/wp\/v2\/pages\/18"}],"wp:attachment":[{"href":"https:\/\/destinocastillayleon.es\/index\/wp-json\/wp\/v2\/media?parent=19063"}],"curies":[{"name":"wp","href":"https:\/\/api.w.org\/{rel}","templated":true}]}}