{"id":19052,"date":"2015-05-02T21:04:53","date_gmt":"2015-05-02T19:04:53","guid":{"rendered":"http:\/\/destinocastillayleon.es\/index\/?page_id=19052"},"modified":"2019-08-30T12:10:44","modified_gmt":"2019-08-30T10:10:44","slug":"rutas-de-tapeo","status":"publish","type":"page","link":"https:\/\/destinocastillayleon.es\/index\/gastronomia-de-castilla-y-leon\/rutas-de-tapeo\/","title":{"rendered":"Rutas de tapeo"},"content":{"rendered":"<p>[vc_row][vc_column][vc_column_text]<\/p>\n<h1>Conoce las mejores <strong>rutas de tapeo <\/strong>por Castilla y Le\u00f3n<\/h1>\n<p>[\/vc_column_text][vc_empty_space][mnky_posts_grid grid_layout=\u00bbmpg-layout-3&#8243; label_hide=\u00bboff\u00bb cat_hide=\u00bboff\u00bb views_hide=\u00bboff\u00bb post_format_hide=\u00bboff\u00bb post_format_text_hide=\u00bboff\u00bb no_duplicate=\u00bbyes\u00bb post_type=\u00bbpost\u00bb category_1=\u00bbrutas_de_tapeo\u00bb category_2=\u00bbrutas_de_tapeo\u00bb category_3=\u00bbrutas_de_tapeo\u00bb category_4=\u00bbrutas_de_tapeo\u00bb category_5=\u00bbrutas_de_tapeo\u00bb category_6=\u00bbrutas_de_tapeo\u00bb][vc_empty_space][vc_empty_space][vc_separator][vc_empty_space][\/vc_column][\/vc_row][vc_row][vc_column width=\u00bb5\/6&#8243;][mnky_posts column_layout=\u00bbcolumn-count-3&#8243; content_type=\u00bbexcerpt\u00bb label_hide=\u00bboff\u00bb rating_hide=\u00bboff\u00bb cat_hide=\u00bboff\u00bb author_hide=\u00bboff\u00bb date_hide=\u00bboff\u00bb comments_hide=\u00bboff\u00bb views_hide=\u00bboff\u00bb post_format_hide=\u00bboff\u00bb loop_content=\u00bbloop_content_on\u00bb no_duplicate=\u00bbyes\u00bb posts_per_page=\u00bb42&#8243; taxonomy=\u00bbcategory\u00bb el_id=\u00bb1567112282281-c0a9f443-97e3&#8243; category=\u00bbrutas_de_tapeo\u00bb][\/vc_column][vc_column width=\u00bb1\/6&#8243;][vc_widget_sidebar sidebar_id=\u00bbcs-12&#8243;][\/vc_column][\/vc_row]<\/p>\n","protected":false},"excerpt":{"rendered":"<p>[vc_row][vc_column][vc_column_text] Conoce las mejores rutas de tapeo por Castilla y Le\u00f3n [\/vc_column_text][vc_empty_space][mnky_posts_grid grid_layout=\u00bbmpg-layout-3&#8243; label_hide=\u00bboff\u00bb cat_hide=\u00bboff\u00bb views_hide=\u00bboff\u00bb post_format_hide=\u00bboff\u00bb post_format_text_hide=\u00bboff\u00bb no_duplicate=\u00bbyes\u00bb post_type=\u00bbpost\u00bb category_1=\u00bbrutas_de_tapeo\u00bb category_2=\u00bbrutas_de_tapeo\u00bb category_3=\u00bbrutas_de_tapeo\u00bb category_4=\u00bbrutas_de_tapeo\u00bb category_5=\u00bbrutas_de_tapeo\u00bb category_6=\u00bbrutas_de_tapeo\u00bb][vc_empty_space][vc_empty_space][vc_separator][vc_empty_space][\/vc_column][\/vc_row][vc_row][vc_column width=\u00bb5\/6&#8243;][mnky_posts column_layout=\u00bbcolumn-count-3&#8243; content_type=\u00bbexcerpt\u00bb label_hide=\u00bboff\u00bb rating_hide=\u00bboff\u00bb cat_hide=\u00bboff\u00bb author_hide=\u00bboff\u00bb date_hide=\u00bboff\u00bb comments_hide=\u00bboff\u00bb views_hide=\u00bboff\u00bb post_format_hide=\u00bboff\u00bb loop_content=\u00bbloop_content_on\u00bb no_duplicate=\u00bbyes\u00bb posts_per_page=\u00bb42&#8243; taxonomy=\u00bbcategory\u00bb el_id=\u00bb1567112282281-c0a9f443-97e3&#8243; category=\u00bbrutas_de_tapeo\u00bb][\/vc_column][vc_column width=\u00bb1\/6&#8243;][vc_widget_sidebar sidebar_id=\u00bbcs-12&#8243;][\/vc_column][\/vc_row]<\/p>\n","protected":false},"author":2,"featured_media":0,"parent":18,"menu_order":0,"comment_status":"open","ping_status":"closed","template":"","meta":{"rop_custom_images_group":[],"rop_custom_messages_group":[],"rop_publish_now":"initial","rop_publish_now_accounts":{"twitter_1150954226_1150954226":""},"rop_publish_now_history":[],"rop_publish_now_status":"pending","footnotes":""},"class_list":["post-19052","page","type-page","status-publish","hentry"],"yoast_head":"<!-- This site is optimized with the Yoast SEO Premium plugin v20.4 (Yoast SEO v27.4) - https:\/\/yoast.com\/product\/yoast-seo-premium-wordpress\/ -->\n<title>Rutas de tapeo - Destino Castilla y Le\u00f3n<\/title>\n<meta name=\"description\" content=\"Nuestras experiencias tapeando en Castilla y Le\u00f3n. Cada vez con un mayor nivel de la gastronom\u00eda de lo peque\u00f1o y estas rutas de tapeo son una muestra\" \/>\n<meta name=\"robots\" content=\"index, follow, max-snippet:-1, max-image-preview:large, max-video-preview:-1\" \/>\n<link rel=\"canonical\" href=\"https:\/\/destinocastillayleon.es\/index\/gastronomia-de-castilla-y-leon\/rutas-de-tapeo\/\" \/>\n<meta property=\"og:locale\" content=\"es_ES\" \/>\n<meta property=\"og:type\" content=\"article\" \/>\n<meta property=\"og:title\" content=\"Rutas de tapeo - Destino Castilla y Le\u00f3n\" \/>\n<meta property=\"og:description\" content=\"Nuestras experiencias tapeando en Castilla y Le\u00f3n. Cada vez con un mayor nivel de la gastronom\u00eda de lo peque\u00f1o y estas rutas de tapeo son una muestra\" \/>\n<meta property=\"og:url\" content=\"https:\/\/destinocastillayleon.es\/index\/gastronomia-de-castilla-y-leon\/rutas-de-tapeo\/\" \/>\n<meta property=\"og:site_name\" content=\"Destino Castilla y Le\u00f3n\" \/>\n<meta property=\"article:publisher\" content=\"https:\/\/www.facebook.com\/DestinoCastillaYLeon\/\" \/>\n<meta property=\"article:modified_time\" content=\"2019-08-30T10:10:44+00:00\" \/>\n<meta name=\"twitter:card\" content=\"summary_large_image\" \/>\n<meta name=\"twitter:title\" content=\"Rutas de tapeo - Destino Castilla y Le\u00f3n\" \/>\n<meta name=\"twitter:description\" content=\"Nuestras experiencias tapeando en Castilla y Le\u00f3n. Cada vez con un mayor nivel de la gastronom\u00eda de lo peque\u00f1o y estas rutas de tapeo son una muestra\" \/>\n<meta name=\"twitter:site\" content=\"@destinocyl\" \/>\n<meta name=\"twitter:label1\" content=\"Tiempo de lectura\" \/>\n\t<meta name=\"twitter:data1\" content=\"1 minuto\" \/>\n<script type=\"application\/ld+json\" class=\"yoast-schema-graph\">{\"@context\":\"https:\\\/\\\/schema.org\",\"@graph\":[{\"@type\":\"WebPage\",\"@id\":\"https:\\\/\\\/destinocastillayleon.es\\\/index\\\/gastronomia-de-castilla-y-leon\\\/rutas-de-tapeo\\\/\",\"url\":\"https:\\\/\\\/destinocastillayleon.es\\\/index\\\/gastronomia-de-castilla-y-leon\\\/rutas-de-tapeo\\\/\",\"name\":\"Rutas de tapeo - Destino Castilla y Le\u00f3n\",\"isPartOf\":{\"@id\":\"https:\\\/\\\/destinocastillayleon.es\\\/index\\\/#website\"},\"datePublished\":\"2015-05-02T19:04:53+00:00\",\"dateModified\":\"2019-08-30T10:10:44+00:00\",\"description\":\"Nuestras experiencias tapeando en Castilla y Le\u00f3n. Cada vez con un mayor nivel de la gastronom\u00eda de lo peque\u00f1o y estas rutas de tapeo son una muestra\",\"breadcrumb\":{\"@id\":\"https:\\\/\\\/destinocastillayleon.es\\\/index\\\/gastronomia-de-castilla-y-leon\\\/rutas-de-tapeo\\\/#breadcrumb\"},\"inLanguage\":\"es\",\"potentialAction\":[{\"@type\":\"ReadAction\",\"target\":[\"https:\\\/\\\/destinocastillayleon.es\\\/index\\\/gastronomia-de-castilla-y-leon\\\/rutas-de-tapeo\\\/\"]}]},{\"@type\":\"BreadcrumbList\",\"@id\":\"https:\\\/\\\/destinocastillayleon.es\\\/index\\\/gastronomia-de-castilla-y-leon\\\/rutas-de-tapeo\\\/#breadcrumb\",\"itemListElement\":[{\"@type\":\"ListItem\",\"position\":1,\"name\":\"Portada\",\"item\":\"https:\\\/\\\/destinocastillayleon.es\\\/index\\\/\"},{\"@type\":\"ListItem\",\"position\":2,\"name\":\"Gastronom\u00eda de Castilla y Le\u00f3n\",\"item\":\"https:\\\/\\\/destinocastillayleon.es\\\/index\\\/gastronomia-de-castilla-y-leon\\\/\"},{\"@type\":\"ListItem\",\"position\":3,\"name\":\"Rutas de tapeo\"}]},{\"@type\":\"WebSite\",\"@id\":\"https:\\\/\\\/destinocastillayleon.es\\\/index\\\/#website\",\"url\":\"https:\\\/\\\/destinocastillayleon.es\\\/index\\\/\",\"name\":\"Destino Castilla y Le\u00f3n\",\"description\":\"Medio digital independiente y revista de Castilla y Le\u00f3n dedicado al turismo, gastronom\u00eda y vino de Castilla y Le\u00f3n\",\"potentialAction\":[{\"@type\":\"SearchAction\",\"target\":{\"@type\":\"EntryPoint\",\"urlTemplate\":\"https:\\\/\\\/destinocastillayleon.es\\\/index\\\/?s={search_term_string}\"},\"query-input\":{\"@type\":\"PropertyValueSpecification\",\"valueRequired\":true,\"valueName\":\"search_term_string\"}}],\"inLanguage\":\"es\"}]}<\/script>\n<!-- \/ Yoast SEO Premium plugin. -->","yoast_head_json":{"title":"Rutas de tapeo - Destino Castilla y Le\u00f3n","description":"Nuestras experiencias tapeando en Castilla y Le\u00f3n. Cada vez con un mayor nivel de la gastronom\u00eda de lo peque\u00f1o y estas rutas de tapeo son una muestra","robots":{"index":"index","follow":"follow","max-snippet":"max-snippet:-1","max-image-preview":"max-image-preview:large","max-video-preview":"max-video-preview:-1"},"canonical":"https:\/\/destinocastillayleon.es\/index\/gastronomia-de-castilla-y-leon\/rutas-de-tapeo\/","og_locale":"es_ES","og_type":"article","og_title":"Rutas de tapeo - Destino Castilla y Le\u00f3n","og_description":"Nuestras experiencias tapeando en Castilla y Le\u00f3n. Cada vez con un mayor nivel de la gastronom\u00eda de lo peque\u00f1o y estas rutas de tapeo son una muestra","og_url":"https:\/\/destinocastillayleon.es\/index\/gastronomia-de-castilla-y-leon\/rutas-de-tapeo\/","og_site_name":"Destino Castilla y Le\u00f3n","article_publisher":"https:\/\/www.facebook.com\/DestinoCastillaYLeon\/","article_modified_time":"2019-08-30T10:10:44+00:00","twitter_card":"summary_large_image","twitter_title":"Rutas de tapeo - Destino Castilla y Le\u00f3n","twitter_description":"Nuestras experiencias tapeando en Castilla y Le\u00f3n. Cada vez con un mayor nivel de la gastronom\u00eda de lo peque\u00f1o y estas rutas de tapeo son una muestra","twitter_site":"@destinocyl","twitter_misc":{"Tiempo de lectura":"1 minuto"},"schema":{"@context":"https:\/\/schema.org","@graph":[{"@type":"WebPage","@id":"https:\/\/destinocastillayleon.es\/index\/gastronomia-de-castilla-y-leon\/rutas-de-tapeo\/","url":"https:\/\/destinocastillayleon.es\/index\/gastronomia-de-castilla-y-leon\/rutas-de-tapeo\/","name":"Rutas de tapeo - Destino Castilla y Le\u00f3n","isPartOf":{"@id":"https:\/\/destinocastillayleon.es\/index\/#website"},"datePublished":"2015-05-02T19:04:53+00:00","dateModified":"2019-08-30T10:10:44+00:00","description":"Nuestras experiencias tapeando en Castilla y Le\u00f3n. Cada vez con un mayor nivel de la gastronom\u00eda de lo peque\u00f1o y estas rutas de tapeo son una muestra","breadcrumb":{"@id":"https:\/\/destinocastillayleon.es\/index\/gastronomia-de-castilla-y-leon\/rutas-de-tapeo\/#breadcrumb"},"inLanguage":"es","potentialAction":[{"@type":"ReadAction","target":["https:\/\/destinocastillayleon.es\/index\/gastronomia-de-castilla-y-leon\/rutas-de-tapeo\/"]}]},{"@type":"BreadcrumbList","@id":"https:\/\/destinocastillayleon.es\/index\/gastronomia-de-castilla-y-leon\/rutas-de-tapeo\/#breadcrumb","itemListElement":[{"@type":"ListItem","position":1,"name":"Portada","item":"https:\/\/destinocastillayleon.es\/index\/"},{"@type":"ListItem","position":2,"name":"Gastronom\u00eda de Castilla y Le\u00f3n","item":"https:\/\/destinocastillayleon.es\/index\/gastronomia-de-castilla-y-leon\/"},{"@type":"ListItem","position":3,"name":"Rutas de tapeo"}]},{"@type":"WebSite","@id":"https:\/\/destinocastillayleon.es\/index\/#website","url":"https:\/\/destinocastillayleon.es\/index\/","name":"Destino Castilla y Le\u00f3n","description":"Medio digital independiente y revista de Castilla y Le\u00f3n dedicado al turismo, gastronom\u00eda y vino de Castilla y Le\u00f3n","potentialAction":[{"@type":"SearchAction","target":{"@type":"EntryPoint","urlTemplate":"https:\/\/destinocastillayleon.es\/index\/?s={search_term_string}"},"query-input":{"@type":"PropertyValueSpecification","valueRequired":true,"valueName":"search_term_string"}}],"inLanguage":"es"}]}},"_links":{"self":[{"href":"https:\/\/destinocastillayleon.es\/index\/wp-json\/wp\/v2\/pages\/19052","targetHints":{"allow":["GET"]}}],"collection":[{"href":"https:\/\/destinocastillayleon.es\/index\/wp-json\/wp\/v2\/pages"}],"about":[{"href":"https:\/\/destinocastillayleon.es\/index\/wp-json\/wp\/v2\/types\/page"}],"author":[{"embeddable":true,"href":"https:\/\/destinocastillayleon.es\/index\/wp-json\/wp\/v2\/users\/2"}],"replies":[{"embeddable":true,"href":"https:\/\/destinocastillayleon.es\/index\/wp-json\/wp\/v2\/comments?post=19052"}],"version-history":[{"count":7,"href":"https:\/\/destinocastillayleon.es\/index\/wp-json\/wp\/v2\/pages\/19052\/revisions"}],"predecessor-version":[{"id":31312,"href":"https:\/\/destinocastillayleon.es\/index\/wp-json\/wp\/v2\/pages\/19052\/revisions\/31312"}],"up":[{"embeddable":true,"href":"https:\/\/destinocastillayleon.es\/index\/wp-json\/wp\/v2\/pages\/18"}],"wp:attachment":[{"href":"https:\/\/destinocastillayleon.es\/index\/wp-json\/wp\/v2\/media?parent=19052"}],"curies":[{"name":"wp","href":"https:\/\/api.w.org\/{rel}","templated":true}]}}