{"id":11494,"date":"2014-02-19T10:44:24","date_gmt":"2014-02-19T10:44:24","guid":{"rendered":"http:\/\/destinocastillayleon.es\/index\/?page_id=11494"},"modified":"2016-09-22T11:17:00","modified_gmt":"2016-09-22T09:17:00","slug":"donde-comer-en-castilla-y-leon","status":"publish","type":"page","link":"https:\/\/destinocastillayleon.es\/index\/donde-comer-en-castilla-y-leon\/","title":{"rendered":"D\u00f3nde comer en Castilla y Le\u00f3n"},"content":{"rendered":"<p><center><iframe width=\"100%\" height=\"515\" frameborder=\"0\" scrolling=\"no\" marginheight=\"0\" marginwidth=\"0\" src=\"https:\/\/maps.google.es\/maps\/ms?msa=0&amp;msid=213498380692195100094.0004f2c0181e2dd76d8a8&amp;hl=es&amp;ie=UTF8&amp;t=p&amp;ll=41.738528,-4.641724&amp;spn=2.008463,4.784546&amp;z=8&amp;output=embed\"><\/iframe><\/center><br \/>\n<center><\/p>\n<h2><font size=\"2\">Conoce nuestras experiencias sobre <a href=\"https:\/\/maps.google.es\/maps\/ms?msa=0&amp;msid=213498380692195100094.0004f2c0181e2dd76d8a8&amp;hl=es&amp;ie=UTF8&amp;t=p&amp;ll=41.738528,-4.641724&amp;spn=2.008463,4.784546&amp;z=8&amp;source=embed\" style=\"color:#800080;text-align:left\" target=\"_Blank\"><strong>D\u00f3nde comer en Castilla y Le\u00f3n <\/strong><\/a> en un mapa m\u00e1s grande.<\/font><\/center><\/p>\n<h2>\n<p><!--<center><a href=\"http:\/\/www.jornadasdelamatanza.com\/?utm_source=destinocyl&utm_medium=banner&utm_campaign=JornadasMatanza2016\" target=\"_blank title=\"La Cerdoexperiencia en el Hotel Virrey Palafox de El Burgo de Osma\"><img decoding=\"async\" src=\"http:\/\/destinocastillayleon.es\/index\/wp-content\/uploads\/2016\/02\/7a109136c5fa7470df44ace3e9f69586.png\" alt=\"La Cerdoexperiencia  title=\"La Cerdoexperiencia en el Hotel Virrey Palafox de El Burgo de Osma\" width=\"100%\"><\/a><\/center>--><\/p>\n","protected":false},"excerpt":{"rendered":"<p>Conoce nuestras experiencias sobre D\u00f3nde comer en Castilla y Le\u00f3n en un mapa m\u00e1s grande.<\/p>\n","protected":false},"author":2,"featured_media":0,"parent":0,"menu_order":0,"comment_status":"open","ping_status":"closed","template":"template-homepage.php","meta":{"rop_custom_images_group":[],"rop_custom_messages_group":[],"rop_publish_now":"initial","rop_publish_now_accounts":{"twitter_1150954226_1150954226":""},"rop_publish_now_history":[],"rop_publish_now_status":"pending","footnotes":""},"class_list":["post-11494","page","type-page","status-publish","hentry"],"yoast_head":"<!-- This site is optimized with the Yoast SEO Premium plugin v20.4 (Yoast SEO v27.4) - https:\/\/yoast.com\/product\/yoast-seo-premium-wordpress\/ -->\n<title>Descubres lugares interesantes d\u00f3nde comer en Castilla y Le\u00f3n<\/title>\n<meta name=\"description\" content=\"Descubre, a tav\u00e9s de nuestra experiencia, d\u00f3nde comer en Castilla y Le\u00f3n, seg\u00fan nuestras diferentes visitas por bares y restaurantes de Castilla y Le\u00f3n\" \/>\n<meta name=\"robots\" content=\"index, follow, max-snippet:-1, max-image-preview:large, max-video-preview:-1\" \/>\n<link rel=\"canonical\" href=\"https:\/\/destinocastillayleon.es\/index\/donde-comer-en-castilla-y-leon\/\" \/>\n<meta property=\"og:locale\" content=\"es_ES\" \/>\n<meta property=\"og:type\" content=\"article\" \/>\n<meta property=\"og:title\" content=\"Descubre d\u00f3nde comer en Castilla y Le\u00f3n en base a nuestra experiencia\" \/>\n<meta property=\"og:description\" content=\"Descubre, a tav\u00e9s de nuestra experiencia, d\u00f3nde comer en Castilla y Le\u00f3n, seg\u00fan nuestras diferentes visitas por bares y restaurantes de Castilla y Le\u00f3n\" \/>\n<meta property=\"og:url\" content=\"https:\/\/destinocastillayleon.es\/index\/donde-comer-en-castilla-y-leon\/\" \/>\n<meta property=\"og:site_name\" content=\"Destino Castilla y Le\u00f3n\" \/>\n<meta property=\"article:publisher\" content=\"https:\/\/www.facebook.com\/DestinoCastillaYLeon\/\" \/>\n<meta property=\"article:modified_time\" content=\"2016-09-22T09:17:00+00:00\" \/>\n<meta property=\"og:image\" content=\"http:\/\/destinocastillayleon.es\/index\/wp-content\/uploads\/2016\/02\/7a109136c5fa7470df44ace3e9f69586.png\" \/>\n<meta name=\"twitter:card\" content=\"summary_large_image\" \/>\n<meta name=\"twitter:title\" content=\"Descubre d\u00f3nde comer en Castilla y Le\u00f3n en base a nuestra experiencia\" \/>\n<meta name=\"twitter:description\" content=\"Descubre, a tav\u00e9s de nuestra experiencia, d\u00f3nde comer en Castilla y Le\u00f3n, seg\u00fan nuestras diferentes visitas por bares y restaurantes de Castilla y Le\u00f3n\" \/>\n<meta name=\"twitter:site\" content=\"@destinocyl\" \/>\n<script type=\"application\/ld+json\" class=\"yoast-schema-graph\">{\"@context\":\"https:\\\/\\\/schema.org\",\"@graph\":[{\"@type\":\"WebPage\",\"@id\":\"https:\\\/\\\/destinocastillayleon.es\\\/index\\\/donde-comer-en-castilla-y-leon\\\/\",\"url\":\"https:\\\/\\\/destinocastillayleon.es\\\/index\\\/donde-comer-en-castilla-y-leon\\\/\",\"name\":\"Descubres lugares interesantes d\u00f3nde comer en Castilla y Le\u00f3n\",\"isPartOf\":{\"@id\":\"https:\\\/\\\/destinocastillayleon.es\\\/index\\\/#website\"},\"primaryImageOfPage\":{\"@id\":\"https:\\\/\\\/destinocastillayleon.es\\\/index\\\/donde-comer-en-castilla-y-leon\\\/#primaryimage\"},\"image\":{\"@id\":\"https:\\\/\\\/destinocastillayleon.es\\\/index\\\/donde-comer-en-castilla-y-leon\\\/#primaryimage\"},\"thumbnailUrl\":\"http:\\\/\\\/destinocastillayleon.es\\\/index\\\/wp-content\\\/uploads\\\/2016\\\/02\\\/7a109136c5fa7470df44ace3e9f69586.png\",\"datePublished\":\"2014-02-19T10:44:24+00:00\",\"dateModified\":\"2016-09-22T09:17:00+00:00\",\"description\":\"Descubre, a tav\u00e9s de nuestra experiencia, d\u00f3nde comer en Castilla y Le\u00f3n, seg\u00fan nuestras diferentes visitas por bares y restaurantes de Castilla y Le\u00f3n\",\"breadcrumb\":{\"@id\":\"https:\\\/\\\/destinocastillayleon.es\\\/index\\\/donde-comer-en-castilla-y-leon\\\/#breadcrumb\"},\"inLanguage\":\"es\",\"potentialAction\":[{\"@type\":\"ReadAction\",\"target\":[\"https:\\\/\\\/destinocastillayleon.es\\\/index\\\/donde-comer-en-castilla-y-leon\\\/\"]}]},{\"@type\":\"ImageObject\",\"inLanguage\":\"es\",\"@id\":\"https:\\\/\\\/destinocastillayleon.es\\\/index\\\/donde-comer-en-castilla-y-leon\\\/#primaryimage\",\"url\":\"http:\\\/\\\/destinocastillayleon.es\\\/index\\\/wp-content\\\/uploads\\\/2016\\\/02\\\/7a109136c5fa7470df44ace3e9f69586.png\",\"contentUrl\":\"http:\\\/\\\/destinocastillayleon.es\\\/index\\\/wp-content\\\/uploads\\\/2016\\\/02\\\/7a109136c5fa7470df44ace3e9f69586.png\"},{\"@type\":\"BreadcrumbList\",\"@id\":\"https:\\\/\\\/destinocastillayleon.es\\\/index\\\/donde-comer-en-castilla-y-leon\\\/#breadcrumb\",\"itemListElement\":[{\"@type\":\"ListItem\",\"position\":1,\"name\":\"Portada\",\"item\":\"https:\\\/\\\/destinocastillayleon.es\\\/index\\\/\"},{\"@type\":\"ListItem\",\"position\":2,\"name\":\"D\u00f3nde comer en Castilla y Le\u00f3n\"}]},{\"@type\":\"WebSite\",\"@id\":\"https:\\\/\\\/destinocastillayleon.es\\\/index\\\/#website\",\"url\":\"https:\\\/\\\/destinocastillayleon.es\\\/index\\\/\",\"name\":\"Destino Castilla y Le\u00f3n\",\"description\":\"Medio digital independiente y revista de Castilla y Le\u00f3n dedicado al turismo, gastronom\u00eda y vino de Castilla y Le\u00f3n\",\"potentialAction\":[{\"@type\":\"SearchAction\",\"target\":{\"@type\":\"EntryPoint\",\"urlTemplate\":\"https:\\\/\\\/destinocastillayleon.es\\\/index\\\/?s={search_term_string}\"},\"query-input\":{\"@type\":\"PropertyValueSpecification\",\"valueRequired\":true,\"valueName\":\"search_term_string\"}}],\"inLanguage\":\"es\"}]}<\/script>\n<!-- \/ Yoast SEO Premium plugin. -->","yoast_head_json":{"title":"Descubres lugares interesantes d\u00f3nde comer en Castilla y Le\u00f3n","description":"Descubre, a tav\u00e9s de nuestra experiencia, d\u00f3nde comer en Castilla y Le\u00f3n, seg\u00fan nuestras diferentes visitas por bares y restaurantes de Castilla y Le\u00f3n","robots":{"index":"index","follow":"follow","max-snippet":"max-snippet:-1","max-image-preview":"max-image-preview:large","max-video-preview":"max-video-preview:-1"},"canonical":"https:\/\/destinocastillayleon.es\/index\/donde-comer-en-castilla-y-leon\/","og_locale":"es_ES","og_type":"article","og_title":"Descubre d\u00f3nde comer en Castilla y Le\u00f3n en base a nuestra experiencia","og_description":"Descubre, a tav\u00e9s de nuestra experiencia, d\u00f3nde comer en Castilla y Le\u00f3n, seg\u00fan nuestras diferentes visitas por bares y restaurantes de Castilla y Le\u00f3n","og_url":"https:\/\/destinocastillayleon.es\/index\/donde-comer-en-castilla-y-leon\/","og_site_name":"Destino Castilla y Le\u00f3n","article_publisher":"https:\/\/www.facebook.com\/DestinoCastillaYLeon\/","article_modified_time":"2016-09-22T09:17:00+00:00","og_image":[{"url":"http:\/\/destinocastillayleon.es\/index\/wp-content\/uploads\/2016\/02\/7a109136c5fa7470df44ace3e9f69586.png","type":"","width":"","height":""}],"twitter_card":"summary_large_image","twitter_title":"Descubre d\u00f3nde comer en Castilla y Le\u00f3n en base a nuestra experiencia","twitter_description":"Descubre, a tav\u00e9s de nuestra experiencia, d\u00f3nde comer en Castilla y Le\u00f3n, seg\u00fan nuestras diferentes visitas por bares y restaurantes de Castilla y Le\u00f3n","twitter_site":"@destinocyl","schema":{"@context":"https:\/\/schema.org","@graph":[{"@type":"WebPage","@id":"https:\/\/destinocastillayleon.es\/index\/donde-comer-en-castilla-y-leon\/","url":"https:\/\/destinocastillayleon.es\/index\/donde-comer-en-castilla-y-leon\/","name":"Descubres lugares interesantes d\u00f3nde comer en Castilla y Le\u00f3n","isPartOf":{"@id":"https:\/\/destinocastillayleon.es\/index\/#website"},"primaryImageOfPage":{"@id":"https:\/\/destinocastillayleon.es\/index\/donde-comer-en-castilla-y-leon\/#primaryimage"},"image":{"@id":"https:\/\/destinocastillayleon.es\/index\/donde-comer-en-castilla-y-leon\/#primaryimage"},"thumbnailUrl":"http:\/\/destinocastillayleon.es\/index\/wp-content\/uploads\/2016\/02\/7a109136c5fa7470df44ace3e9f69586.png","datePublished":"2014-02-19T10:44:24+00:00","dateModified":"2016-09-22T09:17:00+00:00","description":"Descubre, a tav\u00e9s de nuestra experiencia, d\u00f3nde comer en Castilla y Le\u00f3n, seg\u00fan nuestras diferentes visitas por bares y restaurantes de Castilla y Le\u00f3n","breadcrumb":{"@id":"https:\/\/destinocastillayleon.es\/index\/donde-comer-en-castilla-y-leon\/#breadcrumb"},"inLanguage":"es","potentialAction":[{"@type":"ReadAction","target":["https:\/\/destinocastillayleon.es\/index\/donde-comer-en-castilla-y-leon\/"]}]},{"@type":"ImageObject","inLanguage":"es","@id":"https:\/\/destinocastillayleon.es\/index\/donde-comer-en-castilla-y-leon\/#primaryimage","url":"http:\/\/destinocastillayleon.es\/index\/wp-content\/uploads\/2016\/02\/7a109136c5fa7470df44ace3e9f69586.png","contentUrl":"http:\/\/destinocastillayleon.es\/index\/wp-content\/uploads\/2016\/02\/7a109136c5fa7470df44ace3e9f69586.png"},{"@type":"BreadcrumbList","@id":"https:\/\/destinocastillayleon.es\/index\/donde-comer-en-castilla-y-leon\/#breadcrumb","itemListElement":[{"@type":"ListItem","position":1,"name":"Portada","item":"https:\/\/destinocastillayleon.es\/index\/"},{"@type":"ListItem","position":2,"name":"D\u00f3nde comer en Castilla y Le\u00f3n"}]},{"@type":"WebSite","@id":"https:\/\/destinocastillayleon.es\/index\/#website","url":"https:\/\/destinocastillayleon.es\/index\/","name":"Destino Castilla y Le\u00f3n","description":"Medio digital independiente y revista de Castilla y Le\u00f3n dedicado al turismo, gastronom\u00eda y vino de Castilla y Le\u00f3n","potentialAction":[{"@type":"SearchAction","target":{"@type":"EntryPoint","urlTemplate":"https:\/\/destinocastillayleon.es\/index\/?s={search_term_string}"},"query-input":{"@type":"PropertyValueSpecification","valueRequired":true,"valueName":"search_term_string"}}],"inLanguage":"es"}]}},"_links":{"self":[{"href":"https:\/\/destinocastillayleon.es\/index\/wp-json\/wp\/v2\/pages\/11494","targetHints":{"allow":["GET"]}}],"collection":[{"href":"https:\/\/destinocastillayleon.es\/index\/wp-json\/wp\/v2\/pages"}],"about":[{"href":"https:\/\/destinocastillayleon.es\/index\/wp-json\/wp\/v2\/types\/page"}],"author":[{"embeddable":true,"href":"https:\/\/destinocastillayleon.es\/index\/wp-json\/wp\/v2\/users\/2"}],"replies":[{"embeddable":true,"href":"https:\/\/destinocastillayleon.es\/index\/wp-json\/wp\/v2\/comments?post=11494"}],"version-history":[{"count":25,"href":"https:\/\/destinocastillayleon.es\/index\/wp-json\/wp\/v2\/pages\/11494\/revisions"}],"predecessor-version":[{"id":23487,"href":"https:\/\/destinocastillayleon.es\/index\/wp-json\/wp\/v2\/pages\/11494\/revisions\/23487"}],"wp:attachment":[{"href":"https:\/\/destinocastillayleon.es\/index\/wp-json\/wp\/v2\/media?parent=11494"}],"curies":[{"name":"wp","href":"https:\/\/api.w.org\/{rel}","templated":true}]}}