{"id":11478,"date":"2014-02-18T23:25:48","date_gmt":"2014-02-18T23:25:48","guid":{"rendered":"http:\/\/destinocastillayleon.es\/index\/?page_id=11478"},"modified":"2018-08-22T22:47:04","modified_gmt":"2018-08-22T20:47:04","slug":"visitando-bodegas","status":"publish","type":"page","link":"https:\/\/destinocastillayleon.es\/index\/turismo-enologico\/visitando-bodegas\/","title":{"rendered":"Visitando bodegas"},"content":{"rendered":"<p>[vc_row][vc_column width=\u00bb5\/6&#8243;][vc_column_text]<\/p>\n<p><center><\/p>\n<h1><strong>Queremos compartir nuestras experiencias vividas realizando enoturismo y visitando bodegas de Castilla y Le\u00f3n<\/strong><\/h1>\n<p>Algunas de estas experiencias las puedes vivir en primera persona, ya que puedes <strong>reservar <u>una visita de enoturismo en nuestra tienda de experiencias online<\/u>, <a href=\"http:\/\/www.destinoysabor.com\" rel=\"noopener\" target=\"_blank\">Destino y Sabor<\/a><\/strong>.<\/centER><\/p>\n<p>[\/vc_column_text][vc_empty_space][mnky_posts_grid grid_layout=\u00bbmpg-layout-6&#8243; label_hide=\u00bboff\u00bb cat_hide=\u00bboff\u00bb comments_hide=\u00bboff\u00bb views_hide=\u00bboff\u00bb post_format_hide=\u00bboff\u00bb post_format_text_hide=\u00bboff\u00bb no_duplicate=\u00bbyes\u00bb post_type=\u00bbpost\u00bb category_1=\u00bbVisitando_Bodegas\u00bb category_2=\u00bbVisitando_Bodegas\u00bb category_3=\u00bbVisitando_Bodegas\u00bb category_4=\u00bbVisitando_Bodegas\u00bb][vc_empty_space][mnky_posts column_layout=\u00bbcolumn-count-3&#8243; title_size=\u00bb12px.\u00bb content_type=\u00bbexcerpt\u00bb label_hide=\u00bboff\u00bb rating_hide=\u00bboff\u00bb cat_hide=\u00bboff\u00bb comments_hide=\u00bboff\u00bb views_hide=\u00bboff\u00bb post_format_hide=\u00bboff\u00bb no_duplicate=\u00bbyes\u00bb posts_per_page=\u00bb40&#8243; taxonomy=\u00bbcategory\u00bb el_id=\u00bb1534965186474-1a39298e-244b\u00bb category=\u00bbvisitando_bodegas\u00bb][\/vc_column][vc_column width=\u00bb1\/6&#8243;][vc_widget_sidebar sidebar_id=\u00bbcs-11&#8243;][\/vc_column][\/vc_row]<\/p>\n","protected":false},"excerpt":{"rendered":"<p>[vc_row][vc_column width=\u00bb5\/6&#8243;][vc_column_text] Queremos compartir nuestras experiencias vividas realizando enoturismo y visitando bodegas de Castilla y Le\u00f3n Algunas de estas experiencias las puedes vivir en primera persona, ya que puedes reservar una visita de enoturismo en nuestra tienda de experiencias online, Destino y Sabor. [\/vc_column_text][vc_empty_space][mnky_posts_grid grid_layout=\u00bbmpg-layout-6&#8243; label_hide=\u00bboff\u00bb cat_hide=\u00bboff\u00bb comments_hide=\u00bboff\u00bb views_hide=\u00bboff\u00bb post_format_hide=\u00bboff\u00bb post_format_text_hide=\u00bboff\u00bb no_duplicate=\u00bbyes\u00bb post_type=\u00bbpost\u00bb category_1=\u00bbVisitando_Bodegas\u00bb category_2=\u00bbVisitando_Bodegas\u00bb category_3=\u00bbVisitando_Bodegas\u00bb category_4=\u00bbVisitando_Bodegas\u00bb][vc_empty_space][mnky_posts column_layout=\u00bbcolumn-count-3&#8243; title_size=\u00bb12px.\u00bb content_type=\u00bbexcerpt\u00bb label_hide=\u00bboff\u00bb rating_hide=\u00bboff\u00bb cat_hide=\u00bboff\u00bb comments_hide=\u00bboff\u00bb views_hide=\u00bboff\u00bb post_format_hide=\u00bboff\u00bb no_duplicate=\u00bbyes\u00bb posts_per_page=\u00bb40&#8243; taxonomy=\u00bbcategory\u00bb el_id=\u00bb1534965186474-1a39298e-244b\u00bb category=\u00bbvisitando_bodegas\u00bb][\/vc_column][vc_column width=\u00bb1\/6&#8243;][vc_widget_sidebar sidebar_id=\u00bbcs-11&#8243;][\/vc_column][\/vc_row]<\/p>\n","protected":false},"author":2,"featured_media":0,"parent":19885,"menu_order":0,"comment_status":"open","ping_status":"closed","template":"","meta":{"footnotes":""},"class_list":["post-11478","page","type-page","status-publish","hentry"],"yoast_head":"<!-- This site is optimized with the Yoast SEO Premium plugin v20.4 (Yoast SEO v20.4) - https:\/\/yoast.com\/wordpress\/plugins\/seo\/ -->\n<title>Visitando bodegas de Castilla y Le\u00f3n - Destino Castilla y Le\u00f3n<\/title>\n<meta name=\"description\" content=\"Recopilaci\u00f3n de nuestas experiencias visitando bodegas en Castilla y Le\u00f3n por sus diferentes Denominaciones de Origen y Vinos de la Tierra\" \/>\n<meta name=\"robots\" content=\"index, follow, max-snippet:-1, max-image-preview:large, max-video-preview:-1\" \/>\n<link rel=\"canonical\" href=\"https:\/\/destinocastillayleon.es\/index\/turismo-enologico\/visitando-bodegas\/\" \/>\n<meta property=\"og:locale\" content=\"es_ES\" \/>\n<meta property=\"og:type\" content=\"article\" \/>\n<meta property=\"og:title\" content=\"Visitando bodegas\" \/>\n<meta property=\"og:description\" content=\"Recopilaci\u00f3n de nuestas experiencias visitando bodegas en Castilla y Le\u00f3n por sus diferentes Denominaciones de Origen y Vinos de la Tierra\" \/>\n<meta property=\"og:url\" content=\"https:\/\/destinocastillayleon.es\/index\/turismo-enologico\/visitando-bodegas\/\" \/>\n<meta property=\"og:site_name\" content=\"Destino Castilla y Le\u00f3n\" \/>\n<meta property=\"article:publisher\" content=\"https:\/\/www.facebook.com\/DestinoCastillaYLeon\/\" \/>\n<meta property=\"article:modified_time\" content=\"2018-08-22T20:47:04+00:00\" \/>\n<meta name=\"twitter:card\" content=\"summary_large_image\" \/>\n<meta name=\"twitter:site\" content=\"@destinocyl\" \/>\n<meta name=\"twitter:label1\" content=\"Tiempo de lectura\" \/>\n\t<meta name=\"twitter:data1\" content=\"1 minuto\" \/>\n<script type=\"application\/ld+json\" class=\"yoast-schema-graph\">{\"@context\":\"https:\/\/schema.org\",\"@graph\":[{\"@type\":\"WebPage\",\"@id\":\"https:\/\/destinocastillayleon.es\/index\/turismo-enologico\/visitando-bodegas\/\",\"url\":\"https:\/\/destinocastillayleon.es\/index\/turismo-enologico\/visitando-bodegas\/\",\"name\":\"Visitando bodegas de Castilla y Le\u00f3n - Destino Castilla y Le\u00f3n\",\"isPartOf\":{\"@id\":\"https:\/\/destinocastillayleon.es\/index\/#website\"},\"datePublished\":\"2014-02-18T23:25:48+00:00\",\"dateModified\":\"2018-08-22T20:47:04+00:00\",\"description\":\"Recopilaci\u00f3n de nuestas experiencias visitando bodegas en Castilla y Le\u00f3n por sus diferentes Denominaciones de Origen y Vinos de la Tierra\",\"breadcrumb\":{\"@id\":\"https:\/\/destinocastillayleon.es\/index\/turismo-enologico\/visitando-bodegas\/#breadcrumb\"},\"inLanguage\":\"es\",\"potentialAction\":[{\"@type\":\"ReadAction\",\"target\":[\"https:\/\/destinocastillayleon.es\/index\/turismo-enologico\/visitando-bodegas\/\"]}]},{\"@type\":\"BreadcrumbList\",\"@id\":\"https:\/\/destinocastillayleon.es\/index\/turismo-enologico\/visitando-bodegas\/#breadcrumb\",\"itemListElement\":[{\"@type\":\"ListItem\",\"position\":1,\"name\":\"Portada\",\"item\":\"https:\/\/destinocastillayleon.es\/index\/\"},{\"@type\":\"ListItem\",\"position\":2,\"name\":\"Turismo enol\u00f3gico\",\"item\":\"https:\/\/destinocastillayleon.es\/index\/turismo-enologico\/\"},{\"@type\":\"ListItem\",\"position\":3,\"name\":\"Visitando bodegas\"}]},{\"@type\":\"WebSite\",\"@id\":\"https:\/\/destinocastillayleon.es\/index\/#website\",\"url\":\"https:\/\/destinocastillayleon.es\/index\/\",\"name\":\"Destino Castilla y Le\u00f3n\",\"description\":\"Medio digital independiente y revista de Castilla y Le\u00f3n dedicado al turismo, gastronom\u00eda y vino de Castilla y Le\u00f3n\",\"potentialAction\":[{\"@type\":\"SearchAction\",\"target\":{\"@type\":\"EntryPoint\",\"urlTemplate\":\"https:\/\/destinocastillayleon.es\/index\/?s={search_term_string}\"},\"query-input\":\"required name=search_term_string\"}],\"inLanguage\":\"es\"}]}<\/script>\n<!-- \/ Yoast SEO Premium plugin. -->","yoast_head_json":{"title":"Visitando bodegas de Castilla y Le\u00f3n - Destino Castilla y Le\u00f3n","description":"Recopilaci\u00f3n de nuestas experiencias visitando bodegas en Castilla y Le\u00f3n por sus diferentes Denominaciones de Origen y Vinos de la Tierra","robots":{"index":"index","follow":"follow","max-snippet":"max-snippet:-1","max-image-preview":"max-image-preview:large","max-video-preview":"max-video-preview:-1"},"canonical":"https:\/\/destinocastillayleon.es\/index\/turismo-enologico\/visitando-bodegas\/","og_locale":"es_ES","og_type":"article","og_title":"Visitando bodegas","og_description":"Recopilaci\u00f3n de nuestas experiencias visitando bodegas en Castilla y Le\u00f3n por sus diferentes Denominaciones de Origen y Vinos de la Tierra","og_url":"https:\/\/destinocastillayleon.es\/index\/turismo-enologico\/visitando-bodegas\/","og_site_name":"Destino Castilla y Le\u00f3n","article_publisher":"https:\/\/www.facebook.com\/DestinoCastillaYLeon\/","article_modified_time":"2018-08-22T20:47:04+00:00","twitter_card":"summary_large_image","twitter_site":"@destinocyl","twitter_misc":{"Tiempo de lectura":"1 minuto"},"schema":{"@context":"https:\/\/schema.org","@graph":[{"@type":"WebPage","@id":"https:\/\/destinocastillayleon.es\/index\/turismo-enologico\/visitando-bodegas\/","url":"https:\/\/destinocastillayleon.es\/index\/turismo-enologico\/visitando-bodegas\/","name":"Visitando bodegas de Castilla y Le\u00f3n - Destino Castilla y Le\u00f3n","isPartOf":{"@id":"https:\/\/destinocastillayleon.es\/index\/#website"},"datePublished":"2014-02-18T23:25:48+00:00","dateModified":"2018-08-22T20:47:04+00:00","description":"Recopilaci\u00f3n de nuestas experiencias visitando bodegas en Castilla y Le\u00f3n por sus diferentes Denominaciones de Origen y Vinos de la Tierra","breadcrumb":{"@id":"https:\/\/destinocastillayleon.es\/index\/turismo-enologico\/visitando-bodegas\/#breadcrumb"},"inLanguage":"es","potentialAction":[{"@type":"ReadAction","target":["https:\/\/destinocastillayleon.es\/index\/turismo-enologico\/visitando-bodegas\/"]}]},{"@type":"BreadcrumbList","@id":"https:\/\/destinocastillayleon.es\/index\/turismo-enologico\/visitando-bodegas\/#breadcrumb","itemListElement":[{"@type":"ListItem","position":1,"name":"Portada","item":"https:\/\/destinocastillayleon.es\/index\/"},{"@type":"ListItem","position":2,"name":"Turismo enol\u00f3gico","item":"https:\/\/destinocastillayleon.es\/index\/turismo-enologico\/"},{"@type":"ListItem","position":3,"name":"Visitando bodegas"}]},{"@type":"WebSite","@id":"https:\/\/destinocastillayleon.es\/index\/#website","url":"https:\/\/destinocastillayleon.es\/index\/","name":"Destino Castilla y Le\u00f3n","description":"Medio digital independiente y revista de Castilla y Le\u00f3n dedicado al turismo, gastronom\u00eda y vino de Castilla y Le\u00f3n","potentialAction":[{"@type":"SearchAction","target":{"@type":"EntryPoint","urlTemplate":"https:\/\/destinocastillayleon.es\/index\/?s={search_term_string}"},"query-input":"required name=search_term_string"}],"inLanguage":"es"}]}},"_links":{"self":[{"href":"https:\/\/destinocastillayleon.es\/index\/wp-json\/wp\/v2\/pages\/11478","targetHints":{"allow":["GET"]}}],"collection":[{"href":"https:\/\/destinocastillayleon.es\/index\/wp-json\/wp\/v2\/pages"}],"about":[{"href":"https:\/\/destinocastillayleon.es\/index\/wp-json\/wp\/v2\/types\/page"}],"author":[{"embeddable":true,"href":"https:\/\/destinocastillayleon.es\/index\/wp-json\/wp\/v2\/users\/2"}],"replies":[{"embeddable":true,"href":"https:\/\/destinocastillayleon.es\/index\/wp-json\/wp\/v2\/comments?post=11478"}],"version-history":[{"count":12,"href":"https:\/\/destinocastillayleon.es\/index\/wp-json\/wp\/v2\/pages\/11478\/revisions"}],"predecessor-version":[{"id":28691,"href":"https:\/\/destinocastillayleon.es\/index\/wp-json\/wp\/v2\/pages\/11478\/revisions\/28691"}],"up":[{"embeddable":true,"href":"https:\/\/destinocastillayleon.es\/index\/wp-json\/wp\/v2\/pages\/19885"}],"wp:attachment":[{"href":"https:\/\/destinocastillayleon.es\/index\/wp-json\/wp\/v2\/media?parent=11478"}],"curies":[{"name":"wp","href":"https:\/\/api.w.org\/{rel}","templated":true}]}}