{"id":10652,"date":"2014-01-31T18:03:37","date_gmt":"2014-01-31T18:03:37","guid":{"rendered":"http:\/\/destinocastillayleon.es\/index\/?page_id=10652"},"modified":"2017-05-03T23:36:55","modified_gmt":"2017-05-03T21:36:55","slug":"destino-castilla-y-leon","status":"publish","type":"page","link":"https:\/\/destinocastillayleon.es\/index\/destino-castilla-y-leon\/","title":{"rendered":"Destino Castilla y Le\u00f3n &#8211; Home"},"content":{"rendered":"","protected":false},"excerpt":{"rendered":"","protected":false},"author":2,"featured_media":0,"parent":0,"menu_order":0,"comment_status":"open","ping_status":"closed","template":"template-homepage.php","meta":{"rop_custom_images_group":[],"rop_custom_messages_group":[],"rop_publish_now":"initial","rop_publish_now_accounts":{"twitter_1150954226_1150954226":""},"rop_publish_now_history":[],"rop_publish_now_status":"pending","footnotes":""},"class_list":["post-10652","page","type-page","status-publish","hentry"],"yoast_head":"<!-- This site is optimized with the Yoast SEO Premium plugin v20.4 (Yoast SEO v27.4) - https:\/\/yoast.com\/product\/yoast-seo-premium-wordpress\/ -->\n<title>Destino Castilla y Le\u00f3n, Home del blog y magazine digital<\/title>\n<meta name=\"description\" content=\"Destino Castilla y Le\u00f3n es una web y revista digital de Castilla y Le\u00f3n gratuita e independiente. Hablamos de turismo, gastronom\u00eda, vino, moda y tendencias\" \/>\n<meta name=\"robots\" content=\"index, follow, max-snippet:-1, max-image-preview:large, max-video-preview:-1\" \/>\n<link rel=\"canonical\" href=\"https:\/\/destinocastillayleon.es\/index\/destino-castilla-y-leon\/\" \/>\n<meta property=\"og:locale\" content=\"es_ES\" \/>\n<meta property=\"og:type\" content=\"article\" \/>\n<meta property=\"og:title\" content=\"Destino Castilla y Le\u00f3n, Home del blog y magazine digital\" \/>\n<meta property=\"og:description\" content=\"Blog de turismo, gastronom\u00eda y vino en Castilla y Le\u00f3n. Toda la actualidad gastron\u00f3mica y cultural: actividades, eventos, escapadas y experiencias.\" \/>\n<meta property=\"og:url\" content=\"https:\/\/destinocastillayleon.es\/index\/destino-castilla-y-leon\/\" \/>\n<meta property=\"og:site_name\" content=\"Destino Castilla y Le\u00f3n\" \/>\n<meta property=\"article:publisher\" content=\"https:\/\/www.facebook.com\/DestinoCastillaYLeon\/\" \/>\n<meta property=\"article:modified_time\" content=\"2017-05-03T21:36:55+00:00\" \/>\n<meta name=\"twitter:card\" content=\"summary_large_image\" \/>\n<meta name=\"twitter:title\" content=\"Destino Castilla y Le\u00f3n, Home del blog y magazine digital\" \/>\n<meta name=\"twitter:description\" content=\"Blog de turismo, gastronom\u00eda y vino en Castilla y Le\u00f3n. Toda la actualidad gastron\u00f3mica y cultural: actividades, eventos, escapadas y experiencias.\" \/>\n<meta name=\"twitter:site\" content=\"@destinocyl\" \/>\n<script type=\"application\/ld+json\" class=\"yoast-schema-graph\">{\"@context\":\"https:\\\/\\\/schema.org\",\"@graph\":[{\"@type\":\"WebPage\",\"@id\":\"https:\\\/\\\/destinocastillayleon.es\\\/index\\\/destino-castilla-y-leon\\\/\",\"url\":\"https:\\\/\\\/destinocastillayleon.es\\\/index\\\/destino-castilla-y-leon\\\/\",\"name\":\"Destino Castilla y Le\u00f3n, Home del blog y magazine digital\",\"isPartOf\":{\"@id\":\"https:\\\/\\\/destinocastillayleon.es\\\/index\\\/#website\"},\"datePublished\":\"2014-01-31T18:03:37+00:00\",\"dateModified\":\"2017-05-03T21:36:55+00:00\",\"description\":\"Destino Castilla y Le\u00f3n es una web y revista digital de Castilla y Le\u00f3n gratuita e independiente. Hablamos de turismo, gastronom\u00eda, vino, moda y tendencias\",\"breadcrumb\":{\"@id\":\"https:\\\/\\\/destinocastillayleon.es\\\/index\\\/destino-castilla-y-leon\\\/#breadcrumb\"},\"inLanguage\":\"es\",\"potentialAction\":[{\"@type\":\"ReadAction\",\"target\":[\"https:\\\/\\\/destinocastillayleon.es\\\/index\\\/destino-castilla-y-leon\\\/\"]}]},{\"@type\":\"BreadcrumbList\",\"@id\":\"https:\\\/\\\/destinocastillayleon.es\\\/index\\\/destino-castilla-y-leon\\\/#breadcrumb\",\"itemListElement\":[{\"@type\":\"ListItem\",\"position\":1,\"name\":\"Portada\",\"item\":\"https:\\\/\\\/destinocastillayleon.es\\\/index\\\/\"},{\"@type\":\"ListItem\",\"position\":2,\"name\":\"Destino Castilla y Le\u00f3n &#8211; Home\"}]},{\"@type\":\"WebSite\",\"@id\":\"https:\\\/\\\/destinocastillayleon.es\\\/index\\\/#website\",\"url\":\"https:\\\/\\\/destinocastillayleon.es\\\/index\\\/\",\"name\":\"Destino Castilla y Le\u00f3n\",\"description\":\"Medio digital independiente y revista de Castilla y Le\u00f3n dedicado al turismo, gastronom\u00eda y vino de Castilla y Le\u00f3n\",\"potentialAction\":[{\"@type\":\"SearchAction\",\"target\":{\"@type\":\"EntryPoint\",\"urlTemplate\":\"https:\\\/\\\/destinocastillayleon.es\\\/index\\\/?s={search_term_string}\"},\"query-input\":{\"@type\":\"PropertyValueSpecification\",\"valueRequired\":true,\"valueName\":\"search_term_string\"}}],\"inLanguage\":\"es\"}]}<\/script>\n<!-- \/ Yoast SEO Premium plugin. -->","yoast_head_json":{"title":"Destino Castilla y Le\u00f3n, Home del blog y magazine digital","description":"Destino Castilla y Le\u00f3n es una web y revista digital de Castilla y Le\u00f3n gratuita e independiente. Hablamos de turismo, gastronom\u00eda, vino, moda y tendencias","robots":{"index":"index","follow":"follow","max-snippet":"max-snippet:-1","max-image-preview":"max-image-preview:large","max-video-preview":"max-video-preview:-1"},"canonical":"https:\/\/destinocastillayleon.es\/index\/destino-castilla-y-leon\/","og_locale":"es_ES","og_type":"article","og_title":"Destino Castilla y Le\u00f3n, Home del blog y magazine digital","og_description":"Blog de turismo, gastronom\u00eda y vino en Castilla y Le\u00f3n. Toda la actualidad gastron\u00f3mica y cultural: actividades, eventos, escapadas y experiencias.","og_url":"https:\/\/destinocastillayleon.es\/index\/destino-castilla-y-leon\/","og_site_name":"Destino Castilla y Le\u00f3n","article_publisher":"https:\/\/www.facebook.com\/DestinoCastillaYLeon\/","article_modified_time":"2017-05-03T21:36:55+00:00","twitter_card":"summary_large_image","twitter_title":"Destino Castilla y Le\u00f3n, Home del blog y magazine digital","twitter_description":"Blog de turismo, gastronom\u00eda y vino en Castilla y Le\u00f3n. Toda la actualidad gastron\u00f3mica y cultural: actividades, eventos, escapadas y experiencias.","twitter_site":"@destinocyl","schema":{"@context":"https:\/\/schema.org","@graph":[{"@type":"WebPage","@id":"https:\/\/destinocastillayleon.es\/index\/destino-castilla-y-leon\/","url":"https:\/\/destinocastillayleon.es\/index\/destino-castilla-y-leon\/","name":"Destino Castilla y Le\u00f3n, Home del blog y magazine digital","isPartOf":{"@id":"https:\/\/destinocastillayleon.es\/index\/#website"},"datePublished":"2014-01-31T18:03:37+00:00","dateModified":"2017-05-03T21:36:55+00:00","description":"Destino Castilla y Le\u00f3n es una web y revista digital de Castilla y Le\u00f3n gratuita e independiente. Hablamos de turismo, gastronom\u00eda, vino, moda y tendencias","breadcrumb":{"@id":"https:\/\/destinocastillayleon.es\/index\/destino-castilla-y-leon\/#breadcrumb"},"inLanguage":"es","potentialAction":[{"@type":"ReadAction","target":["https:\/\/destinocastillayleon.es\/index\/destino-castilla-y-leon\/"]}]},{"@type":"BreadcrumbList","@id":"https:\/\/destinocastillayleon.es\/index\/destino-castilla-y-leon\/#breadcrumb","itemListElement":[{"@type":"ListItem","position":1,"name":"Portada","item":"https:\/\/destinocastillayleon.es\/index\/"},{"@type":"ListItem","position":2,"name":"Destino Castilla y Le\u00f3n &#8211; Home"}]},{"@type":"WebSite","@id":"https:\/\/destinocastillayleon.es\/index\/#website","url":"https:\/\/destinocastillayleon.es\/index\/","name":"Destino Castilla y Le\u00f3n","description":"Medio digital independiente y revista de Castilla y Le\u00f3n dedicado al turismo, gastronom\u00eda y vino de Castilla y Le\u00f3n","potentialAction":[{"@type":"SearchAction","target":{"@type":"EntryPoint","urlTemplate":"https:\/\/destinocastillayleon.es\/index\/?s={search_term_string}"},"query-input":{"@type":"PropertyValueSpecification","valueRequired":true,"valueName":"search_term_string"}}],"inLanguage":"es"}]}},"_links":{"self":[{"href":"https:\/\/destinocastillayleon.es\/index\/wp-json\/wp\/v2\/pages\/10652","targetHints":{"allow":["GET"]}}],"collection":[{"href":"https:\/\/destinocastillayleon.es\/index\/wp-json\/wp\/v2\/pages"}],"about":[{"href":"https:\/\/destinocastillayleon.es\/index\/wp-json\/wp\/v2\/types\/page"}],"author":[{"embeddable":true,"href":"https:\/\/destinocastillayleon.es\/index\/wp-json\/wp\/v2\/users\/2"}],"replies":[{"embeddable":true,"href":"https:\/\/destinocastillayleon.es\/index\/wp-json\/wp\/v2\/comments?post=10652"}],"version-history":[{"count":21,"href":"https:\/\/destinocastillayleon.es\/index\/wp-json\/wp\/v2\/pages\/10652\/revisions"}],"predecessor-version":[{"id":25364,"href":"https:\/\/destinocastillayleon.es\/index\/wp-json\/wp\/v2\/pages\/10652\/revisions\/25364"}],"wp:attachment":[{"href":"https:\/\/destinocastillayleon.es\/index\/wp-json\/wp\/v2\/media?parent=10652"}],"curies":[{"name":"wp","href":"https:\/\/api.w.org\/{rel}","templated":true}]}}